{"id":877,"date":"2020-10-09T05:32:17","date_gmt":"2020-10-09T05:32:17","guid":{"rendered":"https:\/\/fn.se\/intebarasnack\/?page_id=877"},"modified":"2020-10-23T10:22:37","modified_gmt":"2020-10-23T10:22:37","slug":"en-intebarasnack-coach-kontaktar-er","status":"publish","type":"page","link":"https:\/\/fn.se\/intebarasnack\/ny-startsida\/engagera-dig\/en-intebarasnack-coach-kontaktar-er\/","title":{"rendered":"En #intebarasnack-coach kontaktar er"},"content":{"rendered":"<div class=\"breadcrumbs align  wp-block-bcn-breadcrumb-trail has-text-color has-background\" vocab=\"https:\/\/schema.org\/\" typeof=\"BreadcrumbList\">\n\t<span><\/span>\n\t<span property=\"itemListElement\" typeof=\"ListItem\"><a property=\"item\" typeof=\"WebPage\" title=\"G\u00e5 till FN-f\u00f6rbundet Sajter.\" href=\"https:\/\/fn.se\" class=\"main-home\" ><span property=\"name\">FN-f\u00f6rbundet Sajter<\/span><\/a><meta property=\"position\" content=\"1\"><\/span> &gt; <span property=\"itemListElement\" typeof=\"ListItem\"><a property=\"item\" typeof=\"WebPage\" title=\"G\u00e5 till Slutsnackat.\" href=\"https:\/\/fn.se\/intebarasnack\" class=\"home\" aria-current=\"page\"><span property=\"name\">Slutsnackat<\/span><\/a><meta property=\"position\" content=\"2\"><\/span><\/div>\n\n\n\n<div style=\"height:35px\" aria-hidden=\"true\" class=\"wp-block-spacer\"><\/div>\n\n\n\n<p>V\u00e5ra coacher \u00e4r till f\u00f6r att svara p\u00e5 era fr\u00e5gor. De kan f\u00f6rklara Globala m\u00e5len, s\u00e5 klart, men ocks\u00e5 ge r\u00e5d och tips om hur just ni kan lyckas med ert initiativ.<\/p>\n\n\n\n<p>Vi parar ihop er med en coach som finns i eller n\u00e4ra den kommunen ni h\u00f6r hemma i.<\/p>\n\n\n\n<p>V\u00e5ra coacher \u00e4r handplockade f\u00f6r #intebarasnack och \u00e4r utbildade av FN-f\u00f6rbundet. <em><u><a href=\"https:\/\/fn.se\/intebarasnack\/vara-intebarasnack-coacher\/\" data-type=\"page\" data-id=\"891\">Se vilka v\u00e5ra coacher \u00e4r<\/a><\/u><\/em>.<\/p>\n\n\n\n<p>Coachen kommer skicka ett mejl till alla er i gruppen kort efter anm\u00e4lan. Har ni inte f\u00e5tt ett mejl fr\u00e5n en coach, maila till <a href=\"mailto:hej@fn.se\">hej@fn.se<\/a>. <\/p>\n\n\n\n<ol style=\"font-size: 20px\"><li><a href=\"https:\/\/fn.se\/intebarasnack\/borja-med-att-anmala-er\/\" data-type=\"page\" data-id=\"875\">Anm\u00e4lan<\/a> &gt; 2. N\u00e5gon av v\u00e5ra coacher kommer kontakta er<a href=\"https:\/\/fn.se\/intebarasnack\/en-intebarasnack-coach-kontaktar-er\/\" data-type=\"page\" data-id=\"877\"> &gt;<\/a>  <a href=\"https:\/\/fn.se\/intebarasnack\/satt-igang\/\" data-type=\"page\" data-id=\"879\">3. Kom ig\u00e5ng med initiativet  &gt; <\/a> <a href=\"https:\/\/fn.se\/intebarasnack\/inspirera-andra-att-gora-som-ni\/\" data-type=\"page\" data-id=\"881\">4. Inspirera andra att f\u00f6lja efter <\/a><\/li><\/ol>\n\n\n\n<p><\/p>\n","protected":false},"excerpt":{"rendered":"<p>V\u00e5ra coacher \u00e4r till f\u00f6r att svara p\u00e5 era fr\u00e5gor. De kan f\u00f6rklara Globala m\u00e5len, s\u00e5 klart, men ocks\u00e5 ge r\u00e5d och tips om hur just ni kan lyckas med ert initiativ. Vi parar ihop er med en coach som finns i eller n\u00e4ra den kommunen ni h\u00f6r hemma i. V\u00e5ra coacher \u00e4r handplockade f\u00f6r [&hellip;]<\/p>\n","protected":false},"author":224,"featured_media":0,"parent":870,"menu_order":0,"comment_status":"closed","ping_status":"closed","template":"","meta":{"_acf_changed":false,"footnotes":"","_links_to":"","_links_to_target":""},"class_list":["post-877","page","type-page","status-publish","hentry"],"acf":[],"_links":{"self":[{"href":"https:\/\/fn.se\/intebarasnack\/wp-json\/wp\/v2\/pages\/877","targetHints":{"allow":["GET"]}}],"collection":[{"href":"https:\/\/fn.se\/intebarasnack\/wp-json\/wp\/v2\/pages"}],"about":[{"href":"https:\/\/fn.se\/intebarasnack\/wp-json\/wp\/v2\/types\/page"}],"author":[{"embeddable":true,"href":"https:\/\/fn.se\/intebarasnack\/wp-json\/wp\/v2\/users\/224"}],"replies":[{"embeddable":true,"href":"https:\/\/fn.se\/intebarasnack\/wp-json\/wp\/v2\/comments?post=877"}],"version-history":[{"count":12,"href":"https:\/\/fn.se\/intebarasnack\/wp-json\/wp\/v2\/pages\/877\/revisions"}],"predecessor-version":[{"id":1295,"href":"https:\/\/fn.se\/intebarasnack\/wp-json\/wp\/v2\/pages\/877\/revisions\/1295"}],"up":[{"embeddable":true,"href":"https:\/\/fn.se\/intebarasnack\/wp-json\/wp\/v2\/pages\/870"}],"wp:attachment":[{"href":"https:\/\/fn.se\/intebarasnack\/wp-json\/wp\/v2\/media?parent=877"}],"curies":[{"name":"wp","href":"https:\/\/api.w.org\/{rel}","templated":true}]}}