{"id":870,"date":"2020-10-08T16:50:39","date_gmt":"2020-10-08T16:50:39","guid":{"rendered":"https:\/\/fn.se\/intebarasnack\/?page_id=870"},"modified":"2021-06-08T09:31:30","modified_gmt":"2021-06-08T09:31:30","slug":"engagera-dig","status":"publish","type":"page","link":"https:\/\/fn.se\/intebarasnack\/ny-startsida\/engagera-dig\/","title":{"rendered":"Delta i #intebarasnack"},"content":{"rendered":"\n<p><\/p>\n\n\n\n<div class=\"wp-block-cover has-background-dim\" style=\"min-height:390px;aspect-ratio:unset;\"><img loading=\"lazy\" decoding=\"async\" width=\"2560\" height=\"1708\" class=\"wp-block-cover__image-background wp-image-1024\" alt=\"\" src=\"https:\/\/fn.se\/intebarasnack\/wp-content\/uploads\/sites\/130\/2020\/10\/iStock-504530736-scaled.jpg\" data-object-fit=\"cover\" srcset=\"https:\/\/fn.se\/intebarasnack\/wp-content\/uploads\/sites\/130\/2020\/10\/iStock-504530736-scaled.jpg 2560w, https:\/\/fn.se\/intebarasnack\/wp-content\/uploads\/sites\/130\/2020\/10\/iStock-504530736-300x200.jpg 300w, https:\/\/fn.se\/intebarasnack\/wp-content\/uploads\/sites\/130\/2020\/10\/iStock-504530736-1024x683.jpg 1024w, https:\/\/fn.se\/intebarasnack\/wp-content\/uploads\/sites\/130\/2020\/10\/iStock-504530736-768x513.jpg 768w, https:\/\/fn.se\/intebarasnack\/wp-content\/uploads\/sites\/130\/2020\/10\/iStock-504530736-1536x1025.jpg 1536w, https:\/\/fn.se\/intebarasnack\/wp-content\/uploads\/sites\/130\/2020\/10\/iStock-504530736-2048x1367.jpg 2048w\" sizes=\"auto, (max-width: 2560px) 100vw, 2560px\" \/><div class=\"wp-block-cover__inner-container is-layout-flow wp-block-cover-is-layout-flow\">\n<h1 class=\"has-text-align-center wp-block-heading\">#intebarasnack<\/h1>\n\n\n\n<h2 class=\"has-text-align-center wp-block-heading\">H\u00e4r samlas vi som vill bidra till de globala m\u00e5len<\/h2>\n\n\n\n<p class=\"has-text-align-center\">V\u00e4lkommen! Kul att du har hittat hit!<\/p>\n\n\n\n<p class=\"has-text-align-center\"><\/p>\n<\/div><\/div>\n\n\n\n<h2 class=\"has-text-align-center wp-block-heading\">Delta i #intebarasnack<\/h2>\n\n\n\n<div class=\"wp-block-columns is-layout-flex wp-container-core-columns-is-layout-9d6595d7 wp-block-columns-is-layout-flex\">\n<div class=\"wp-block-column is-layout-flow wp-block-column-is-layout-flow\" style=\"flex-basis:28.7%\">\n<h3 class=\"wp-block-heading\">Anm\u00e4l er<\/h3>\n<\/div>\n\n\n\n<div class=\"wp-block-column is-layout-flow wp-block-column-is-layout-flow\">\n<h3 class=\"wp-block-heading\">F\u00e5 kontakt med #intebarasnack-coach<\/h3>\n<\/div>\n\n\n\n<div class=\"wp-block-column is-layout-flow wp-block-column-is-layout-flow\">\n<h3 class=\"wp-block-heading\">Kom ig\u00e5ng med initiativet<\/h3>\n<\/div>\n\n\n\n<div class=\"wp-block-column is-layout-flow wp-block-column-is-layout-flow\">\n<h3 class=\"wp-block-heading\">Inspirera andra att f\u00f6lja efter<\/h3>\n<\/div>\n<\/div>\n\n\n\n<div class=\"wp-block-columns is-layout-flex wp-container-core-columns-is-layout-9d6595d7 wp-block-columns-is-layout-flex\">\n<div class=\"wp-block-column is-layout-flow wp-block-column-is-layout-flow\"><\/div>\n\n\n\n<div class=\"wp-block-column is-layout-flow wp-block-column-is-layout-flow\"><\/div>\n<\/div>\n\n\n\n<p><\/p>\n","protected":false},"excerpt":{"rendered":"<p>Delta i #intebarasnack Anm\u00e4l er F\u00e5 kontakt med #intebarasnack-coach Kom ig\u00e5ng med initiativet Inspirera andra att f\u00f6lja efter<\/p>\n","protected":false},"author":224,"featured_media":0,"parent":1017,"menu_order":0,"comment_status":"closed","ping_status":"closed","template":"templates\/template-home.php","meta":{"_acf_changed":false,"footnotes":"","_links_to":"","_links_to_target":""},"class_list":["post-870","page","type-page","status-publish","hentry"],"acf":[],"_links":{"self":[{"href":"https:\/\/fn.se\/intebarasnack\/wp-json\/wp\/v2\/pages\/870","targetHints":{"allow":["GET"]}}],"collection":[{"href":"https:\/\/fn.se\/intebarasnack\/wp-json\/wp\/v2\/pages"}],"about":[{"href":"https:\/\/fn.se\/intebarasnack\/wp-json\/wp\/v2\/types\/page"}],"author":[{"embeddable":true,"href":"https:\/\/fn.se\/intebarasnack\/wp-json\/wp\/v2\/users\/224"}],"replies":[{"embeddable":true,"href":"https:\/\/fn.se\/intebarasnack\/wp-json\/wp\/v2\/comments?post=870"}],"version-history":[{"count":48,"href":"https:\/\/fn.se\/intebarasnack\/wp-json\/wp\/v2\/pages\/870\/revisions"}],"predecessor-version":[{"id":1324,"href":"https:\/\/fn.se\/intebarasnack\/wp-json\/wp\/v2\/pages\/870\/revisions\/1324"}],"up":[{"embeddable":true,"href":"https:\/\/fn.se\/intebarasnack\/wp-json\/wp\/v2\/pages\/1017"}],"wp:attachment":[{"href":"https:\/\/fn.se\/intebarasnack\/wp-json\/wp\/v2\/media?parent=870"}],"curies":[{"name":"wp","href":"https:\/\/api.w.org\/{rel}","templated":true}]}}