{"id":1089,"date":"2020-10-16T12:13:57","date_gmt":"2020-10-16T12:13:57","guid":{"rendered":"https:\/\/fn.se\/intebarasnack\/?page_id=1089"},"modified":"2020-10-16T13:36:36","modified_gmt":"2020-10-16T13:36:36","slug":"initiativ-bihotell","status":"publish","type":"page","link":"https:\/\/fn.se\/intebarasnack\/initiativ-bihotell\/","title":{"rendered":"Initiativ Bihotell"},"content":{"rendered":"\n<div class=\"wp-block-columns is-layout-flex wp-container-core-columns-is-layout-9d6595d7 wp-block-columns-is-layout-flex\">\n<div class=\"wp-block-column is-layout-flow wp-block-column-is-layout-flow\">\n<div class=\"wp-block-cover\" style=\"background-image:url(https:\/\/fn.se\/intebarasnack\/wp-content\/uploads\/sites\/130\/2020\/10\/hallon.jpg)\"><div class=\"wp-block-cover__inner-container is-layout-flow wp-block-cover-is-layout-flow\">\n<p class=\"has-text-align-center has-large-font-size\"><\/p>\n<\/div><\/div>\n\n\n\n<h3 class=\"wp-block-heading\">M\u00e5l 15: S\u00e4kra v\u00e4xtligheten och bevara bina<\/h3>\n\n\n\n<p>Det har byggts m\u00e5nga hus och v\u00e4gar i staden och v\u00e4xtligheten har minskat. De v\u00e4xter som finns har sv\u00e5rt att \u00f6verleva, eftersom det inte finns bin som kan polinera blommorna.&nbsp;<\/p>\n<\/div>\n\n\n\n<div class=\"wp-block-column is-layout-flow wp-block-column-is-layout-flow\">\n<div class=\"wp-block-cover\" style=\"background-image:url(https:\/\/fn.se\/intebarasnack\/wp-content\/uploads\/sites\/130\/2020\/10\/bihotell2.jpg)\"><div class=\"wp-block-cover__inner-container is-layout-flow wp-block-cover-is-layout-flow\">\n<p class=\"has-text-align-center has-large-font-size\"><\/p>\n<\/div><\/div>\n\n\n\n<h3 class=\"wp-block-heading\">Vi bygger bihotell<\/h3>\n\n\n\n<p>Genom att placera ut bihotell i en av stadens parker, kan fler bin f\u00f6das och polinera v\u00e4xterna i parken.&nbsp;<\/p>\n<\/div>\n\n\n\n<div class=\"wp-block-column is-layout-flow wp-block-column-is-layout-flow\">\n<div class=\"wp-block-cover\" style=\"background-image:url(https:\/\/fn.se\/intebarasnack\/wp-content\/uploads\/sites\/130\/2020\/10\/roses.jpg)\"><div class=\"wp-block-cover__inner-container is-layout-flow wp-block-cover-is-layout-flow\">\n<p class=\"has-text-align-center has-large-font-size\"><\/p>\n<\/div><\/div>\n\n\n\n<h3 class=\"wp-block-heading\">Resultat: Fler blommande v\u00e4xter i stadens parker<\/h3>\n\n\n\n<p>Tre m\u00e5nader efter utplaceringen av bihotell har blombest\u00e5ndet \u00f6kat fr\u00e5n 5 till 15 arter i ett specifikt omr\u00e5de av parken.&nbsp;<\/p>\n\n\n\n<p><\/p>\n\n\n\n<div class=\"wp-block-columns is-layout-flex wp-container-core-columns-is-layout-9d6595d7 wp-block-columns-is-layout-flex\">\n<div class=\"wp-block-column is-layout-flow wp-block-column-is-layout-flow\"><\/div>\n\n\n\n<div class=\"wp-block-column is-layout-flow wp-block-column-is-layout-flow\"><\/div>\n<\/div>\n<\/div>\n<\/div>\n\n\n\n<div style=\"height:169px\" aria-hidden=\"true\" class=\"wp-block-spacer\"><\/div>\n\n\n\n<div style=\"height:139px\" aria-hidden=\"true\" class=\"wp-block-spacer\"><\/div>\n","protected":false},"excerpt":{"rendered":"<p>M\u00e5l 15: S\u00e4kra v\u00e4xtligheten och bevara bina Det har byggts m\u00e5nga hus och v\u00e4gar i staden och v\u00e4xtligheten har minskat. De v\u00e4xter som finns har sv\u00e5rt att \u00f6verleva, eftersom det inte finns bin som kan polinera blommorna.&nbsp; Vi bygger bihotell Genom att placera ut bihotell i en av stadens parker, kan fler bin f\u00f6das och [&hellip;]<\/p>\n","protected":false},"author":224,"featured_media":0,"parent":0,"menu_order":0,"comment_status":"closed","ping_status":"closed","template":"","meta":{"_acf_changed":false,"footnotes":"","_links_to":"","_links_to_target":""},"class_list":["post-1089","page","type-page","status-publish","hentry"],"acf":[],"_links":{"self":[{"href":"https:\/\/fn.se\/intebarasnack\/wp-json\/wp\/v2\/pages\/1089","targetHints":{"allow":["GET"]}}],"collection":[{"href":"https:\/\/fn.se\/intebarasnack\/wp-json\/wp\/v2\/pages"}],"about":[{"href":"https:\/\/fn.se\/intebarasnack\/wp-json\/wp\/v2\/types\/page"}],"author":[{"embeddable":true,"href":"https:\/\/fn.se\/intebarasnack\/wp-json\/wp\/v2\/users\/224"}],"replies":[{"embeddable":true,"href":"https:\/\/fn.se\/intebarasnack\/wp-json\/wp\/v2\/comments?post=1089"}],"version-history":[{"count":14,"href":"https:\/\/fn.se\/intebarasnack\/wp-json\/wp\/v2\/pages\/1089\/revisions"}],"predecessor-version":[{"id":1125,"href":"https:\/\/fn.se\/intebarasnack\/wp-json\/wp\/v2\/pages\/1089\/revisions\/1125"}],"wp:attachment":[{"href":"https:\/\/fn.se\/intebarasnack\/wp-json\/wp\/v2\/media?parent=1089"}],"curies":[{"name":"wp","href":"https:\/\/api.w.org\/{rel}","templated":true}]}}