{"id":47,"date":"2018-07-25T20:03:24","date_gmt":"2018-07-25T20:03:24","guid":{"rendered":"https:\/\/fn.se\/helsingborg\/?page_id=47"},"modified":"2021-06-08T11:15:18","modified_gmt":"2021-06-08T11:15:18","slug":"styrelsen","status":"publish","type":"page","link":"https:\/\/fn.se\/helsingborg\/verksamhet\/styrelsen\/","title":{"rendered":"Styrelsen"},"content":{"rendered":"<h1><strong>Styrelsen 2021\/2022<\/strong><\/h1>\n<p><strong>Helsingborgs FN-f\u00f6renings styrelse \u00e4r f\u00f6reningens beslutande organ och fungerar som en l\u00e4nk mellan f\u00f6reningen, dess medlemmar och allm\u00e4nheten. Styrelsen ansvarar f\u00f6r att bedriva en aktiv verksamhet i Helsingborg med omnejd i samverkan med Svenska FN-f\u00f6rbundet och dess riktlinjer. Vi sammantr\u00e4der varannan vecka digitalt pga omst\u00e4ndigheterna i samh\u00e4llet. Normalt s\u00e4tt har vi m\u00f6ten i centrala Helsingborg. \u00d6ppna styrelsem\u00f6ten och medlemstr\u00e4ffar, kontakta oss om du vill komma p\u00e5 n\u00e4sta m\u00f6te!<\/strong><\/p>\n<h2>ORDF\u00d6RANDE<\/h2>\n<p><strong>Embla H\u00e4gelmark<\/strong><br \/><strong>E-post<\/strong>: <a href=\"mailto:embla.hagelmark@gmail.com\">embla.hagelmark@gmail.com<\/a><br \/><strong>Telefon: <\/strong>072 3201595<b><\/b><\/p>\n<div id=\"attachment_166\" style=\"width: 310px\" class=\"wp-caption alignnone\"><img loading=\"lazy\" decoding=\"async\" aria-describedby=\"caption-attachment-166\" class=\"size-medium wp-image-166\" src=\"https:\/\/fn.se\/helsingborg\/wp-content\/uploads\/sites\/18\/2021\/06\/AE405302-D319-4AC0-BCB6-E5A86401CAD3-300x169.jpeg\" alt=\"\" width=\"300\" height=\"169\" srcset=\"https:\/\/fn.se\/helsingborg\/wp-content\/uploads\/sites\/18\/2021\/06\/AE405302-D319-4AC0-BCB6-E5A86401CAD3-300x169.jpeg 300w, https:\/\/fn.se\/helsingborg\/wp-content\/uploads\/sites\/18\/2021\/06\/AE405302-D319-4AC0-BCB6-E5A86401CAD3-768x432.jpeg 768w, https:\/\/fn.se\/helsingborg\/wp-content\/uploads\/sites\/18\/2021\/06\/AE405302-D319-4AC0-BCB6-E5A86401CAD3-650x365.jpeg 650w, https:\/\/fn.se\/helsingborg\/wp-content\/uploads\/sites\/18\/2021\/06\/AE405302-D319-4AC0-BCB6-E5A86401CAD3.jpeg 980w\" sizes=\"auto, (max-width: 300px) 100vw, 300px\" \/><p id=\"caption-attachment-166\" class=\"wp-caption-text\">Ordf\u00f6rande Embla H\u00e4gelmark<br \/>Bild: Helsingborgs Dagblad<\/p><\/div>\n<h2>VICE ORDF\u00d6RANDE och ekonomiansvarig<\/h2>\n<p><b>Hananne Baladi &#8211; <\/b><a href=\"mailto:mb.2727@hotmail.com\">mb.2727@hotmail.com<\/a><\/p>\n<p>\u00a0<\/p>\n<h2>SEKRETERARE<\/h2>\n<p><strong>Ioana Baicu &#8211; <a href=\"mailto:ioana.baicu13@gmail.com\"><span style=\"font-weight: 400\">ioana.baicu13@gmail.com<\/span><\/a><\/strong><\/p>\n<p>\u00a0<\/p>\n<h2>LEDAMOT och MARKNADSF\u00d6RINGSANSVARIG<\/h2>\n<p><strong>Celine Dang &#8211;<a href=\"mailto:celinedang-04@hotmail.com\"> <span style=\"font-weight: 400\">celinedang-04@hotmail.com<\/span><\/a><\/strong><\/p>\n<h2>\u00a0<\/h2>\n<h2>SUPPLEANTER<\/h2>\n<p><strong>Ellen Meiby &#8211; <a href=\"mailto:ellen.meiby@icloud.com\"><span style=\"font-weight: 400\">ellen.meiby@icloud.com<\/span><\/a><\/strong><\/p>\n<p><strong>Alexander Hessler &#8211;\u00a0<\/strong><a href=\"mailto:alex@hessler.se\">alex@hessler.se<\/a><\/p>\n<p><strong>Aron Roosberg &#8211;\u00a0<\/strong><a href=\"mailto:aron.roosberg@hotmail.com\">aron.roosberg@hotmail.com<\/a><\/p>\n<h2>\u00a0<\/h2>\n<h2>VALBEREDNING<\/h2>\n<p><b>Susanna Winqvist &#8211; <\/b>\u00a0<a href=\"mailto:susanna_winqvist@campeon.se\" target=\"_blank\" rel=\"noopener noreferrer\">susanna_winqvist@campeon.se<\/a><\/p>\n<p><strong>Mi Holmqvist \u00c5berg <\/strong>&#8211; <a href=\"mailto:mi_aberg@campeon.se\">mi_aberg@campeon.se<\/a><\/p>\n\n\n<p><\/p>\n","protected":false},"excerpt":{"rendered":"<p>Styrelsen 2021\/2022 Helsingborgs FN-f\u00f6renings styrelse \u00e4r f\u00f6reningens beslutande organ och fungerar som en l\u00e4nk mellan f\u00f6reningen, dess medlemmar och allm\u00e4nheten.&hellip;<\/p>\n","protected":false},"author":38,"featured_media":0,"parent":21,"menu_order":7,"comment_status":"closed","ping_status":"closed","template":"","meta":{"_acf_changed":false,"footnotes":"","_links_to":"","_links_to_target":""},"class_list":["post-47","page","type-page","status-publish","hentry"],"acf":[],"_links":{"self":[{"href":"https:\/\/fn.se\/helsingborg\/wp-json\/wp\/v2\/pages\/47","targetHints":{"allow":["GET"]}}],"collection":[{"href":"https:\/\/fn.se\/helsingborg\/wp-json\/wp\/v2\/pages"}],"about":[{"href":"https:\/\/fn.se\/helsingborg\/wp-json\/wp\/v2\/types\/page"}],"author":[{"embeddable":true,"href":"https:\/\/fn.se\/helsingborg\/wp-json\/wp\/v2\/users\/38"}],"replies":[{"embeddable":true,"href":"https:\/\/fn.se\/helsingborg\/wp-json\/wp\/v2\/comments?post=47"}],"version-history":[{"count":19,"href":"https:\/\/fn.se\/helsingborg\/wp-json\/wp\/v2\/pages\/47\/revisions"}],"predecessor-version":[{"id":168,"href":"https:\/\/fn.se\/helsingborg\/wp-json\/wp\/v2\/pages\/47\/revisions\/168"}],"up":[{"embeddable":true,"href":"https:\/\/fn.se\/helsingborg\/wp-json\/wp\/v2\/pages\/21"}],"wp:attachment":[{"href":"https:\/\/fn.se\/helsingborg\/wp-json\/wp\/v2\/media?parent=47"}],"curies":[{"name":"wp","href":"https:\/\/api.w.org\/{rel}","templated":true}]}}