{"id":21,"date":"2016-10-13T12:25:23","date_gmt":"2016-10-13T12:25:23","guid":{"rendered":"http:\/\/fn.se\/helsingborg\/?page_id=21"},"modified":"2021-03-23T10:50:09","modified_gmt":"2021-03-23T10:50:09","slug":"verksamhet","status":"publish","type":"page","link":"https:\/\/fn.se\/helsingborg\/verksamhet\/","title":{"rendered":"Verksamhet"},"content":{"rendered":"<h2>Verksamhet 2021\/2022<\/h2>\n<p>Under det kommande verksamhets\u00e5ret har \u00e5rsm\u00f6tet beslutat att fokusera p\u00e5 tv\u00e5 projekt ut\u00f6ver v\u00e5ra regelbundna tr\u00e4ffar, aktiviteter och styrelsem\u00f6ten. Vi \u00e4r i uppstartsfasen och det ena projektet kommer att ha fokus p\u00e5 att minska klyftorna i Helsingborg och fokusera p\u00e5 demokarti, integration och antirasism. Det andra projektet kommer handla om m\u00e4nskliga r\u00e4ttigheter och belysa sexuella minoriteters r\u00e4ttigheter. Vill du vara med och forma projketen eller skapa ett helt eget med oss? V\u00e4lkommen!<\/p>\n","protected":false},"excerpt":{"rendered":"<p>Verksamhet 2021\/2022 Under det kommande verksamhets\u00e5ret har \u00e5rsm\u00f6tet beslutat att fokusera p\u00e5 tv\u00e5 projekt ut\u00f6ver v\u00e5ra regelbundna tr\u00e4ffar, aktiviteter och&hellip;<\/p>\n","protected":false},"author":17,"featured_media":0,"parent":0,"menu_order":0,"comment_status":"closed","ping_status":"closed","template":"templates\/template-sub.php","meta":{"_acf_changed":false,"footnotes":"","_links_to":"","_links_to_target":""},"class_list":["post-21","page","type-page","status-publish","hentry"],"acf":[],"_links":{"self":[{"href":"https:\/\/fn.se\/helsingborg\/wp-json\/wp\/v2\/pages\/21","targetHints":{"allow":["GET"]}}],"collection":[{"href":"https:\/\/fn.se\/helsingborg\/wp-json\/wp\/v2\/pages"}],"about":[{"href":"https:\/\/fn.se\/helsingborg\/wp-json\/wp\/v2\/types\/page"}],"author":[{"embeddable":true,"href":"https:\/\/fn.se\/helsingborg\/wp-json\/wp\/v2\/users\/17"}],"replies":[{"embeddable":true,"href":"https:\/\/fn.se\/helsingborg\/wp-json\/wp\/v2\/comments?post=21"}],"version-history":[{"count":6,"href":"https:\/\/fn.se\/helsingborg\/wp-json\/wp\/v2\/pages\/21\/revisions"}],"predecessor-version":[{"id":152,"href":"https:\/\/fn.se\/helsingborg\/wp-json\/wp\/v2\/pages\/21\/revisions\/152"}],"wp:attachment":[{"href":"https:\/\/fn.se\/helsingborg\/wp-json\/wp\/v2\/media?parent=21"}],"curies":[{"name":"wp","href":"https:\/\/api.w.org\/{rel}","templated":true}]}}