{"id":18,"date":"2016-10-13T12:18:44","date_gmt":"2016-10-13T12:18:44","guid":{"rendered":"http:\/\/fn.se\/helsingborg\/?page_id=18"},"modified":"2021-06-08T10:54:22","modified_gmt":"2021-06-08T10:54:22","slug":"styrelsekontakt","status":"publish","type":"page","link":"https:\/\/fn.se\/helsingborg\/styrelsekontakt\/","title":{"rendered":"Kontakt"},"content":{"rendered":"<h1>Kontakt och spons<\/h1>\n<p class=\"intro\">H\u00e4r nedan finner du kontaktuppgifter till Helsingborgs FN-f\u00f6renings ordf\u00f6rande. Under fliken <strong>Styrelsen<\/strong> finner du en fullst\u00e4ndig kontaktlista f\u00f6r hela styrelsen. H\u00e4r kan du st\u00e4lla fr\u00e5gor r\u00f6rande v\u00e5ra projekt, evenemang eller \u00f6vrig verksamhet. Vill du veta mer om hur du kan engagera dig f\u00f6r att bidra till en b\u00e4ttre v\u00e4rld? Tveka inte att h\u00f6ra av dig!<\/p>\n<p><strong>Ordf\u00f6rande:<\/strong> Embla H\u00e4gelmark<br \/>\n<strong>Tel:<\/strong> 072 320 15 95<br \/>\n<strong>E-post: <\/strong><a href=\"helsingborgsfnforening@gmail.com\">f\u00f6reningens mailadress<\/a><\/p>\n<h5><strong>ANS\u00d6KAN TILL STYRELSEN<\/strong><\/h5>\n<p>Ans\u00f6k genom att mejla en kort presentation till valberedningen med motivering till varf\u00f6r du s\u00f6ker till styrelsen samt till vilken post inf\u00f6r verksamhets\u00e5ret 2022\/2023.<br \/>\nValberedningen: <strong><a href=\"mailto:susanna_winqvist@campeon.se\" target=\"_blank\" rel=\"noopener noreferrer\">susanna_winqvist@campeon.se<\/a><\/strong><\/p>\n<p><strong>Vill ditt f\u00f6retag sponsra oss och synas vid v\u00e5ra event och aktiviteter? <\/strong><\/p>\n<p>Vill ni bidra till att m\u00f6jligg\u00f6ra v\u00e5r verksamhet f\u00e5r ni g\u00e4rna kontakta oss p\u00e5 f\u00f6reningens mejladress.<\/p>\n","protected":false},"excerpt":{"rendered":"<p>Kontakt och spons H\u00e4r nedan finner du kontaktuppgifter till Helsingborgs FN-f\u00f6renings ordf\u00f6rande. Under fliken Styrelsen finner du en fullst\u00e4ndig kontaktlista&hellip;<\/p>\n","protected":false},"author":1,"featured_media":0,"parent":0,"menu_order":0,"comment_status":"closed","ping_status":"closed","template":"templates\/template-sub.php","meta":{"_acf_changed":false,"footnotes":"","_links_to":"","_links_to_target":""},"class_list":["post-18","page","type-page","status-publish","hentry"],"acf":[],"_links":{"self":[{"href":"https:\/\/fn.se\/helsingborg\/wp-json\/wp\/v2\/pages\/18","targetHints":{"allow":["GET"]}}],"collection":[{"href":"https:\/\/fn.se\/helsingborg\/wp-json\/wp\/v2\/pages"}],"about":[{"href":"https:\/\/fn.se\/helsingborg\/wp-json\/wp\/v2\/types\/page"}],"author":[{"embeddable":true,"href":"https:\/\/fn.se\/helsingborg\/wp-json\/wp\/v2\/users\/1"}],"replies":[{"embeddable":true,"href":"https:\/\/fn.se\/helsingborg\/wp-json\/wp\/v2\/comments?post=18"}],"version-history":[{"count":15,"href":"https:\/\/fn.se\/helsingborg\/wp-json\/wp\/v2\/pages\/18\/revisions"}],"predecessor-version":[{"id":156,"href":"https:\/\/fn.se\/helsingborg\/wp-json\/wp\/v2\/pages\/18\/revisions\/156"}],"wp:attachment":[{"href":"https:\/\/fn.se\/helsingborg\/wp-json\/wp\/v2\/media?parent=18"}],"curies":[{"name":"wp","href":"https:\/\/api.w.org\/{rel}","templated":true}]}}