{"id":85,"date":"2021-05-01T21:13:39","date_gmt":"2021-05-01T21:13:39","guid":{"rendered":"https:\/\/fn.se\/hassleholm\/?page_id=85"},"modified":"2021-05-03T15:15:49","modified_gmt":"2021-05-03T15:15:49","slug":"globala-regionala-och-lokala-malen-en-presentation-av-agenda-2030","status":"publish","type":"page","link":"https:\/\/fn.se\/hassleholm\/globala-regionala-och-lokala-malen-en-presentation-av-agenda-2030\/","title":{"rendered":"Globala, regionala och lokala m\u00e5len: En presentation av Agenda 2030"},"content":{"rendered":"\n<h1 class=\"wp-block-heading\"><strong>Globala, regionala och lokala m\u00e5len: En presentation av Agenda 2030<\/strong><\/h1>\n\n\n\n<p>En av Svenska FN-f\u00f6rbundets fokusfr\u00e5gor \u00e4r Agenda 2030 och de globala m\u00e5len f\u00f6r h\u00e5llbar utveckling. De globala m\u00e5len \u00e4r 17 ambiti\u00f6sa och universella m\u00e5l som antogs&nbsp;av v\u00e4rldens ledare 2015. M\u00e5len ska bidra till socialt, ekonomiskt och milj\u00f6m\u00e4ssigt h\u00e5llbar utveckling och vara uppn\u00e5dda till \u00e5r 2030 i v\u00e4rldens alla l\u00e4nder.<\/p>\n\n\n\n<figure class=\"wp-block-image size-large\"><img loading=\"lazy\" decoding=\"async\" width=\"1024\" height=\"576\" src=\"https:\/\/fn.se\/hassleholm\/wp-content\/uploads\/sites\/21\/2021\/05\/globala-malen-1024x576.jpg\" alt=\"\" class=\"wp-image-97\" srcset=\"https:\/\/fn.se\/hassleholm\/wp-content\/uploads\/sites\/21\/2021\/05\/globala-malen-1024x576.jpg 1024w, https:\/\/fn.se\/hassleholm\/wp-content\/uploads\/sites\/21\/2021\/05\/globala-malen-300x169.jpg 300w, https:\/\/fn.se\/hassleholm\/wp-content\/uploads\/sites\/21\/2021\/05\/globala-malen-768x432.jpg 768w, https:\/\/fn.se\/hassleholm\/wp-content\/uploads\/sites\/21\/2021\/05\/globala-malen-1536x864.jpg 1536w, https:\/\/fn.se\/hassleholm\/wp-content\/uploads\/sites\/21\/2021\/05\/globala-malen-650x366.jpg 650w, https:\/\/fn.se\/hassleholm\/wp-content\/uploads\/sites\/21\/2021\/05\/globala-malen.jpg 2048w\" sizes=\"auto, (max-width: 1024px) 100vw, 1024px\" \/><\/figure>\n\n\n\n<h2 class=\"wp-block-heading\"><strong>\u00c5rets projekt &#8211; Hur jobbar vi i H\u00e4ssleholm med&nbsp;Agenda 2030<\/strong><\/h2>\n\n\n\n<p>L\u00f6pande under&nbsp;\u00e5ret kommer f\u00f6reningen \u00e5terigen samla sin fulla kraft och arrangera nya f\u00f6rel\u00e4sningar, paneldiskussioner och lokalt engagemang. Detta \u00e5ret kommer vi att&nbsp;fokusera p\u00e5 f\u00f6ljande m\u00e5l:<\/p>\n\n\n\n<p>M\u00e5l 5 handlar om att upp n\u00e5 j\u00e4mst\u00e4lldhet och alla kvinnors&nbsp;och flickors egenmakt. Os\u00e4kert n\u00e4r m\u00e5let kommer uppm\u00e4rksammas pga Coronapandemin <a rel=\"noreferrer noopener\" href=\"https:\/\/fn.se\/wp-content\/uploads\/2018\/03\/M%C3%A5l-5.pdf\" target=\"_blank\">L\u00e4s mer<\/a><\/p>\n\n\n\n<figure class=\"wp-block-image size-large is-resized\"><img loading=\"lazy\" decoding=\"async\" src=\"https:\/\/fn.se\/hassleholm\/wp-content\/uploads\/sites\/21\/2021\/05\/05-jamstalldhet-1.png\" alt=\"\" class=\"wp-image-98\" width=\"331\" height=\"331\" srcset=\"https:\/\/fn.se\/hassleholm\/wp-content\/uploads\/sites\/21\/2021\/05\/05-jamstalldhet-1.png 700w, https:\/\/fn.se\/hassleholm\/wp-content\/uploads\/sites\/21\/2021\/05\/05-jamstalldhet-1-300x300.png 300w, https:\/\/fn.se\/hassleholm\/wp-content\/uploads\/sites\/21\/2021\/05\/05-jamstalldhet-1-150x150.png 150w, https:\/\/fn.se\/hassleholm\/wp-content\/uploads\/sites\/21\/2021\/05\/05-jamstalldhet-1-650x650.png 650w\" sizes=\"auto, (max-width: 331px) 100vw, 331px\" \/><\/figure>\n\n\n\n<p>&nbsp;M\u00e5l 11 handlar om att g\u00f6ra st\u00e4der s\u00e4kra, inkluderande&nbsp;och h\u00e5llbara.&nbsp;Kommer att uppm\u00e4rksammas digitalt under Juli m\u00e5nad. <a rel=\"noreferrer noopener\" href=\"https:\/\/fn.se\/wp-content\/uploads\/2018\/03\/M%C3%A5l-11.pdf\" target=\"_blank\">L\u00e4s mer<\/a><\/p>\n\n\n\n<figure class=\"wp-block-image size-large is-resized\"><img loading=\"lazy\" decoding=\"async\" src=\"https:\/\/fn.se\/hassleholm\/wp-content\/uploads\/sites\/21\/2021\/05\/11-hallbara-stader-och-samhallen.png\" alt=\"\" class=\"wp-image-99\" width=\"462\" height=\"308\" srcset=\"https:\/\/fn.se\/hassleholm\/wp-content\/uploads\/sites\/21\/2021\/05\/11-hallbara-stader-och-samhallen.png 690w, https:\/\/fn.se\/hassleholm\/wp-content\/uploads\/sites\/21\/2021\/05\/11-hallbara-stader-och-samhallen-300x200.png 300w, https:\/\/fn.se\/hassleholm\/wp-content\/uploads\/sites\/21\/2021\/05\/11-hallbara-stader-och-samhallen-650x433.png 650w\" sizes=\"auto, (max-width: 462px) 100vw, 462px\" \/><\/figure>\n\n\n\n<p>M\u00e5l 12 handlar om att s\u00e4kerst\u00e4lla strukturer som bidrar till en mer h\u00e5llbar konsumtion och produktion. kommer uppm\u00e4rksammas i samband med Julen 2021 i samarbete med H\u00e5llbara H\u00e4ssleholm. <a rel=\"noreferrer noopener\" href=\"https:\/\/fn.se\/wp-content\/uploads\/2018\/03\/M%C3%A5l-12.pdf\" target=\"_blank\">L\u00e4s mer<\/a><\/p>\n\n\n\n<figure class=\"wp-block-image size-large is-resized\"><img loading=\"lazy\" decoding=\"async\" src=\"https:\/\/fn.se\/hassleholm\/wp-content\/uploads\/sites\/21\/2021\/05\/12-hallbar-konsumtion-och-produktion-1.png\" alt=\"\" class=\"wp-image-102\" width=\"361\" height=\"361\" srcset=\"https:\/\/fn.se\/hassleholm\/wp-content\/uploads\/sites\/21\/2021\/05\/12-hallbar-konsumtion-och-produktion-1.png 700w, https:\/\/fn.se\/hassleholm\/wp-content\/uploads\/sites\/21\/2021\/05\/12-hallbar-konsumtion-och-produktion-1-300x300.png 300w, https:\/\/fn.se\/hassleholm\/wp-content\/uploads\/sites\/21\/2021\/05\/12-hallbar-konsumtion-och-produktion-1-150x150.png 150w, https:\/\/fn.se\/hassleholm\/wp-content\/uploads\/sites\/21\/2021\/05\/12-hallbar-konsumtion-och-produktion-1-650x650.png 650w\" sizes=\"auto, (max-width: 361px) 100vw, 361px\" \/><\/figure>\n\n\n\n<p>M\u00e5l 14 handlar om att bevara och anv\u00e4nda v\u00e4rldens hav, sj\u00f6ar och marina resurser p\u00e5 ett h\u00e5llbart s\u00e4tt. Os\u00e4kert n\u00e4r m\u00e5let kommer uppm\u00e4rksammas pga Coronapandemin <a rel=\"noreferrer noopener\" href=\"https:\/\/fn.se\/wp-content\/uploads\/2018\/03\/M%C3%A5l-14.pdf\" target=\"_blank\">L\u00e4s mer<\/a><\/p>\n\n\n\n<figure class=\"wp-block-image size-large is-resized\"><img loading=\"lazy\" decoding=\"async\" src=\"https:\/\/fn.se\/hassleholm\/wp-content\/uploads\/sites\/21\/2021\/05\/14_hav_och_marina_resurser-1024x1024.png\" alt=\"\" class=\"wp-image-103\" width=\"364\" height=\"364\" srcset=\"https:\/\/fn.se\/hassleholm\/wp-content\/uploads\/sites\/21\/2021\/05\/14_hav_och_marina_resurser-1024x1024.png 1024w, https:\/\/fn.se\/hassleholm\/wp-content\/uploads\/sites\/21\/2021\/05\/14_hav_och_marina_resurser-300x300.png 300w, https:\/\/fn.se\/hassleholm\/wp-content\/uploads\/sites\/21\/2021\/05\/14_hav_och_marina_resurser-150x150.png 150w, https:\/\/fn.se\/hassleholm\/wp-content\/uploads\/sites\/21\/2021\/05\/14_hav_och_marina_resurser-768x768.png 768w, https:\/\/fn.se\/hassleholm\/wp-content\/uploads\/sites\/21\/2021\/05\/14_hav_och_marina_resurser-650x650.png 650w, https:\/\/fn.se\/hassleholm\/wp-content\/uploads\/sites\/21\/2021\/05\/14_hav_och_marina_resurser.png 1213w\" sizes=\"auto, (max-width: 364px) 100vw, 364px\" \/><\/figure>\n\n\n\n<p>Dessa m\u00e5l kommer f\u00f6rst analyseras ur ett nationellt eller globalt perspektiv d\u00e4refter ur ett regionalt perspektiv och slutligen ur ett lokalt perspektiv. Vi \u00e4r i full g\u00e5ng att s\u00e4tta&nbsp;v\u00e5ra g\u00e4sttalare och redan nu kan vi ber\u00e4tta att en av dessa kommer att vara svenska FN-f\u00f6rbundets ordf\u00f6rande Annelie B\u00f6rjesson. Dessutom kommer projektet att vara ett&nbsp;samarbete med andra FN-f\u00f6reningar i Sk\u00e5ne och d\u00e4rigenom kommer andras lokala perspektiv att ges.<br><strong>Intresserad av att jobba med dessa projekt?<\/strong> \u00c4r det n\u00e5got av dessa projekt som du k\u00e4nner att du skulle vilja engagera dig extra i s\u00e5 blir vi v\u00e4ldigt glada om du h\u00f6r av dig till oss. Kanske har du kontakter, kan mycket om \u00e4mnet\/jobbar med n\u00e5got relevant eller bara k\u00e4nner att du v\u00e4rnar extra mycket f\u00f6r n\u00e5got av dessa fyra m\u00e5l.&nbsp;H\u00f6r av dig!&nbsp;<\/p>\n\n\n\n<figure class=\"wp-block-image size-large\"><a href=\"https:\/\/fn.se\/hassleholm\/kontakt\/\"><img loading=\"lazy\" decoding=\"async\" width=\"222\" height=\"77\" src=\"https:\/\/fn.se\/hassleholm\/wp-content\/uploads\/sites\/21\/2021\/05\/unnamed.jpg\" alt=\"\" class=\"wp-image-104\" \/><\/a><\/figure>\n\n\n\n<p><strong>All hj\u00e4lp uppskattas!<\/strong><\/p>\n\n\n\n<h2 class=\"wp-block-heading\"><strong>Projektets \u201dkick-off\u201d<\/strong><br><\/h2>\n\n\n\n<p><strong>Den 12:e Maj\u00a0<\/strong>kommer projektarbetet med v\u00e5ra fyra m\u00e5l att inledas med en speciell f\u00f6rel\u00e4sning om aktuella h\u00e4ndelser d\u00e4r FN spelar en viktig roll. Dessa h\u00e4ndelser och konflikter finns b\u00e5de i globala perspektiv men\u00a0dessutom i Sk\u00e5ne och i v\u00e5rt lokala H\u00e4ssleholm. Denna f\u00f6rel\u00e4sning kommer att vara digital och \u00e4ger rum i mitten av Maj m\u00e5nad och mer information kommer att tillkomma p\u00e5\u00a0sociala medier samt i medlemsutskick.\u00a0<br>Anm\u00e4l er till evenemanget h\u00e4r: <a href=\"https:\/\/docs.google.com\/forms\/d\/e\/1FAIpQLSekSovVSbQscrGE8lh9zVeWcJgF4ny4g2syrFLETlMNLSOvNA\/viewform\">Anm\u00e4lan till &#8221;kick off&#8221;<\/a><\/p>\n","protected":false},"excerpt":{"rendered":"<p>Globala, regionala och lokala m\u00e5len: En presentation av Agenda 2030 En av Svenska FN-f\u00f6rbundets fokusfr\u00e5gor \u00e4r Agenda 2030 och de&hellip;<\/p>\n","protected":false},"author":41,"featured_media":0,"parent":0,"menu_order":0,"comment_status":"closed","ping_status":"closed","template":"templates\/template-sub.php","meta":{"_acf_changed":false,"footnotes":"","_links_to":"","_links_to_target":""},"class_list":["post-85","page","type-page","status-publish","hentry"],"acf":[],"_links":{"self":[{"href":"https:\/\/fn.se\/hassleholm\/wp-json\/wp\/v2\/pages\/85","targetHints":{"allow":["GET"]}}],"collection":[{"href":"https:\/\/fn.se\/hassleholm\/wp-json\/wp\/v2\/pages"}],"about":[{"href":"https:\/\/fn.se\/hassleholm\/wp-json\/wp\/v2\/types\/page"}],"author":[{"embeddable":true,"href":"https:\/\/fn.se\/hassleholm\/wp-json\/wp\/v2\/users\/41"}],"replies":[{"embeddable":true,"href":"https:\/\/fn.se\/hassleholm\/wp-json\/wp\/v2\/comments?post=85"}],"version-history":[{"count":7,"href":"https:\/\/fn.se\/hassleholm\/wp-json\/wp\/v2\/pages\/85\/revisions"}],"predecessor-version":[{"id":108,"href":"https:\/\/fn.se\/hassleholm\/wp-json\/wp\/v2\/pages\/85\/revisions\/108"}],"wp:attachment":[{"href":"https:\/\/fn.se\/hassleholm\/wp-json\/wp\/v2\/media?parent=85"}],"curies":[{"name":"wp","href":"https:\/\/api.w.org\/{rel}","templated":true}]}}