{"id":29,"date":"2016-10-12T07:34:10","date_gmt":"2016-10-12T07:34:10","guid":{"rendered":"http:\/\/fn.se\/hassleholm\/?page_id=29"},"modified":"2016-10-12T07:34:10","modified_gmt":"2016-10-12T07:34:10","slug":"151019-forelasning-med-vladislav-savic-syrien-lockade-storpublik","status":"publish","type":"page","link":"https:\/\/fn.se\/hassleholm\/151019-forelasning-med-vladislav-savic-syrien-lockade-storpublik\/","title":{"rendered":"151019: F\u00f6rel\u00e4sning med Vladislav Savic- Syrien lockade storpublik"},"content":{"rendered":"<p><a href=\"http:\/\/www.nsk.se\/2015\/10\/19\/syrien-lockade-storpublik\/\">L\u00e4s Norra Sk\u00e5nes artikel h\u00e4r.<\/a><\/p>\n<p><img loading=\"lazy\" decoding=\"async\" class=\"alignnone size-full wp-image-30\" src=\"https:\/\/fn.se\/hassleholm\/wp-content\/uploads\/sites\/21\/2016\/10\/r\u00f6da-korset-vladislav-19-okt-A4-kopia-kopia.jpg\" alt=\"roda-korset-vladislav-19-okt-a4-kopia-kopia\" width=\"340\" height=\"480\" srcset=\"https:\/\/fn.se\/hassleholm\/wp-content\/uploads\/sites\/21\/2016\/10\/r\u00f6da-korset-vladislav-19-okt-A4-kopia-kopia.jpg 340w, https:\/\/fn.se\/hassleholm\/wp-content\/uploads\/sites\/21\/2016\/10\/r\u00f6da-korset-vladislav-19-okt-A4-kopia-kopia-213x300.jpg 213w, https:\/\/fn.se\/hassleholm\/wp-content\/uploads\/sites\/21\/2016\/10\/r\u00f6da-korset-vladislav-19-okt-A4-kopia-kopia-227x320.jpg 227w\" sizes=\"auto, (max-width: 340px) 100vw, 340px\" \/><\/p>\n","protected":false},"excerpt":{"rendered":"<p>L\u00e4s Norra Sk\u00e5nes artikel h\u00e4r.<\/p>\n","protected":false},"author":17,"featured_media":0,"parent":0,"menu_order":0,"comment_status":"closed","ping_status":"closed","template":"templates\/template-sub.php","meta":{"_acf_changed":false,"footnotes":"","_links_to":"","_links_to_target":""},"class_list":["post-29","page","type-page","status-publish","hentry"],"acf":[],"_links":{"self":[{"href":"https:\/\/fn.se\/hassleholm\/wp-json\/wp\/v2\/pages\/29","targetHints":{"allow":["GET"]}}],"collection":[{"href":"https:\/\/fn.se\/hassleholm\/wp-json\/wp\/v2\/pages"}],"about":[{"href":"https:\/\/fn.se\/hassleholm\/wp-json\/wp\/v2\/types\/page"}],"author":[{"embeddable":true,"href":"https:\/\/fn.se\/hassleholm\/wp-json\/wp\/v2\/users\/17"}],"replies":[{"embeddable":true,"href":"https:\/\/fn.se\/hassleholm\/wp-json\/wp\/v2\/comments?post=29"}],"version-history":[{"count":1,"href":"https:\/\/fn.se\/hassleholm\/wp-json\/wp\/v2\/pages\/29\/revisions"}],"predecessor-version":[{"id":32,"href":"https:\/\/fn.se\/hassleholm\/wp-json\/wp\/v2\/pages\/29\/revisions\/32"}],"wp:attachment":[{"href":"https:\/\/fn.se\/hassleholm\/wp-json\/wp\/v2\/media?parent=29"}],"curies":[{"name":"wp","href":"https:\/\/api.w.org\/{rel}","templated":true}]}}