{"id":25,"date":"2016-10-12T07:29:59","date_gmt":"2016-10-12T07:29:59","guid":{"rendered":"http:\/\/fn.se\/hassleholm\/?page_id=25"},"modified":"2016-10-12T07:29:59","modified_gmt":"2016-10-12T07:29:59","slug":"aleksander-gabelic-har-ordet-160414","status":"publish","type":"page","link":"https:\/\/fn.se\/hassleholm\/aleksander-gabelic-har-ordet-160414\/","title":{"rendered":"Aleksander Gabelic har ordet 160414"},"content":{"rendered":"<h1>Aleksander Gabelic har ordet 160414<\/h1>\n<p class=\"intro\"><strong>Aleksander h\u00f6ll en fin f\u00f6rel\u00e4sning om FN:s viktiga roll i en orolig tid.<\/strong><\/p>\n<p class=\"intro\">En lyssnande och ifr\u00e5gas\u00e4ttande publik i alla \u00e5ldrar samlades p\u00e5 Glashuset, Norra Station i H\u00e4ssleholm ikv\u00e4ll. Vi fick ta del av FN:s arbete ute i v\u00e4rlden, om de olika m\u00e5len och vad vi som FN-v\u00e4nner kan g\u00f6ra f\u00f6r att g\u00f6ra samh\u00e4llet och v\u00e4rlden till en mer fredlig plats.<\/p>\n<p class=\"intro\">Vi i styrelsen tackar Er alla som kom och tackar Aleksander f\u00f6r en mycket fin f\u00f6rel\u00e4sning!<\/p>\n<p><strong><a title=\"Aleksander Gabelic film 160414\" href=\"https:\/\/www.facebook.com\/hassleholmsfnforening\/?fref=ts\">Se fr\u00e5n f\u00f6rel\u00e4sningen och filmklipp med Aleksander Gabelic<\/a> h\u00e4r!<\/strong><\/p>\n","protected":false},"excerpt":{"rendered":"<p>Aleksander Gabelic har ordet 160414 Aleksander h\u00f6ll en fin f\u00f6rel\u00e4sning om FN:s viktiga roll i en orolig tid. En lyssnande&hellip;<\/p>\n","protected":false},"author":17,"featured_media":0,"parent":0,"menu_order":0,"comment_status":"closed","ping_status":"closed","template":"templates\/template-sub.php","meta":{"_acf_changed":false,"footnotes":"","_links_to":"","_links_to_target":""},"class_list":["post-25","page","type-page","status-publish","hentry"],"acf":[],"_links":{"self":[{"href":"https:\/\/fn.se\/hassleholm\/wp-json\/wp\/v2\/pages\/25","targetHints":{"allow":["GET"]}}],"collection":[{"href":"https:\/\/fn.se\/hassleholm\/wp-json\/wp\/v2\/pages"}],"about":[{"href":"https:\/\/fn.se\/hassleholm\/wp-json\/wp\/v2\/types\/page"}],"author":[{"embeddable":true,"href":"https:\/\/fn.se\/hassleholm\/wp-json\/wp\/v2\/users\/17"}],"replies":[{"embeddable":true,"href":"https:\/\/fn.se\/hassleholm\/wp-json\/wp\/v2\/comments?post=25"}],"version-history":[{"count":1,"href":"https:\/\/fn.se\/hassleholm\/wp-json\/wp\/v2\/pages\/25\/revisions"}],"predecessor-version":[{"id":27,"href":"https:\/\/fn.se\/hassleholm\/wp-json\/wp\/v2\/pages\/25\/revisions\/27"}],"wp:attachment":[{"href":"https:\/\/fn.se\/hassleholm\/wp-json\/wp\/v2\/media?parent=25"}],"curies":[{"name":"wp","href":"https:\/\/api.w.org\/{rel}","templated":true}]}}