{"id":19,"date":"2016-10-12T07:18:55","date_gmt":"2016-10-12T07:18:55","guid":{"rendered":"http:\/\/fn.se\/hassleholm\/?page_id=19"},"modified":"2021-04-20T18:24:05","modified_gmt":"2021-04-20T18:24:05","slug":"styrelse","status":"publish","type":"page","link":"https:\/\/fn.se\/hassleholm\/styrelse\/","title":{"rendered":"Styrelse"},"content":{"rendered":"<h1>Styrelsen<\/h1>\n<p><strong>Ordf\u00f6rande:<\/strong><br \/>\nAlfred Johansson<br \/>\nTelefon: 0708791889<br \/>\nMejl: Alfred.p.johansson@gmail.com<\/p>\n<p><strong>Vice ordf\u00f6rande:<\/strong><br \/>\nAnna Maris<\/p>\n<p><strong>Sekreterare:<\/strong><br \/>\nLinus Abrahamsson<\/p>\n<p><strong>Kass\u00f6r:<\/strong><br \/>\nAnne-Lie Herr<\/p>\n<p><strong>Ledam\u00f6ter:<\/strong><br \/>\nChris Maris<\/p>\n","protected":false},"excerpt":{"rendered":"<p>Styrelsen Ordf\u00f6rande: Alfred Johansson Telefon: 0708791889 Mejl: Alfred.p.johansson@gmail.com Vice ordf\u00f6rande: Anna Maris Sekreterare: Linus Abrahamsson Kass\u00f6r: Anne-Lie Herr Ledam\u00f6ter: Chris&hellip;<\/p>\n","protected":false},"author":17,"featured_media":0,"parent":0,"menu_order":0,"comment_status":"closed","ping_status":"closed","template":"templates\/template-sub.php","meta":{"_acf_changed":false,"footnotes":"","_links_to":"","_links_to_target":""},"class_list":["post-19","page","type-page","status-publish","hentry"],"acf":[],"_links":{"self":[{"href":"https:\/\/fn.se\/hassleholm\/wp-json\/wp\/v2\/pages\/19","targetHints":{"allow":["GET"]}}],"collection":[{"href":"https:\/\/fn.se\/hassleholm\/wp-json\/wp\/v2\/pages"}],"about":[{"href":"https:\/\/fn.se\/hassleholm\/wp-json\/wp\/v2\/types\/page"}],"author":[{"embeddable":true,"href":"https:\/\/fn.se\/hassleholm\/wp-json\/wp\/v2\/users\/17"}],"replies":[{"embeddable":true,"href":"https:\/\/fn.se\/hassleholm\/wp-json\/wp\/v2\/comments?post=19"}],"version-history":[{"count":4,"href":"https:\/\/fn.se\/hassleholm\/wp-json\/wp\/v2\/pages\/19\/revisions"}],"predecessor-version":[{"id":79,"href":"https:\/\/fn.se\/hassleholm\/wp-json\/wp\/v2\/pages\/19\/revisions\/79"}],"wp:attachment":[{"href":"https:\/\/fn.se\/hassleholm\/wp-json\/wp\/v2\/media?parent=19"}],"curies":[{"name":"wp","href":"https:\/\/api.w.org\/{rel}","templated":true}]}}