{"id":16,"date":"2016-10-12T07:13:52","date_gmt":"2016-10-12T07:13:52","guid":{"rendered":"http:\/\/fn.se\/hassleholm\/?page_id=16"},"modified":"2020-04-28T14:07:50","modified_gmt":"2020-04-28T14:07:50","slug":"kontakt","status":"publish","type":"page","link":"https:\/\/fn.se\/hassleholm\/kontakt\/","title":{"rendered":"Kontakt"},"content":{"rendered":"<h1>Kontakt<\/h1>\n<p class=\"intro\">Tveka inte att kontakta oss om du har fr\u00e5gor om v\u00e5r f\u00f6rening!<\/p>\n<p class=\"intro\">Ni n\u00e5r oss p\u00e5 email <a href=\"mailto:hassleholm.fn@gmail.com\">hassleholm.fn@gmail.com<\/a> eller p\u00e5 v\u00e5r <a href=\"http:\/\/www.facebook.com\/hassleholmsfnforening\">facebooksida<\/a>.<\/p>\n<p class=\"intro\">Ni kan ocks\u00e5 kontakta v\u00e5r ordf\u00f6rande, Alfred Johansson via telefon eller mejl,\u00a0 0708791889 eller <a href=\"mailto:alfred.p.johansson@gmail.com\">alfred.p.johansson@gmail.com<\/a><\/p>\n\n\n<p><\/p>\n","protected":false},"excerpt":{"rendered":"<p>Kontakt Tveka inte att kontakta oss om du har fr\u00e5gor om v\u00e5r f\u00f6rening! Ni n\u00e5r oss p\u00e5 email hassleholm.fn@gmail.com eller&hellip;<\/p>\n","protected":false},"author":17,"featured_media":0,"parent":0,"menu_order":0,"comment_status":"closed","ping_status":"closed","template":"templates\/template-sub.php","meta":{"_acf_changed":false,"footnotes":"","_links_to":"","_links_to_target":""},"class_list":["post-16","page","type-page","status-publish","hentry"],"acf":[],"_links":{"self":[{"href":"https:\/\/fn.se\/hassleholm\/wp-json\/wp\/v2\/pages\/16","targetHints":{"allow":["GET"]}}],"collection":[{"href":"https:\/\/fn.se\/hassleholm\/wp-json\/wp\/v2\/pages"}],"about":[{"href":"https:\/\/fn.se\/hassleholm\/wp-json\/wp\/v2\/types\/page"}],"author":[{"embeddable":true,"href":"https:\/\/fn.se\/hassleholm\/wp-json\/wp\/v2\/users\/17"}],"replies":[{"embeddable":true,"href":"https:\/\/fn.se\/hassleholm\/wp-json\/wp\/v2\/comments?post=16"}],"version-history":[{"count":5,"href":"https:\/\/fn.se\/hassleholm\/wp-json\/wp\/v2\/pages\/16\/revisions"}],"predecessor-version":[{"id":77,"href":"https:\/\/fn.se\/hassleholm\/wp-json\/wp\/v2\/pages\/16\/revisions\/77"}],"wp:attachment":[{"href":"https:\/\/fn.se\/hassleholm\/wp-json\/wp\/v2\/media?parent=16"}],"curies":[{"name":"wp","href":"https:\/\/api.w.org\/{rel}","templated":true}]}}