{"id":98,"date":"2016-10-07T12:06:18","date_gmt":"2016-10-07T12:06:18","guid":{"rendered":"http:\/\/fn.se\/haparanda\/?page_id=98"},"modified":"2016-10-07T12:06:18","modified_gmt":"2016-10-07T12:06:18","slug":"11-mars-berattelser-fran-israel-palestina","status":"publish","type":"page","link":"https:\/\/fn.se\/haparanda\/11-mars-berattelser-fran-israel-palestina\/","title":{"rendered":"11 mars: Ber\u00e4ttelser fr\u00e5n Israel \u2013 Palestina"},"content":{"rendered":"<h1>Israel \u2013 Palestina<\/h1>\n<p class=\"intro\">Margreta Spolander hade p\u00e5 Sv. Kyrkans uppdrag bes\u00f6kt regionen helt nyligen. Margareta delgav \u00e5h\u00f6rarna sina intryck fr\u00e5n studieresan vid en sammankomst den 11 mars i F\u00f6rsamlingshemmet i Haparanda. Anf\u00f6randet illustrerades med m\u00e5nga v\u00e4ltagna bilder fr\u00e5n bl.a. Jerusalem och Betlehem. Som tekniskt bitr\u00e4de vid bildvisningen fungerade p\u00e5 ett mycket proffsigt s\u00e4tt maken Lars Spolander.<\/p>\n<p><img loading=\"lazy\" decoding=\"async\" class=\"alignnone size-full wp-image-99\" src=\"https:\/\/fn.se\/haparanda\/wp-content\/uploads\/sites\/17\/2016\/10\/hap.israel.jpg\" alt=\"hap-israel\" width=\"470\" height=\"353\" srcset=\"https:\/\/fn.se\/haparanda\/wp-content\/uploads\/sites\/17\/2016\/10\/hap.israel.jpg 470w, https:\/\/fn.se\/haparanda\/wp-content\/uploads\/sites\/17\/2016\/10\/hap.israel-300x225.jpg 300w, https:\/\/fn.se\/haparanda\/wp-content\/uploads\/sites\/17\/2016\/10\/hap.israel-426x320.jpg 426w\" sizes=\"auto, (max-width: 470px) 100vw, 470px\" \/><\/p>\n<p>Att Margareta verkligen tagit intryck av vad hon upplevat under resan kunde publiken inte missta sig p\u00e5. Hennes ber\u00e4ttelser om den ytterst nedl\u00e5tande behandling som Israelerna utsatte Palestinierna f\u00f6r vid de s.k. check points-passkontroller mellan Israel-Palestina var helt om\u00e4nsklig. Palestinierna m\u00e5ste ibland stiga upp redan kl. 0200 p\u00e5 natten f\u00f6r att g\u00e5 till en check point och v\u00e4nta d\u00e4r till kanske kl.0700 eller 0800 f\u00f6r att komma till sitt livsviktiga arbete p\u00e5 andra sidan gr\u00e4nsen. Utan n\u00e5gon som helst anledning kunde palestinier helt nonchalant f\u00f6rv\u00e4gras passage. Tala om att f\u00f6rnedra m\u00e4nniskor. Jag f\u00f6rst\u00e5r att detta beteende i ren desperation i f\u00f6rl\u00e4ngningen kan utl\u00f6sa terrorhandlingar.<\/p>\n<p>Att en \u00e5tta meter h\u00f6g mur, helt godtyckligt byggts av Israelerna, ibland tv\u00e4rs \u00f6ver palestiniernas sedan urminnes tider \u00e4rvda odlingsland var ett annat flagrant \u00f6vergrepp mot grundl\u00e4ggande m\u00e4nskliga r\u00e4ttigheter. Utkomstm\u00f6jligheterna hade helt f\u00f6rsvunnit f\u00f6r m\u00e5nga palestinier.<\/p>\n<p>M\u00f6jligheterna till skolg\u00e5ng f\u00f6r palestinska barn var mycket begr\u00e4nsad, medan israeliska barn har v\u00e4rldens h\u00f6gsta utbildningsniv\u00e5.<\/p>\n<p>Illegala bos\u00e4ttningar p\u00e5 av israelerna ockuperade palestinska omr\u00e5den \u00e4r ett annat exempel p\u00e5 israelernas nonchalans mot alla lagar. Nu senast har Israel meddelat att man kommer att uppf\u00f6ra ytterligare 1600 illegala bos\u00e4ttningar.<br \/>\nDetta trots starka f\u00f6rd\u00f6manden fr\u00e5n FN, USA, Sverige och m\u00e5nga andra l\u00e4nder.<\/p>\n<p>Att palestinierna sk\u00f6t raketer-missiler fr\u00e5n Gaza in mot Israel \u00e4r obestridligt och klanderv\u00e4rt. Israels svar p\u00e5 detta st\u00e5r dock inte i n\u00e5gon som helst proportion till den fruktansv\u00e4rda f\u00f6rst\u00f6relse och lidande som Israel f\u00f6rosakade i Gaza.<\/p>\n<p>Situationen i omr\u00e5det \u00e4r mycket komplex. Israel har mycket starka yttre fiender som vill utpl\u00e5na Israel helt och h\u00e5llet. D\u00e4rf\u00f6r har Israel byggt upp en mycket stark f\u00f6rsvarsmakt som troligen \u00e4ven inneb\u00e4r innehav av k\u00e4rnvapen. M\u00e4n i Israel fullg\u00f6r alltid tre \u00e5rs v\u00e4rnplikt och kvinnor tv\u00e5 \u00e5r.<\/p>\n<p>Det \u00e4r k\u00e4nt att Judar-Israeler bosatta utomlands, runt hela v\u00e4rlden alltid lojalt st\u00f6ttar staten Israel med pengar eller p\u00e5 annat s\u00e4tt.<\/p>\n<p>Efter andra v\u00e4rldskriget n\u00e4r det konstaterades att nazisterna hade gasat ihj\u00e4l sex miljoner judar och Stalin hade tagit ihj\u00e4l ett ok\u00e4nt antal, beslutades i FN, under stor enighet, att bilda staten Israel, som en fristad \u00e5t judarna.<\/p>\n<p>Tyv\u00e4rr har det inte blivit vad man d\u00e5 hoppades p\u00e5. Men l\u00e5t oss inte f\u00f6rtr\u00f6ttas.<br \/>\nEndast genom f\u00f6rhandlingar, f\u00f6rsoning och medm\u00e4nsklighet kan konflikter och mots\u00e4ttningar l\u00f6sas.<\/p>\n<p><em>Harald Dahlgren<\/em><\/p>\n","protected":false},"excerpt":{"rendered":"<p>Israel \u2013 Palestina Margreta Spolander hade p\u00e5 Sv. Kyrkans uppdrag bes\u00f6kt regionen helt nyligen. Margareta delgav \u00e5h\u00f6rarna sina intryck fr\u00e5n&hellip;<\/p>\n","protected":false},"author":17,"featured_media":0,"parent":0,"menu_order":0,"comment_status":"closed","ping_status":"closed","template":"templates\/template-sub.php","meta":{"_acf_changed":false,"footnotes":"","_links_to":"","_links_to_target":""},"class_list":["post-98","page","type-page","status-publish","hentry"],"acf":[],"_links":{"self":[{"href":"https:\/\/fn.se\/haparanda\/wp-json\/wp\/v2\/pages\/98","targetHints":{"allow":["GET"]}}],"collection":[{"href":"https:\/\/fn.se\/haparanda\/wp-json\/wp\/v2\/pages"}],"about":[{"href":"https:\/\/fn.se\/haparanda\/wp-json\/wp\/v2\/types\/page"}],"author":[{"embeddable":true,"href":"https:\/\/fn.se\/haparanda\/wp-json\/wp\/v2\/users\/17"}],"replies":[{"embeddable":true,"href":"https:\/\/fn.se\/haparanda\/wp-json\/wp\/v2\/comments?post=98"}],"version-history":[{"count":1,"href":"https:\/\/fn.se\/haparanda\/wp-json\/wp\/v2\/pages\/98\/revisions"}],"predecessor-version":[{"id":100,"href":"https:\/\/fn.se\/haparanda\/wp-json\/wp\/v2\/pages\/98\/revisions\/100"}],"wp:attachment":[{"href":"https:\/\/fn.se\/haparanda\/wp-json\/wp\/v2\/media?parent=98"}],"curies":[{"name":"wp","href":"https:\/\/api.w.org\/{rel}","templated":true}]}}