{"id":94,"date":"2016-10-07T12:02:43","date_gmt":"2016-10-07T12:02:43","guid":{"rendered":"http:\/\/fn.se\/haparanda\/?page_id=94"},"modified":"2016-10-07T12:02:43","modified_gmt":"2016-10-07T12:02:43","slug":"1-mars-moldavien-landet-annorlunda","status":"publish","type":"page","link":"https:\/\/fn.se\/haparanda\/1-mars-moldavien-landet-annorlunda\/","title":{"rendered":"1 mars: Moldavien- landet annorlunda"},"content":{"rendered":"<h1>Moldavien landet annorlunda<\/h1>\n<p class=\"intro\">Vid ett ungdomsm\u00f6te p\u00e5 Stationen-Ungdomens hus i Haparanda,den 1:a mars, med ett 30-tal ungdomar n\u00e4rvarande, ber\u00e4ttade Globetrottern och SIDA-medarbetaren, Staffan Svanberg, med bilder, om sin studieresa till Moldavien.<\/p>\n<div id=\"attachment_95\" style=\"width: 480px\" class=\"wp-caption alignnone\"><img loading=\"lazy\" decoding=\"async\" aria-describedby=\"caption-attachment-95\" class=\"size-full wp-image-95\" src=\"https:\/\/fn.se\/haparanda\/wp-content\/uploads\/sites\/17\/2016\/10\/Staffan-Svanberg.jpg\" alt=\"F\u00f6redragsh\u00e5llaren Staffan Svanberg\" width=\"470\" height=\"353\" srcset=\"https:\/\/fn.se\/haparanda\/wp-content\/uploads\/sites\/17\/2016\/10\/Staffan-Svanberg.jpg 470w, https:\/\/fn.se\/haparanda\/wp-content\/uploads\/sites\/17\/2016\/10\/Staffan-Svanberg-300x225.jpg 300w, https:\/\/fn.se\/haparanda\/wp-content\/uploads\/sites\/17\/2016\/10\/Staffan-Svanberg-426x320.jpg 426w\" sizes=\"auto, (max-width: 470px) 100vw, 470px\" \/><p id=\"caption-attachment-95\" class=\"wp-caption-text\">F\u00f6redragsh\u00e5llaren Staffan Svanberg<\/p><\/div>\n<p>Svanberg hade unders\u00f6kt levnadsf\u00f6rh\u00e5llandena och skolsituationen i ett av Europas fattigaste l\u00e4nder. Utm\u00e4rkande \u00e4r att m\u00e4nniskorna sj\u00e4lva, producerar sina egna livsmedel. Att k\u00f6pa mat skulle befolkningen aldrig ha r\u00e5d med. Odlingsf\u00f6rh\u00e5llandena \u00e4r gynnsamma varf\u00f6r det \u00e4r m\u00f6jligt att \u00e4ven s\u00e4lja mindre kvantiteter f\u00f6do\u00e4mnen fr\u00e5n de egna odlingarna. Vid skilsm\u00e4ssan fr\u00e5n Sovjetunionen f\u00f6rsvann en stor del av den tekniska odlingsutrustningen, traktorer m.m., till Ryssland. Som dragare anv\u00e4ndes idag ofta enbart h\u00e4star. Alla Kolchoser och Sovchoser \u00e4r nu nerlagda och marken \u00e4r privatiserad. Man h\u00e5ller sakta p\u00e5 att bygga upp en fungerande marknadsekonomi. Ordningen i samh\u00e4llet synes god.<\/p>\n<p>Skolsituationen i landet k\u00e4nnetecknas av stor knapphet p\u00e5 undervisningsmaterial. Datorer och liknande utrustning saknas n\u00e4stan helt. D\u00e4remot \u00e4r studiedisiplinen och studieresultaten exemplariska, som i n\u00e4stan alla f.d. \u00f6ststatsregimer. De stora spr\u00e5ken i Moldavien \u00e4r Rum\u00e4nska och Ryska. Ungdomarna vill dock g\u00e4rna l\u00e4ra sig engelska.<\/p>\n<p>Vid m\u00f6tet diskuterade vi med v\u00e5ra ungdomar om att till sommaren s\u00e4nda 2-3 ungdomar fr\u00e5n Haparanda till Moldavien f\u00f6r att under en vecka studera Moldaviska skolor och ungdomars situation i landet. Tanken \u00e4r att sedan inleda ett ungdomsutbyte med Moldavien. \u00c5terst\u00e5r dock f\u00f6r FN-F\u00f6reningen att skaffa fram de 40-50000 kr som det skulle kosta att genomf\u00f6ra projektet.<\/p>\n<p><em>Harald Dahlgren<\/em><\/p>\n","protected":false},"excerpt":{"rendered":"<p>Moldavien landet annorlunda Vid ett ungdomsm\u00f6te p\u00e5 Stationen-Ungdomens hus i Haparanda,den 1:a mars, med ett 30-tal ungdomar n\u00e4rvarande, ber\u00e4ttade Globetrottern&hellip;<\/p>\n","protected":false},"author":17,"featured_media":0,"parent":0,"menu_order":0,"comment_status":"closed","ping_status":"closed","template":"templates\/template-sub.php","meta":{"_acf_changed":false,"footnotes":"","_links_to":"","_links_to_target":""},"class_list":["post-94","page","type-page","status-publish","hentry"],"acf":[],"_links":{"self":[{"href":"https:\/\/fn.se\/haparanda\/wp-json\/wp\/v2\/pages\/94","targetHints":{"allow":["GET"]}}],"collection":[{"href":"https:\/\/fn.se\/haparanda\/wp-json\/wp\/v2\/pages"}],"about":[{"href":"https:\/\/fn.se\/haparanda\/wp-json\/wp\/v2\/types\/page"}],"author":[{"embeddable":true,"href":"https:\/\/fn.se\/haparanda\/wp-json\/wp\/v2\/users\/17"}],"replies":[{"embeddable":true,"href":"https:\/\/fn.se\/haparanda\/wp-json\/wp\/v2\/comments?post=94"}],"version-history":[{"count":1,"href":"https:\/\/fn.se\/haparanda\/wp-json\/wp\/v2\/pages\/94\/revisions"}],"predecessor-version":[{"id":96,"href":"https:\/\/fn.se\/haparanda\/wp-json\/wp\/v2\/pages\/94\/revisions\/96"}],"wp:attachment":[{"href":"https:\/\/fn.se\/haparanda\/wp-json\/wp\/v2\/media?parent=94"}],"curies":[{"name":"wp","href":"https:\/\/api.w.org\/{rel}","templated":true}]}}