{"id":77,"date":"2016-10-07T11:43:31","date_gmt":"2016-10-07T11:43:31","guid":{"rendered":"http:\/\/fn.se\/haparanda\/?page_id=77"},"modified":"2016-10-07T11:43:31","modified_gmt":"2016-10-07T11:43:31","slug":"fn-dagen-i-haparanda-2009","status":"publish","type":"page","link":"https:\/\/fn.se\/haparanda\/fn-dagen-i-haparanda-2009\/","title":{"rendered":"FN-dagen i Haparanda 2009"},"content":{"rendered":"<h1>Fantastisk uppslutning p\u00e5 FN-dagen i Haparanda<\/h1>\n<p class=\"intro\">460 m\u00e4nniskor kom till arrangemanget p\u00e5 Folkets Hus i Haparanda. Fikat h\u00f6ll p\u00e5 att ta slut. Inledningsceremonin, med ljust\u00e4ndning och diktl\u00e4sning utf\u00f6rdes mycket st\u00e4mningsfullt av Rolf och Agneta Pelli.<\/p>\n<p>Tal av finske riksdagsmannen, Pekka Haavisto, och finske utrikesministerns speciella s\u00e4ndebud vid konflikter i fr\u00e4mmande l\u00e4nder. Haavisto har bred internationell erfarenhet av konfliktl\u00f6sning.<\/p>\n<p>Haavisto framh\u00f6ll bl.a. att han trodde att konflikten i Afghanistan aldrig kan l\u00f6sas med vapenmakt. Parterna m\u00e5ste s\u00e4tta sig ner och tala med varandra, inte bara till varandra. Man m\u00e5ste ocks\u00e5 lyssna mera p\u00e5 varandra.<\/p>\n<p>Biskopen Hans Stiglund framh\u00f6ll i sitt tal bl.a. att till\u00e4mpa det gammaltestamentliga \u00f6ga-f\u00f6r-\u00f6gareglerna snart skulle g\u00f6ra att v\u00e4rlden blir blind. Dessutom skulle v\u00e5ldet och terrorn \u00f6ka. Nej f\u00f6rl\u00e5telse , samf\u00f6rst\u00e5nd och f\u00f6rhandlingar \u00e4r en mycket b\u00e4ttre v\u00e4g.<\/p>\n<p>Generalsekreteraren i Finska R\u00f6dakorset, Kristiina Kumpula talade om v\u00e5r r\u00e4tt och skyldighet att hj\u00e4lpa m\u00e4nniskor i n\u00f6d. Helt enligt FN:s deklaration om de m\u00e4nskliga r\u00e4ttigheterna. Alla har r\u00e4tt till trygghet, \u00e5siktsfrihet, f\u00f6da, kl\u00e4der , bostad och utbildning.<\/p>\n<p>Vi i den b\u00e4ttre lottade delen av v\u00e4rlden skall hj\u00e4lpa de m\u00e4nniskor som inte har dessa grundl\u00e4ggande m\u00e4nskliga r\u00e4ttigheter framh\u00f6ll Kumpula.<\/p>\n<p>Den 175-h\u00f6vdade k\u00f6ren fr\u00e5n tv\u00e5 l\u00e4nder framf\u00f6rde m\u00e5nga otroligt vackra s\u00e5nger under bl.a. Dirigenten Markko Putilas ledning.<br \/>\nGr\u00e4nsbygdens Spelm\u00e4n , med Kapellm\u00e4staren Per-Ivan M\u00e4ki inramade det hela med musik, till en fanparad som mycket f\u00f6rtj\u00e4nstfullt leddes av ceremonim\u00e4staren Rolf Pelli.<\/p>\n<div id=\"attachment_78\" style=\"width: 460px\" class=\"wp-caption alignnone\"><img loading=\"lazy\" decoding=\"async\" aria-describedby=\"caption-attachment-78\" class=\"size-full wp-image-78\" src=\"https:\/\/fn.se\/haparanda\/wp-content\/uploads\/sites\/17\/2016\/10\/Haparanda-FN-dag-2009-1.jpg\" alt=\"Rolf Pelli t\u00e4nder ljus f\u00f6r v\u00e5ra fem v\u00e4rldsdelar och V\u00e4rldens Barn.\" width=\"450\" height=\"250\" srcset=\"https:\/\/fn.se\/haparanda\/wp-content\/uploads\/sites\/17\/2016\/10\/Haparanda-FN-dag-2009-1.jpg 450w, https:\/\/fn.se\/haparanda\/wp-content\/uploads\/sites\/17\/2016\/10\/Haparanda-FN-dag-2009-1-300x167.jpg 300w\" sizes=\"auto, (max-width: 450px) 100vw, 450px\" \/><p id=\"caption-attachment-78\" class=\"wp-caption-text\">Rolf Pelli t\u00e4nder ljus f\u00f6r v\u00e5ra fem v\u00e4rldsdelar och V\u00e4rldens Barn.<\/p><\/div>\n<div id=\"attachment_79\" style=\"width: 460px\" class=\"wp-caption alignnone\"><img loading=\"lazy\" decoding=\"async\" aria-describedby=\"caption-attachment-79\" class=\"size-full wp-image-79\" src=\"https:\/\/fn.se\/haparanda\/wp-content\/uploads\/sites\/17\/2016\/10\/Haparanda-FN-dag-2009-2.jpg\" alt=\"Stora K\u00f6ren under ledning av Markku Putila.\" width=\"450\" height=\"250\" srcset=\"https:\/\/fn.se\/haparanda\/wp-content\/uploads\/sites\/17\/2016\/10\/Haparanda-FN-dag-2009-2.jpg 450w, https:\/\/fn.se\/haparanda\/wp-content\/uploads\/sites\/17\/2016\/10\/Haparanda-FN-dag-2009-2-300x167.jpg 300w\" sizes=\"auto, (max-width: 450px) 100vw, 450px\" \/><p id=\"caption-attachment-79\" class=\"wp-caption-text\">Stora K\u00f6ren under ledning av Markku Putila.<\/p><\/div>\n<div id=\"attachment_80\" style=\"width: 460px\" class=\"wp-caption alignnone\"><img loading=\"lazy\" decoding=\"async\" aria-describedby=\"caption-attachment-80\" class=\"size-full wp-image-80\" src=\"https:\/\/fn.se\/haparanda\/wp-content\/uploads\/sites\/17\/2016\/10\/Haparanda-FN-dag-2009-3.jpg\" alt=\"Finske riksdagsmannen Pekka Haavisto\" width=\"450\" height=\"250\" srcset=\"https:\/\/fn.se\/haparanda\/wp-content\/uploads\/sites\/17\/2016\/10\/Haparanda-FN-dag-2009-3.jpg 450w, https:\/\/fn.se\/haparanda\/wp-content\/uploads\/sites\/17\/2016\/10\/Haparanda-FN-dag-2009-3-300x167.jpg 300w\" sizes=\"auto, (max-width: 450px) 100vw, 450px\" \/><p id=\"caption-attachment-80\" class=\"wp-caption-text\">Finske riksdagsmannen Pekka Haavisto<\/p><\/div>\n<div id=\"attachment_81\" style=\"width: 460px\" class=\"wp-caption alignnone\"><img loading=\"lazy\" decoding=\"async\" aria-describedby=\"caption-attachment-81\" class=\"size-full wp-image-81\" src=\"https:\/\/fn.se\/haparanda\/wp-content\/uploads\/sites\/17\/2016\/10\/Haparanda-FN-dag-2009-4.jpg\" alt=\"PRO-k\u00f6ren Lyckan Kalix.\" width=\"450\" height=\"250\" srcset=\"https:\/\/fn.se\/haparanda\/wp-content\/uploads\/sites\/17\/2016\/10\/Haparanda-FN-dag-2009-4.jpg 450w, https:\/\/fn.se\/haparanda\/wp-content\/uploads\/sites\/17\/2016\/10\/Haparanda-FN-dag-2009-4-300x167.jpg 300w\" sizes=\"auto, (max-width: 450px) 100vw, 450px\" \/><p id=\"caption-attachment-81\" class=\"wp-caption-text\">PRO-k\u00f6ren Lyckan Kalix.<\/p><\/div>\n<p>&nbsp;<\/p>\n","protected":false},"excerpt":{"rendered":"<p>Fantastisk uppslutning p\u00e5 FN-dagen i Haparanda 460 m\u00e4nniskor kom till arrangemanget p\u00e5 Folkets Hus i Haparanda. Fikat h\u00f6ll p\u00e5 att&hellip;<\/p>\n","protected":false},"author":17,"featured_media":0,"parent":0,"menu_order":0,"comment_status":"closed","ping_status":"closed","template":"templates\/template-sub.php","meta":{"_acf_changed":false,"footnotes":"","_links_to":"","_links_to_target":""},"class_list":["post-77","page","type-page","status-publish","hentry"],"acf":[],"_links":{"self":[{"href":"https:\/\/fn.se\/haparanda\/wp-json\/wp\/v2\/pages\/77","targetHints":{"allow":["GET"]}}],"collection":[{"href":"https:\/\/fn.se\/haparanda\/wp-json\/wp\/v2\/pages"}],"about":[{"href":"https:\/\/fn.se\/haparanda\/wp-json\/wp\/v2\/types\/page"}],"author":[{"embeddable":true,"href":"https:\/\/fn.se\/haparanda\/wp-json\/wp\/v2\/users\/17"}],"replies":[{"embeddable":true,"href":"https:\/\/fn.se\/haparanda\/wp-json\/wp\/v2\/comments?post=77"}],"version-history":[{"count":1,"href":"https:\/\/fn.se\/haparanda\/wp-json\/wp\/v2\/pages\/77\/revisions"}],"predecessor-version":[{"id":82,"href":"https:\/\/fn.se\/haparanda\/wp-json\/wp\/v2\/pages\/77\/revisions\/82"}],"wp:attachment":[{"href":"https:\/\/fn.se\/haparanda\/wp-json\/wp\/v2\/media?parent=77"}],"curies":[{"name":"wp","href":"https:\/\/api.w.org\/{rel}","templated":true}]}}