{"id":60,"date":"2016-10-07T11:15:41","date_gmt":"2016-10-07T11:15:41","guid":{"rendered":"http:\/\/fn.se\/haparanda\/?page_id=60"},"modified":"2016-10-07T11:27:11","modified_gmt":"2016-10-07T11:27:11","slug":"15-november-budkavlestart-for-budkavle","status":"publish","type":"page","link":"https:\/\/fn.se\/haparanda\/15-november-budkavlestart-for-budkavle\/","title":{"rendered":"15 november Budkavlestart f\u00f6r budkavle"},"content":{"rendered":"<h1>Budkavlestart f\u00f6r budkavle<\/h1>\n<p class=\"intro\">Budkavlen f\u00f6r en k\u00e4rnvapenfri v\u00e4rld startade exakt kl. 1155, fem i tolv, p\u00e5 Biblioteket i Haparanda p\u00e5 l\u00f6rdagen 15 november 2008.<\/p>\n<p>I n\u00e4rvaro av bl.a. kommunalr\u00e5det Sven-Erik Bucht startade budkavlen som skall g\u00e5 via alla Sveriges kommuner och om ca ett \u00e5r landa p\u00e5 regeringskansliet i Stockholm f.v.b. till FN:s Generalf\u00f6rsamling i <img loading=\"lazy\" decoding=\"async\" class=\"alignright size-full wp-image-61\" src=\"https:\/\/fn.se\/haparanda\/wp-content\/uploads\/sites\/17\/2016\/10\/budkavle.jpg\" alt=\"budkavle\" width=\"235\" height=\"176\" \/>New York. Under 2010 skall ickespridningsavtalet omf\u00f6rhandlas i FN.<\/p>\n<p>Kommunalr\u00e5det sa i sin inledningsapell bl.a. att Sverige har sedan l\u00e5ng tid varit drivande i FN f\u00f6r k\u00e4rnvapennedrustning. Under nittiotalet sl\u00f6ts avtal som gav hopp inf\u00f6r framtiden. Men nu \u00f6kar \u00e5ter k\u00e4rnvapenhotet i v\u00e4rlden, b\u00e5de genom upprustning i de gamla k\u00e4rnvapennationerna och genom spridning till nya stater. Kalla konfliktvindar bl\u00e5ser \u00e5ter i v\u00e4rlden.<\/p>\n<p>Vi skall aldrig gl\u00f6mma Hiroshima och Nagasaki och de fruktansv\u00e4rda f\u00f6ljderna av de tv\u00e5 atombomber som i andra v\u00e4rldskrigets slutskede<br \/>\nfullst\u00e4ndigt utraderade dessa tv\u00e5 Japanska st\u00e4der. 100-tusentals m\u00e4nniskor dog omedelbart och minst lika m\u00e5nga fick men f\u00f6r livet.<\/p>\n<p>Deltagarna i manifestationen var helt \u00f6verens att vi nu kr\u00e4ver att Sveriges regering \u00e5terupptar sin aktiva roll och driver p\u00e5 arbetet f\u00f6r en TOTAL k\u00e4rnvapennedrustning.<\/p>\n<p>F\u00f6r underh\u00e5llningen vid starten av Budkavlen medverkade Gr\u00e4nsl\u00f6sa Spelm\u00e4n med ett flertal finst\u00e4mda musikstycken. Mycket proffsigt framf\u00f6rda under ledning av kapellm\u00e4staren Per-Ivan M\u00e4ki. Speciellt uppskattades \u201dS\u00e5ngen om Frihet\u201d av Mikis Theodorakis.<\/p>\n<p>Ljuv musik och s\u00e5ng framf\u00f6rdes ocks\u00e5 av Sami Bergman och Mandy Senger, som p\u00e5 ett medryckande s\u00e4tt, exekverade underh\u00e5llning b\u00e5de p\u00e5 svenska, finska och samiska.<\/p>\n<p>Budkavlebanderollen s\u00e4ndes samma dag till \u00d6vertorne\u00e5, som \u00e4r n\u00e4sta kommun att manifestera f\u00f6r en k\u00e4rnvapenfri v\u00e4rld.<\/p>\n<p>Arrangemanget var ett samarrangemang av FN-F\u00f6reningen och Studief\u00f6rbundet Vuxenskolan.<\/p>\n<p>Harald Dahlgren<br \/>\nOrdf. Haparanda FN-F\u00f6rening<\/p>\n<p><a title=\"L\u00e4s mer om budkavlen\" href=\"https:\/\/fn.se\/haparanda\/om-budkavlen\/\">L\u00e4s mer om budkavlen<\/a><\/p>\n","protected":false},"excerpt":{"rendered":"<p>Budkavlestart f\u00f6r budkavle Budkavlen f\u00f6r en k\u00e4rnvapenfri v\u00e4rld startade exakt kl. 1155, fem i tolv, p\u00e5 Biblioteket i Haparanda p\u00e5&hellip;<\/p>\n","protected":false},"author":17,"featured_media":0,"parent":0,"menu_order":0,"comment_status":"closed","ping_status":"closed","template":"templates\/template-sub.php","meta":{"_acf_changed":false,"footnotes":"","_links_to":"","_links_to_target":""},"class_list":["post-60","page","type-page","status-publish","hentry"],"acf":[],"_links":{"self":[{"href":"https:\/\/fn.se\/haparanda\/wp-json\/wp\/v2\/pages\/60","targetHints":{"allow":["GET"]}}],"collection":[{"href":"https:\/\/fn.se\/haparanda\/wp-json\/wp\/v2\/pages"}],"about":[{"href":"https:\/\/fn.se\/haparanda\/wp-json\/wp\/v2\/types\/page"}],"author":[{"embeddable":true,"href":"https:\/\/fn.se\/haparanda\/wp-json\/wp\/v2\/users\/17"}],"replies":[{"embeddable":true,"href":"https:\/\/fn.se\/haparanda\/wp-json\/wp\/v2\/comments?post=60"}],"version-history":[{"count":3,"href":"https:\/\/fn.se\/haparanda\/wp-json\/wp\/v2\/pages\/60\/revisions"}],"predecessor-version":[{"id":70,"href":"https:\/\/fn.se\/haparanda\/wp-json\/wp\/v2\/pages\/60\/revisions\/70"}],"wp:attachment":[{"href":"https:\/\/fn.se\/haparanda\/wp-json\/wp\/v2\/media?parent=60"}],"curies":[{"name":"wp","href":"https:\/\/api.w.org\/{rel}","templated":true}]}}