{"id":54,"date":"2016-10-07T11:05:12","date_gmt":"2016-10-07T11:05:12","guid":{"rendered":"http:\/\/fn.se\/haparanda\/?page_id=54"},"modified":"2016-10-07T11:05:12","modified_gmt":"2016-10-07T11:05:12","slug":"fn-dagsfirandet-ar-2008","status":"publish","type":"page","link":"https:\/\/fn.se\/haparanda\/fn-dagsfirandet-ar-2008\/","title":{"rendered":"FN-dagsfirandet \u00e5r 2008"},"content":{"rendered":"<h1>FN-dagsfirandet \u00e5r 2008<\/h1>\n<p class=\"intro\">Haparanda kyrka var n\u00e4stan fullsatt n\u00e4r Gr\u00e4nsbygdens Spelm\u00e4n, spelande Ockelbo G\u00e5ngl\u00e5t, i t\u00e4ten f\u00f6r fanborgen t\u00e5gade in i kyrkan. En vacker ljusceremoni f\u00f6r v\u00e4rldens barn med mycket ansl\u00e5ende diktl\u00e4sning av Agneta Pelli inledde firandet.<\/p>\n<p>H\u00f6gtidstalet h\u00f6lls p\u00e5 ett mycket v\u00e4rdigt och f\u00f6rtj\u00e4nstfullt av V\u00e4rdens Barns Generalen Lars Suo. Flera k\u00f6rer exekverade st\u00e4mningsfulla och vackra s\u00e5nger. Familjen Fehmi Mahdi erh\u00f6ll under stort bifall fr\u00e5n alla FN-dagsfirare, FN-F\u00f6reningens invandrarstipendium. Pr\u00e4sten Ari Niskala avrundade med en kort b\u00f6n.<\/p>\n<h4>Bilder fr\u00e5n firandet:<\/h4>\n<div id=\"attachment_55\" style=\"width: 480px\" class=\"wp-caption alignnone\"><img loading=\"lazy\" decoding=\"async\" aria-describedby=\"caption-attachment-55\" class=\"size-full wp-image-55\" src=\"https:\/\/fn.se\/haparanda\/wp-content\/uploads\/sites\/17\/2016\/10\/Haparanda-Fam.-Fehmi-Mahdi-lyssnar-till-alla-ber\u00f6mmand-ord-fr\u00e5n-Haparandaborna-f\u00f6rmedlade-av-Harald-Dahlgren.jpg\" alt=\"Fam. Fehmi Mahdi lyssnar till alla ber\u00f6mmand ord fr\u00e5n Haparandaborna, f\u00f6rmedlade av Harald Dahlgren\" width=\"470\" height=\"353\" srcset=\"https:\/\/fn.se\/haparanda\/wp-content\/uploads\/sites\/17\/2016\/10\/Haparanda-Fam.-Fehmi-Mahdi-lyssnar-till-alla-ber\u00f6mmand-ord-fr\u00e5n-Haparandaborna-f\u00f6rmedlade-av-Harald-Dahlgren.jpg 470w, https:\/\/fn.se\/haparanda\/wp-content\/uploads\/sites\/17\/2016\/10\/Haparanda-Fam.-Fehmi-Mahdi-lyssnar-till-alla-ber\u00f6mmand-ord-fr\u00e5n-Haparandaborna-f\u00f6rmedlade-av-Harald-Dahlgren-300x225.jpg 300w, https:\/\/fn.se\/haparanda\/wp-content\/uploads\/sites\/17\/2016\/10\/Haparanda-Fam.-Fehmi-Mahdi-lyssnar-till-alla-ber\u00f6mmand-ord-fr\u00e5n-Haparandaborna-f\u00f6rmedlade-av-Harald-Dahlgren-426x320.jpg 426w\" sizes=\"auto, (max-width: 470px) 100vw, 470px\" \/><p id=\"caption-attachment-55\" class=\"wp-caption-text\">Fam. Fehmi Mahdi lyssnar till alla ber\u00f6mmand ord fr\u00e5n Haparandaborna, f\u00f6rmedlade av Harald Dahlgren<\/p><\/div>\n<div id=\"attachment_56\" style=\"width: 480px\" class=\"wp-caption alignnone\"><img loading=\"lazy\" decoding=\"async\" aria-describedby=\"caption-attachment-56\" class=\"size-full wp-image-56\" src=\"https:\/\/fn.se\/haparanda\/wp-content\/uploads\/sites\/17\/2016\/10\/Haparanda-Fanborgen.-FN-fanan-Svenska-Finska-Ryska-Lions-och-R\u00f6da-Korsets-fanor-deltog-i-processionen..jpg\" alt=\"Fanborgen. FN-fanan, Svenska, Finska ,Ryska, Lions och R\u00f6da Korsets fanor deltog i processionen.\" width=\"470\" height=\"353\" srcset=\"https:\/\/fn.se\/haparanda\/wp-content\/uploads\/sites\/17\/2016\/10\/Haparanda-Fanborgen.-FN-fanan-Svenska-Finska-Ryska-Lions-och-R\u00f6da-Korsets-fanor-deltog-i-processionen..jpg 470w, https:\/\/fn.se\/haparanda\/wp-content\/uploads\/sites\/17\/2016\/10\/Haparanda-Fanborgen.-FN-fanan-Svenska-Finska-Ryska-Lions-och-R\u00f6da-Korsets-fanor-deltog-i-processionen.-300x225.jpg 300w, https:\/\/fn.se\/haparanda\/wp-content\/uploads\/sites\/17\/2016\/10\/Haparanda-Fanborgen.-FN-fanan-Svenska-Finska-Ryska-Lions-och-R\u00f6da-Korsets-fanor-deltog-i-processionen.-426x320.jpg 426w\" sizes=\"auto, (max-width: 470px) 100vw, 470px\" \/><p id=\"caption-attachment-56\" class=\"wp-caption-text\">Fanborgen. FN-fanan, Svenska, Finska ,Ryska, Lions och R\u00f6da Korsets fanor deltog i processionen.<\/p><\/div>\n<div id=\"attachment_57\" style=\"width: 480px\" class=\"wp-caption alignnone\"><img loading=\"lazy\" decoding=\"async\" aria-describedby=\"caption-attachment-57\" class=\"size-full wp-image-57\" src=\"https:\/\/fn.se\/haparanda\/wp-content\/uploads\/sites\/17\/2016\/10\/Haparanda-V\u00e4rldens-Barns-Generalen-Lars-Suo-h\u00e5ller-H\u00f6gtidstalet..jpg\" alt=\"V\u00e4rldens Barns Generalen, Lars Suo, h\u00e5ller H\u00f6gtidstalet.\" width=\"470\" height=\"353\" srcset=\"https:\/\/fn.se\/haparanda\/wp-content\/uploads\/sites\/17\/2016\/10\/Haparanda-V\u00e4rldens-Barns-Generalen-Lars-Suo-h\u00e5ller-H\u00f6gtidstalet..jpg 470w, https:\/\/fn.se\/haparanda\/wp-content\/uploads\/sites\/17\/2016\/10\/Haparanda-V\u00e4rldens-Barns-Generalen-Lars-Suo-h\u00e5ller-H\u00f6gtidstalet.-300x225.jpg 300w, https:\/\/fn.se\/haparanda\/wp-content\/uploads\/sites\/17\/2016\/10\/Haparanda-V\u00e4rldens-Barns-Generalen-Lars-Suo-h\u00e5ller-H\u00f6gtidstalet.-426x320.jpg 426w\" sizes=\"auto, (max-width: 470px) 100vw, 470px\" \/><p id=\"caption-attachment-57\" class=\"wp-caption-text\">V\u00e4rldens Barns Generalen, Lars Suo, h\u00e5ller H\u00f6gtidstalet.<\/p><\/div>\n","protected":false},"excerpt":{"rendered":"<p>FN-dagsfirandet \u00e5r 2008 Haparanda kyrka var n\u00e4stan fullsatt n\u00e4r Gr\u00e4nsbygdens Spelm\u00e4n, spelande Ockelbo G\u00e5ngl\u00e5t, i t\u00e4ten f\u00f6r fanborgen t\u00e5gade in&hellip;<\/p>\n","protected":false},"author":17,"featured_media":0,"parent":0,"menu_order":0,"comment_status":"closed","ping_status":"closed","template":"templates\/template-sub.php","meta":{"_acf_changed":false,"footnotes":"","_links_to":"","_links_to_target":""},"class_list":["post-54","page","type-page","status-publish","hentry"],"acf":[],"_links":{"self":[{"href":"https:\/\/fn.se\/haparanda\/wp-json\/wp\/v2\/pages\/54","targetHints":{"allow":["GET"]}}],"collection":[{"href":"https:\/\/fn.se\/haparanda\/wp-json\/wp\/v2\/pages"}],"about":[{"href":"https:\/\/fn.se\/haparanda\/wp-json\/wp\/v2\/types\/page"}],"author":[{"embeddable":true,"href":"https:\/\/fn.se\/haparanda\/wp-json\/wp\/v2\/users\/17"}],"replies":[{"embeddable":true,"href":"https:\/\/fn.se\/haparanda\/wp-json\/wp\/v2\/comments?post=54"}],"version-history":[{"count":1,"href":"https:\/\/fn.se\/haparanda\/wp-json\/wp\/v2\/pages\/54\/revisions"}],"predecessor-version":[{"id":58,"href":"https:\/\/fn.se\/haparanda\/wp-json\/wp\/v2\/pages\/54\/revisions\/58"}],"wp:attachment":[{"href":"https:\/\/fn.se\/haparanda\/wp-json\/wp\/v2\/media?parent=54"}],"curies":[{"name":"wp","href":"https:\/\/api.w.org\/{rel}","templated":true}]}}