{"id":371,"date":"2018-08-07T16:00:56","date_gmt":"2018-08-07T16:00:56","guid":{"rendered":"https:\/\/fn.se\/haparanda\/?page_id=371"},"modified":"2018-08-07T16:00:56","modified_gmt":"2018-08-07T16:00:56","slug":"harald-dahlgrens-minnesstipendium-for-manskliga-rattigheter-utdelat","status":"publish","type":"page","link":"https:\/\/fn.se\/haparanda\/harald-dahlgrens-minnesstipendium-for-manskliga-rattigheter-utdelat\/","title":{"rendered":"Harald Dahlgrens minnesstipendium f\u00f6r m\u00e4nskliga r\u00e4ttigheter utdelat"},"content":{"rendered":"<p><img loading=\"lazy\" decoding=\"async\" class=\"wp-image-368 aligncenter\" src=\"https:\/\/fn.se\/haparanda\/wp-content\/uploads\/sites\/17\/2018\/08\/Stipendiater.jpg\" alt=\"\" width=\"711\" height=\"727\" srcset=\"https:\/\/fn.se\/haparanda\/wp-content\/uploads\/sites\/17\/2018\/08\/Stipendiater.jpg 683w, https:\/\/fn.se\/haparanda\/wp-content\/uploads\/sites\/17\/2018\/08\/Stipendiater-294x300.jpg 294w, https:\/\/fn.se\/haparanda\/wp-content\/uploads\/sites\/17\/2018\/08\/Stipendiater-650x664.jpg 650w\" sizes=\"auto, (max-width: 711px) 100vw, 711px\" \/><\/p>\n","protected":false},"excerpt":{"rendered":"","protected":false},"author":37,"featured_media":0,"parent":0,"menu_order":0,"comment_status":"closed","ping_status":"closed","template":"","meta":{"_acf_changed":false,"footnotes":"","_links_to":"","_links_to_target":""},"class_list":["post-371","page","type-page","status-publish","hentry"],"acf":[],"_links":{"self":[{"href":"https:\/\/fn.se\/haparanda\/wp-json\/wp\/v2\/pages\/371","targetHints":{"allow":["GET"]}}],"collection":[{"href":"https:\/\/fn.se\/haparanda\/wp-json\/wp\/v2\/pages"}],"about":[{"href":"https:\/\/fn.se\/haparanda\/wp-json\/wp\/v2\/types\/page"}],"author":[{"embeddable":true,"href":"https:\/\/fn.se\/haparanda\/wp-json\/wp\/v2\/users\/37"}],"replies":[{"embeddable":true,"href":"https:\/\/fn.se\/haparanda\/wp-json\/wp\/v2\/comments?post=371"}],"version-history":[{"count":1,"href":"https:\/\/fn.se\/haparanda\/wp-json\/wp\/v2\/pages\/371\/revisions"}],"predecessor-version":[{"id":372,"href":"https:\/\/fn.se\/haparanda\/wp-json\/wp\/v2\/pages\/371\/revisions\/372"}],"wp:attachment":[{"href":"https:\/\/fn.se\/haparanda\/wp-json\/wp\/v2\/media?parent=371"}],"curies":[{"name":"wp","href":"https:\/\/api.w.org\/{rel}","templated":true}]}}