{"id":315,"date":"2017-08-17T20:24:20","date_gmt":"2017-08-17T20:24:20","guid":{"rendered":"https:\/\/fn.se\/haparanda\/?page_id=315"},"modified":"2017-08-17T21:05:58","modified_gmt":"2017-08-17T21:05:58","slug":"315-2","status":"publish","type":"page","link":"https:\/\/fn.se\/haparanda\/315-2\/","title":{"rendered":"FN-dagen 2016"},"content":{"rendered":"<h2>FN-dagen 2016<\/h2>\n<p>FN-dagen firades sedvanligt i Haparanda Kyrka, m\u00e5ndagen den 24 oktober 2016 klockan 18.00.<br \/>\nKyrkan var v\u00e4lfylld vilket det bekr\u00e4ftar att arrangemanget \u00e4r uppskattat och att fredsfr\u00e5gorna<br \/>\nengagerar.<\/p>\n<p>Per-Ivan M\u00e4ki och Gr\u00e4nsl\u00f6sa spelm\u00e4n, Ann-Sofie Ailovuo, Per Eriksson, internationella k\u00f6ren,<br \/>\nMarkku Putila och k\u00f6ren Gr\u00e4nsklang, med flera stod f\u00f6r finst\u00e4md musik under kv\u00e4llens program.<br \/>\nBer\u00e4ttelser fr\u00e5n flyktingar ber\u00f6rde m\u00e5nga, d\u00e4r Pirkko Ailovuo hj\u00e4lpt ber\u00e4ttarna med text och spr\u00e5k. Ida<br \/>\nKarkiainen h\u00f6ll v\u00e4lkomsttal och pratade om vikten av FN i v\u00e5r v\u00e4rld och v\u00e5rt samh\u00e4lle. Ida ber\u00e4ttade<br \/>\nom aktuella fr\u00e5gor inom FN, s\u00e5som nya generalsekreteraren och Sveriges plats i s\u00e4kerhetsr\u00e5det samt<br \/>\nuppmuntrade till engagemang i f\u00f6reningen. Lena Lahti var h\u00f6gtidstalare och pratade om allm\u00e4nna<br \/>\nflyktingfr\u00e5gor samt hur vi blivit ber\u00f6rda av ber\u00e4ttelserna, bilderna och m\u00e4nniskorna. Lena talade ocks\u00e5<br \/>\nom vad vi konkret kan g\u00f6ra f\u00f6r att hj\u00e4lpa och f\u00f6rb\u00e4ttra integrationen i samh\u00e4llet. Kyrkoherde Juha<br \/>\nRauhala h\u00f6ll en b\u00f6n f\u00f6r fred och kollekt upptogs till f\u00f6rm\u00e5n f\u00f6r Flyktinghj\u00e4lpen Haparanda. Efter<br \/>\nceremonin bj\u00f6d Lottorna p\u00e5 kaffe i F\u00f6rsamlingshemmet.<\/p>\n","protected":false},"excerpt":{"rendered":"<p>FN-dagen 2016 FN-dagen firades sedvanligt i Haparanda Kyrka, m\u00e5ndagen den 24 oktober 2016 klockan 18.00. Kyrkan var v\u00e4lfylld vilket det&hellip;<\/p>\n","protected":false},"author":37,"featured_media":0,"parent":0,"menu_order":0,"comment_status":"closed","ping_status":"closed","template":"","meta":{"_acf_changed":false,"footnotes":"","_links_to":"","_links_to_target":""},"class_list":["post-315","page","type-page","status-publish","hentry"],"acf":[],"_links":{"self":[{"href":"https:\/\/fn.se\/haparanda\/wp-json\/wp\/v2\/pages\/315","targetHints":{"allow":["GET"]}}],"collection":[{"href":"https:\/\/fn.se\/haparanda\/wp-json\/wp\/v2\/pages"}],"about":[{"href":"https:\/\/fn.se\/haparanda\/wp-json\/wp\/v2\/types\/page"}],"author":[{"embeddable":true,"href":"https:\/\/fn.se\/haparanda\/wp-json\/wp\/v2\/users\/37"}],"replies":[{"embeddable":true,"href":"https:\/\/fn.se\/haparanda\/wp-json\/wp\/v2\/comments?post=315"}],"version-history":[{"count":3,"href":"https:\/\/fn.se\/haparanda\/wp-json\/wp\/v2\/pages\/315\/revisions"}],"predecessor-version":[{"id":327,"href":"https:\/\/fn.se\/haparanda\/wp-json\/wp\/v2\/pages\/315\/revisions\/327"}],"wp:attachment":[{"href":"https:\/\/fn.se\/haparanda\/wp-json\/wp\/v2\/media?parent=315"}],"curies":[{"name":"wp","href":"https:\/\/api.w.org\/{rel}","templated":true}]}}