{"id":31,"date":"2016-10-07T09:37:41","date_gmt":"2016-10-07T09:37:41","guid":{"rendered":"http:\/\/fn.se\/haparanda\/?page_id=31"},"modified":"2018-08-29T18:37:22","modified_gmt":"2018-08-29T18:37:22","slug":"protokoll","status":"publish","type":"page","link":"https:\/\/fn.se\/haparanda\/protokoll\/","title":{"rendered":"\u00c5rsm\u00f6teshandlingar"},"content":{"rendered":"<h2>\u00c5rsm\u00f6teshandlingar<\/h2>\n<p>H\u00e4r hittar du protokoll, verksamhetsber\u00e4ttelser och verksamhetsplaner fr\u00e5n tidigare \u00e5rsm\u00f6ten.<\/p>\n<h4>\u00c5rsm\u00f6tesprotokoll<\/h4>\n<p><a href=\"https:\/\/fn.se\/haparanda\/wp-content\/uploads\/sites\/17\/2016\/10\/protokoll_Haparanda.pdf\">Protokoll fr\u00e5n \u00e5rsm\u00f6te 2014<\/a><\/p>\n<h4>Verksamhetsber\u00e4ttelser<\/h4>\n<p><a href=\"https:\/\/fn.se\/haparanda\/wp-content\/uploads\/sites\/17\/2016\/10\/Haparanda-verksamhetsber\u00e4ttelse2010.pdf\">Verksamhetsber\u00e4ttelse 2010<\/a><br \/>\n<a href=\"https:\/\/fn.se\/haparanda\/wp-content\/uploads\/sites\/17\/2016\/10\/Haparanda-verksamhetsber\u00e4ttelse-2009.pdf\">Verksamhetsber\u00e4ttelse 2009<\/a><br \/>\n<a href=\"https:\/\/fn.se\/haparanda\/wp-content\/uploads\/sites\/17\/2016\/10\/Haparanda-Verksamhetsber\u00e4ttelse-2008.pdf\">Verksamhetsber\u00e4ttelse 2008<\/a><br \/>\n<a href=\"https:\/\/fn.se\/haparanda\/wp-content\/uploads\/sites\/17\/2016\/10\/Haparanda-Verksamhetsber\u00e4ttelse-2007.pdf\">Verksamhetsber\u00e4ttelse 2007<\/a><\/p>\n<h4>Verksamhetsplaner<\/h4>\n<p><a href=\"https:\/\/fn.se\/haparanda\/wp-content\/uploads\/sites\/17\/2016\/10\/Haparanda-Verksamhetsplan-2014.pdf\">Verksamhetsplan 2014<\/a><br \/>\n<a href=\"https:\/\/fn.se\/haparanda\/wp-content\/uploads\/sites\/17\/2016\/10\/Haparanda-verksamhetsplan-2012.pdf\">Verksamhetsplan 2012<\/a><br \/>\n<a href=\"https:\/\/fn.se\/haparanda\/wp-content\/uploads\/sites\/17\/2016\/10\/Haparanda-verksamhetsplan-2011.pdf\">Verksamhetsplan 2011<\/a><br \/>\n<a href=\"https:\/\/fn.se\/haparanda\/wp-content\/uploads\/sites\/17\/2016\/10\/Haparanda-verksamhetsplan-2010.pdf\">Verksamhetsplan 2010<\/a><br \/>\n<a href=\"https:\/\/fn.se\/haparanda\/wp-content\/uploads\/sites\/17\/2016\/10\/Haparanda-verksamhetsplan-2009.pdf\">Verksamhetsplan 2009<\/a><\/p>\n","protected":false},"excerpt":{"rendered":"<p>\u00c5rsm\u00f6teshandlingar H\u00e4r hittar du protokoll, verksamhetsber\u00e4ttelser och verksamhetsplaner fr\u00e5n tidigare \u00e5rsm\u00f6ten. \u00c5rsm\u00f6tesprotokoll Protokoll fr\u00e5n \u00e5rsm\u00f6te 2014 Verksamhetsber\u00e4ttelser Verksamhetsber\u00e4ttelse 2010 Verksamhetsber\u00e4ttelse&hellip;<\/p>\n","protected":false},"author":1,"featured_media":0,"parent":0,"menu_order":0,"comment_status":"closed","ping_status":"closed","template":"templates\/template-sub.php","meta":{"_acf_changed":false,"footnotes":"","_links_to":"","_links_to_target":""},"class_list":["post-31","page","type-page","status-publish","hentry"],"acf":[],"_links":{"self":[{"href":"https:\/\/fn.se\/haparanda\/wp-json\/wp\/v2\/pages\/31","targetHints":{"allow":["GET"]}}],"collection":[{"href":"https:\/\/fn.se\/haparanda\/wp-json\/wp\/v2\/pages"}],"about":[{"href":"https:\/\/fn.se\/haparanda\/wp-json\/wp\/v2\/types\/page"}],"author":[{"embeddable":true,"href":"https:\/\/fn.se\/haparanda\/wp-json\/wp\/v2\/users\/1"}],"replies":[{"embeddable":true,"href":"https:\/\/fn.se\/haparanda\/wp-json\/wp\/v2\/comments?post=31"}],"version-history":[{"count":5,"href":"https:\/\/fn.se\/haparanda\/wp-json\/wp\/v2\/pages\/31\/revisions"}],"predecessor-version":[{"id":395,"href":"https:\/\/fn.se\/haparanda\/wp-json\/wp\/v2\/pages\/31\/revisions\/395"}],"wp:attachment":[{"href":"https:\/\/fn.se\/haparanda\/wp-json\/wp\/v2\/media?parent=31"}],"curies":[{"name":"wp","href":"https:\/\/api.w.org\/{rel}","templated":true}]}}