{"id":293,"date":"2016-10-11T08:21:16","date_gmt":"2016-10-11T08:21:16","guid":{"rendered":"http:\/\/fn.se\/haparanda\/?page_id=293"},"modified":"2016-10-11T08:22:22","modified_gmt":"2016-10-11T08:22:22","slug":"att-slappa-knark-fritt-ar-inte-humanism","status":"publish","type":"page","link":"https:\/\/fn.se\/haparanda\/att-slappa-knark-fritt-ar-inte-humanism\/","title":{"rendered":"&#8221;Att sl\u00e4ppa knark fritt \u00e4r inte humanism&#8221;"},"content":{"rendered":"<h1>&#8221;Att sl\u00e4ppa knark fritt \u00e4r inte humanism&#8221;<\/h1>\n<p class=\"intro\">L\u00e4s v\u00e5r debattatikel i SvD<\/p>\n<p class=\"intro\"><img loading=\"lazy\" decoding=\"async\" class=\"alignnone size-large wp-image-294\" src=\"https:\/\/fn.se\/haparanda\/wp-content\/uploads\/sites\/17\/2016\/10\/Artikel-734x1024.jpg\" alt=\"artikel\" width=\"734\" height=\"1024\" srcset=\"https:\/\/fn.se\/haparanda\/wp-content\/uploads\/sites\/17\/2016\/10\/Artikel-734x1024.jpg 734w, https:\/\/fn.se\/haparanda\/wp-content\/uploads\/sites\/17\/2016\/10\/Artikel-215x300.jpg 215w, https:\/\/fn.se\/haparanda\/wp-content\/uploads\/sites\/17\/2016\/10\/Artikel-768x1072.jpg 768w, https:\/\/fn.se\/haparanda\/wp-content\/uploads\/sites\/17\/2016\/10\/Artikel-229x320.jpg 229w, https:\/\/fn.se\/haparanda\/wp-content\/uploads\/sites\/17\/2016\/10\/Artikel-502x700.jpg 502w, https:\/\/fn.se\/haparanda\/wp-content\/uploads\/sites\/17\/2016\/10\/Artikel.jpg 1986w\" sizes=\"auto, (max-width: 734px) 100vw, 734px\" \/><\/p>\n","protected":false},"excerpt":{"rendered":"<p>&#8221;Att sl\u00e4ppa knark fritt \u00e4r inte humanism&#8221; L\u00e4s v\u00e5r debattatikel i SvD<\/p>\n","protected":false},"author":17,"featured_media":0,"parent":0,"menu_order":0,"comment_status":"closed","ping_status":"closed","template":"templates\/template-sub.php","meta":{"_acf_changed":false,"footnotes":"","_links_to":"","_links_to_target":""},"class_list":["post-293","page","type-page","status-publish","hentry"],"acf":[],"_links":{"self":[{"href":"https:\/\/fn.se\/haparanda\/wp-json\/wp\/v2\/pages\/293","targetHints":{"allow":["GET"]}}],"collection":[{"href":"https:\/\/fn.se\/haparanda\/wp-json\/wp\/v2\/pages"}],"about":[{"href":"https:\/\/fn.se\/haparanda\/wp-json\/wp\/v2\/types\/page"}],"author":[{"embeddable":true,"href":"https:\/\/fn.se\/haparanda\/wp-json\/wp\/v2\/users\/17"}],"replies":[{"embeddable":true,"href":"https:\/\/fn.se\/haparanda\/wp-json\/wp\/v2\/comments?post=293"}],"version-history":[{"count":1,"href":"https:\/\/fn.se\/haparanda\/wp-json\/wp\/v2\/pages\/293\/revisions"}],"predecessor-version":[{"id":295,"href":"https:\/\/fn.se\/haparanda\/wp-json\/wp\/v2\/pages\/293\/revisions\/295"}],"wp:attachment":[{"href":"https:\/\/fn.se\/haparanda\/wp-json\/wp\/v2\/media?parent=293"}],"curies":[{"name":"wp","href":"https:\/\/api.w.org\/{rel}","templated":true}]}}