{"id":283,"date":"2016-10-11T08:19:32","date_gmt":"2016-10-11T08:19:32","guid":{"rendered":"http:\/\/fn.se\/haparanda\/?page_id=283"},"modified":"2016-10-11T08:19:32","modified_gmt":"2016-10-11T08:19:32","slug":"fn-dagen-2015","status":"publish","type":"page","link":"https:\/\/fn.se\/haparanda\/fn-dagen-2015\/","title":{"rendered":"FN-dagen 2015"},"content":{"rendered":"<h1>FN-dagen 2015<\/h1>\n<p class=\"intro\">FN-dagen firades i Haparanda p\u00e5 ett s\u00e4tt som kanske aldrig f\u00f6rr?<\/p>\n<p>Klockan 14:30 samlades en stor m\u00e4ngd m\u00e4nniskor, uppskattningsvis ca 200 personer, nysvenskar, gammelsvenskar och tornebor p\u00e5 Victoriatorget d\u00e4r k\u00f6ren Lyran fr\u00e5n Lule\u00e5 och Gr\u00e4nsklang fr\u00e5n Haparanda underh\u00f6ll med k\u00f6rs\u00e5nger. Nadja Lukin talade om bakgrunden till den sv\u00e5ra flyktingsituationen och varf\u00f6r det \u00e4r v\u00e5r skyldighet att g\u00f6ra vad vi kan f\u00f6r ett bra flyktingmottagande. Elias Sarkinen sj\u00f6ng till eget gitarrackompanjemang. D\u00e4refter talade den syrianske flyktingen Maher Bahassas som bor p\u00e5 Cape East. Han utlyste en tyst minut f\u00f6r alla de flyktingar som omkommit p\u00e5 v\u00e4g fr\u00e5n krig och el\u00e4nde. Han tackade Haparanda kommun och alla frivilliga f\u00f6r deras arbete f\u00f6r flyktingar i Haparanda.<\/p>\n<div id=\"attachment_285\" style=\"width: 208px\" class=\"wp-caption alignright\"><img loading=\"lazy\" decoding=\"async\" aria-describedby=\"caption-attachment-285\" class=\"size-medium wp-image-285\" src=\"https:\/\/fn.se\/haparanda\/wp-content\/uploads\/sites\/17\/2016\/10\/Haparanda-FN-dag-2015-2-198x300.jpg\" alt=\"Maher Bahassas talar p\u00e5 Victoriatorget.\" width=\"198\" height=\"300\" srcset=\"https:\/\/fn.se\/haparanda\/wp-content\/uploads\/sites\/17\/2016\/10\/Haparanda-FN-dag-2015-2-198x300.jpg 198w, https:\/\/fn.se\/haparanda\/wp-content\/uploads\/sites\/17\/2016\/10\/Haparanda-FN-dag-2015-2-674x1024.jpg 674w, https:\/\/fn.se\/haparanda\/wp-content\/uploads\/sites\/17\/2016\/10\/Haparanda-FN-dag-2015-2-211x320.jpg 211w, https:\/\/fn.se\/haparanda\/wp-content\/uploads\/sites\/17\/2016\/10\/Haparanda-FN-dag-2015-2-461x700.jpg 461w, https:\/\/fn.se\/haparanda\/wp-content\/uploads\/sites\/17\/2016\/10\/Haparanda-FN-dag-2015-2.jpg 681w\" sizes=\"auto, (max-width: 198px) 100vw, 198px\" \/><p id=\"caption-attachment-285\" class=\"wp-caption-text\">Maher Bahassas talar p\u00e5 Victoriatorget.<\/p><\/div>\n<p>Efter detta genomf\u00f6rdes &#8221;h\u00e5lla-handen-ceremonin&#8221; d\u00e4r vi stod p\u00e5 \u00f6mse sidor om riksgr\u00e4nsen och h\u00f6ll varann i hand manifesterande att detta fortfarande \u00e4r v\u00e4rldens fredligaste gr\u00e4ns samt v\u00e4nskapen och samarbetet mellan Haparanda och Torne\u00e5.<\/p>\n<p>D\u00e4refter t\u00e4ndes facklorna och vi avt\u00e5gande mot kyrkan som fylldes till sista plats dvs ca 350 personer f\u00f6r det traditionella FN-dagsfirandet som dock denna g\u00e5ng skiljde sig fr\u00e5n tidigare \u00e5r genom starkt fokus p\u00e5 flyktingskap. F\u00f6rutom invigningstal av mig sj\u00e4lv och h\u00f6gtidstal av landsbygdsminister Sven-Erik Bucht medverkade ett par flyktingar med korta ber\u00e4ttelser om sina flyktinghistorier. D\u00e4rut\u00f6ver framf\u00f6rdes m\u00e5nga s\u00e5ng- och musikinslag av b\u00e5de flyktingar, v\u00e5ra lokala s\u00e5ngare och musiker men ocks\u00e5 k\u00f6rerna Lyran och Gr\u00e4nsklang. Som vanligt ackompanjerades in- och utmarsch liksom kollektinsamlingen av ensemblen Gr\u00e4nsl\u00f6sa spelm\u00e4n. Kollekten, till f\u00f6rm\u00e5n f\u00f6r det lokala flyktingarbetet, inbringade en bra \u00f6ver 6000 kr.<\/p>\n<p>Text: Lars Suo, Ordf\u00f6rande\u00a0Haparanda FN-f\u00f6rening<\/p>\n<div id=\"attachment_286\" style=\"width: 1034px\" class=\"wp-caption alignnone\"><img loading=\"lazy\" decoding=\"async\" aria-describedby=\"caption-attachment-286\" class=\"size-large wp-image-286\" src=\"https:\/\/fn.se\/haparanda\/wp-content\/uploads\/sites\/17\/2016\/10\/Haparanda-FN-dag-2015-3-1024x576.jpg\" alt=\"Haparanda kyrka fullsatt.\" width=\"1024\" height=\"576\" srcset=\"https:\/\/fn.se\/haparanda\/wp-content\/uploads\/sites\/17\/2016\/10\/Haparanda-FN-dag-2015-3-1024x576.jpg 1024w, https:\/\/fn.se\/haparanda\/wp-content\/uploads\/sites\/17\/2016\/10\/Haparanda-FN-dag-2015-3-300x169.jpg 300w, https:\/\/fn.se\/haparanda\/wp-content\/uploads\/sites\/17\/2016\/10\/Haparanda-FN-dag-2015-3-768x432.jpg 768w, https:\/\/fn.se\/haparanda\/wp-content\/uploads\/sites\/17\/2016\/10\/Haparanda-FN-dag-2015-3-450x253.jpg 450w\" sizes=\"auto, (max-width: 1024px) 100vw, 1024px\" \/><p id=\"caption-attachment-286\" class=\"wp-caption-text\">Haparanda kyrka fullsatt.\u00a0<\/p><\/div>\n<div id=\"attachment_287\" style=\"width: 249px\" class=\"wp-caption alignnone\"><img loading=\"lazy\" decoding=\"async\" aria-describedby=\"caption-attachment-287\" class=\"wp-image-287 size-medium\" src=\"https:\/\/fn.se\/haparanda\/wp-content\/uploads\/sites\/17\/2016\/10\/Haparanda-FN-dag-2015-4-239x300.jpg\" alt=\"Seba Alkhatib fr\u00e5n Syrien ber\u00e4ttar om sin flyktinghistoria.\" width=\"239\" height=\"300\" srcset=\"https:\/\/fn.se\/haparanda\/wp-content\/uploads\/sites\/17\/2016\/10\/Haparanda-FN-dag-2015-4-239x300.jpg 239w, https:\/\/fn.se\/haparanda\/wp-content\/uploads\/sites\/17\/2016\/10\/Haparanda-FN-dag-2015-4-768x966.jpg 768w, https:\/\/fn.se\/haparanda\/wp-content\/uploads\/sites\/17\/2016\/10\/Haparanda-FN-dag-2015-4-814x1024.jpg 814w, https:\/\/fn.se\/haparanda\/wp-content\/uploads\/sites\/17\/2016\/10\/Haparanda-FN-dag-2015-4-255x320.jpg 255w, https:\/\/fn.se\/haparanda\/wp-content\/uploads\/sites\/17\/2016\/10\/Haparanda-FN-dag-2015-4-557x700.jpg 557w, https:\/\/fn.se\/haparanda\/wp-content\/uploads\/sites\/17\/2016\/10\/Haparanda-FN-dag-2015-4.jpg 1232w\" sizes=\"auto, (max-width: 239px) 100vw, 239px\" \/><p id=\"caption-attachment-287\" class=\"wp-caption-text\">Seba Alkhatib fr\u00e5n Syrien ber\u00e4ttar om sin flyktinghistoria.<\/p><\/div>\n<div id=\"attachment_288\" style=\"width: 209px\" class=\"wp-caption alignnone\"><img loading=\"lazy\" decoding=\"async\" aria-describedby=\"caption-attachment-288\" class=\"wp-image-288 size-medium\" src=\"https:\/\/fn.se\/haparanda\/wp-content\/uploads\/sites\/17\/2016\/10\/Haparanda-FN-dag-2015-5-199x300.jpg\" alt=\"Abdelkadir Ali-Muhammed fr\u00e5n Eritrea ber\u00e4ttar om sin flyktinghistoria.\" width=\"199\" height=\"300\" srcset=\"https:\/\/fn.se\/haparanda\/wp-content\/uploads\/sites\/17\/2016\/10\/Haparanda-FN-dag-2015-5-199x300.jpg 199w, https:\/\/fn.se\/haparanda\/wp-content\/uploads\/sites\/17\/2016\/10\/Haparanda-FN-dag-2015-5-768x1159.jpg 768w, https:\/\/fn.se\/haparanda\/wp-content\/uploads\/sites\/17\/2016\/10\/Haparanda-FN-dag-2015-5-679x1024.jpg 679w, https:\/\/fn.se\/haparanda\/wp-content\/uploads\/sites\/17\/2016\/10\/Haparanda-FN-dag-2015-5-212x320.jpg 212w, https:\/\/fn.se\/haparanda\/wp-content\/uploads\/sites\/17\/2016\/10\/Haparanda-FN-dag-2015-5-464x700.jpg 464w, https:\/\/fn.se\/haparanda\/wp-content\/uploads\/sites\/17\/2016\/10\/Haparanda-FN-dag-2015-5.jpg 1067w\" sizes=\"auto, (max-width: 199px) 100vw, 199px\" \/><p id=\"caption-attachment-288\" class=\"wp-caption-text\">Abdelkadir Ali-Muhammed fr\u00e5n Eritrea ber\u00e4ttar om sin flyktinghistoria.<\/p><\/div>\n<div id=\"attachment_289\" style=\"width: 231px\" class=\"wp-caption alignnone\"><img loading=\"lazy\" decoding=\"async\" aria-describedby=\"caption-attachment-289\" class=\"wp-image-289 size-medium\" src=\"https:\/\/fn.se\/haparanda\/wp-content\/uploads\/sites\/17\/2016\/10\/Haparanda-FN-dag-2015-6-221x300.jpg\" alt=\"S-E Bucht i talarstolen.\" width=\"221\" height=\"300\" srcset=\"https:\/\/fn.se\/haparanda\/wp-content\/uploads\/sites\/17\/2016\/10\/Haparanda-FN-dag-2015-6-221x300.jpg 221w, https:\/\/fn.se\/haparanda\/wp-content\/uploads\/sites\/17\/2016\/10\/Haparanda-FN-dag-2015-6-768x1044.jpg 768w, https:\/\/fn.se\/haparanda\/wp-content\/uploads\/sites\/17\/2016\/10\/Haparanda-FN-dag-2015-6-754x1024.jpg 754w, https:\/\/fn.se\/haparanda\/wp-content\/uploads\/sites\/17\/2016\/10\/Haparanda-FN-dag-2015-6-236x320.jpg 236w, https:\/\/fn.se\/haparanda\/wp-content\/uploads\/sites\/17\/2016\/10\/Haparanda-FN-dag-2015-6-515x700.jpg 515w, https:\/\/fn.se\/haparanda\/wp-content\/uploads\/sites\/17\/2016\/10\/Haparanda-FN-dag-2015-6.jpg 1271w\" sizes=\"auto, (max-width: 221px) 100vw, 221px\" \/><p id=\"caption-attachment-289\" class=\"wp-caption-text\">S-E Bucht i talarstolen.<\/p><\/div>\n","protected":false},"excerpt":{"rendered":"<p>FN-dagen 2015 FN-dagen firades i Haparanda p\u00e5 ett s\u00e4tt som kanske aldrig f\u00f6rr? Klockan 14:30 samlades en stor m\u00e4ngd m\u00e4nniskor,&hellip;<\/p>\n","protected":false},"author":17,"featured_media":284,"parent":0,"menu_order":0,"comment_status":"closed","ping_status":"closed","template":"templates\/template-sub.php","meta":{"_acf_changed":false,"footnotes":"","_links_to":"","_links_to_target":""},"class_list":["post-283","page","type-page","status-publish","has-post-thumbnail","hentry"],"acf":[],"_links":{"self":[{"href":"https:\/\/fn.se\/haparanda\/wp-json\/wp\/v2\/pages\/283","targetHints":{"allow":["GET"]}}],"collection":[{"href":"https:\/\/fn.se\/haparanda\/wp-json\/wp\/v2\/pages"}],"about":[{"href":"https:\/\/fn.se\/haparanda\/wp-json\/wp\/v2\/types\/page"}],"author":[{"embeddable":true,"href":"https:\/\/fn.se\/haparanda\/wp-json\/wp\/v2\/users\/17"}],"replies":[{"embeddable":true,"href":"https:\/\/fn.se\/haparanda\/wp-json\/wp\/v2\/comments?post=283"}],"version-history":[{"count":2,"href":"https:\/\/fn.se\/haparanda\/wp-json\/wp\/v2\/pages\/283\/revisions"}],"predecessor-version":[{"id":291,"href":"https:\/\/fn.se\/haparanda\/wp-json\/wp\/v2\/pages\/283\/revisions\/291"}],"wp:featuredmedia":[{"embeddable":true,"href":"https:\/\/fn.se\/haparanda\/wp-json\/wp\/v2\/media\/284"}],"wp:attachment":[{"href":"https:\/\/fn.se\/haparanda\/wp-json\/wp\/v2\/media?parent=283"}],"curies":[{"name":"wp","href":"https:\/\/api.w.org\/{rel}","templated":true}]}}