{"id":263,"date":"2016-10-10T15:10:47","date_gmt":"2016-10-10T15:10:47","guid":{"rendered":"http:\/\/fn.se\/haparanda\/?page_id=263"},"modified":"2016-10-11T08:11:06","modified_gmt":"2016-10-11T08:11:06","slug":"4-augusti-ungdomarna-bjod-pa-kulturdag","status":"publish","type":"page","link":"https:\/\/fn.se\/haparanda\/4-augusti-ungdomarna-bjod-pa-kulturdag\/","title":{"rendered":"4 augusti: Ungdomarna bj\u00f6d p\u00e5 kulturdag"},"content":{"rendered":"<h1>Ungdomarna bj\u00f6d p\u00e5 kulturdag<\/h1>\n<p class=\"intro\">HAPARANDA, TISDAG 4 AUGUSTI 2015<\/p>\n<p class=\"intro\">Den popul\u00e4ra sommarskolan i Haparanda f\u00f6r ensamkommande flyktinggrabbar har varje \u00e5r sitt speciella tema. I \u00e5r avslutades \u00e5rets tema &#8221;Kultur och religion&#8221; med en kulturdag f\u00f6r s\u00e4rskilt inbjudna. \u2013 Det \u00e4r s\u00e5 intressant med kulturskillnader, s\u00e4ger Gunvor Gard, en av g\u00e4sterna.<\/p>\n<p>I fem \u00e5r har sommarskolanf\u00f6r ensamkommande flyktingungdomari Haparanda arrangerats av Studief\u00f6rbundet Vuxenskolan. Med ben\u00e4gen hj\u00e4lp av lokala FN-f\u00f6reningen som medarrang\u00f6r, har framf\u00f6r allt grabbar under n\u00e5gra veckor f\u00e5tt arbeta med olika teman. I \u00e5r var det 18 stycken som delades upp i tv\u00e5 grupper \u2013 och som har sina heml\u00e4nder i Eritrea, Somalia, Iran och Afghanistan.<\/p>\n<p>Ledare Tina Mykk\u00e4nen ber\u00e4ttar om aktiva veckor. \u2013 Mycket tid har varit avsatt f\u00f6r diskussioner om etik och moral samt v\u00e4rdet av, och respekt f\u00f6r, olika \u00e5sikter. Vi har pratat r\u00e4tt och fel som har tydliggjorts \u2013 och uppskattats. \u00c4ven j\u00e4mst\u00e4lldhet \u00e4r en viktig fr\u00e5ga. Ungdomarna har varit riktigt aktiva. Vidare har vi i en av grupperna koncentrerat oss p\u00e5 det svenska spr\u00e5ket f\u00f6r de som varit i Sverige en kortare tid. Sammanfattningsvis \u00e4r jag som ledare v\u00e4ldigt stolt \u00f6ver killarnas engagemang under veckorna.<\/p>\n<h4><img loading=\"lazy\" decoding=\"async\" class=\"alignnone size-large wp-image-279\" src=\"https:\/\/fn.se\/haparanda\/wp-content\/uploads\/sites\/17\/2016\/10\/Sommarskola_2015_2-1024x655.jpg\" alt=\"sommarskola_2015_2\" width=\"1024\" height=\"655\" srcset=\"https:\/\/fn.se\/haparanda\/wp-content\/uploads\/sites\/17\/2016\/10\/Sommarskola_2015_2-1024x655.jpg 1024w, https:\/\/fn.se\/haparanda\/wp-content\/uploads\/sites\/17\/2016\/10\/Sommarskola_2015_2-300x192.jpg 300w, https:\/\/fn.se\/haparanda\/wp-content\/uploads\/sites\/17\/2016\/10\/Sommarskola_2015_2-768x491.jpg 768w, https:\/\/fn.se\/haparanda\/wp-content\/uploads\/sites\/17\/2016\/10\/Sommarskola_2015_2-450x288.jpg 450w, https:\/\/fn.se\/haparanda\/wp-content\/uploads\/sites\/17\/2016\/10\/Sommarskola_2015_2.jpg 1968w\" sizes=\"auto, (max-width: 1024px) 100vw, 1024px\" \/><\/h4>\n<h4>Matnyttig kulturdag<\/h4>\n<p>Hj\u00e4lpledare har varit Abdagani Mohamed fr\u00e5n Somalia. Han har hj\u00e4lpt till med somalisk och arabisk \u00f6vers\u00e4ttning. I \u00e5r var temat &#8221;Kultur och religion&#8221;. \u2013 Vi brukar avsluta Sommarskolan med lekar, fem-kamp och grillning, men vi best\u00e4mde att pojkarna ist\u00e4llet ska presentera fakta om sitt hemland, bjuda p\u00e5 lite matplock, musik och ber\u00e4tta om kulturskillnader, s\u00e4ger Mykk\u00e4nen. Hon ber\u00e4ttar att grabbarna har varit aktiva i planeringen. \u2013 De har jobbat v\u00e4ldigt fint med det h\u00e4r projektet under de f\u00e5 dagar vi \u00e4gnade till planering. De ville gladeligen visa smakprov p\u00e5 kultur fr\u00e5n heml\u00e4nder genom att ocks\u00e5 laga traditionell mat som de inbjudna bes\u00f6karna fick smaka. Sammanfattningsvis \u00e4r jag som ledare v\u00e4ldigt stolt \u00f6ver killarnas engagemang under veckorna.<\/p>\n<p><img loading=\"lazy\" decoding=\"async\" class=\"alignnone wp-image-270 size-large\" src=\"https:\/\/fn.se\/haparanda\/wp-content\/uploads\/sites\/17\/2016\/10\/Sommarskola-2015-5-1024x768.jpg\" width=\"1024\" height=\"768\" srcset=\"https:\/\/fn.se\/haparanda\/wp-content\/uploads\/sites\/17\/2016\/10\/Sommarskola-2015-5-1024x768.jpg 1024w, https:\/\/fn.se\/haparanda\/wp-content\/uploads\/sites\/17\/2016\/10\/Sommarskola-2015-5-300x225.jpg 300w, https:\/\/fn.se\/haparanda\/wp-content\/uploads\/sites\/17\/2016\/10\/Sommarskola-2015-5-768x576.jpg 768w, https:\/\/fn.se\/haparanda\/wp-content\/uploads\/sites\/17\/2016\/10\/Sommarskola-2015-5-427x320.jpg 427w, https:\/\/fn.se\/haparanda\/wp-content\/uploads\/sites\/17\/2016\/10\/Sommarskola-2015-5-933x700.jpg 933w\" sizes=\"auto, (max-width: 1024px) 100vw, 1024px\" \/><\/p>\n<h4>Gillar kulturskillnader<\/h4>\n<p>Under tv\u00e5 intensiva timmar \u00f6ppnades d\u00f6rren till Vuxenskolans lokaler f\u00f6r inbjudna. Under banderollen &#8221;Kulturdag&#8221; h\u00e4lsades sedan bes\u00f6karna v\u00e4lkomna av grabbarna fr\u00e5n sommarskolan. N\u00e4r HB tittar in, \u00e4r det gott om bes\u00f6kare kvar i lokalen. En av dessa \u00e4r Gunvor Gard som ser det som sj\u00e4lvklart att tacka ja till inbjudan. \u2013 Jag \u00e4r god man \u00e5t flera av de h\u00e4r trevliga pojkarna. Intresset b\u00f6rjade n\u00e4r jag arbetade p\u00e5 Paletten, sen har jag fortsatt att ha kontakt med pojkarna. Det \u00e4r s\u00e5 intressant med kulturskillnader.<\/p>\n<p>Framf\u00f6r skylten p\u00e5 sitt hemland &#8221;Somalia&#8221; st\u00e5r ett antal grabbar. De har satt p\u00e5 sig sina finaste festkl\u00e4der\u2013 och b\u00e4r vackra mantlar och kjolar. Den lokala mat som de tillsammans har lagat, \u00e4r n\u00e4stan slut p\u00e5 faten. Men det finns kvar n\u00e5gra kakor som f\u00e5r g\u00e4sten Anne Angeria att lyriskt fr\u00e5ga efter receptet. \u2013 De var verkligen goda. De h\u00e4r m\u00e5ste du l\u00e4ra fler att baka, s\u00e4ger hon till Hamse Wahab.<\/p>\n<p><img loading=\"lazy\" decoding=\"async\" class=\"alignnone size-large wp-image-277\" src=\"https:\/\/fn.se\/haparanda\/wp-content\/uploads\/sites\/17\/2016\/10\/Sommarskola-2015-2-1024x768.jpg\" alt=\"sommarskola-2015-2\" width=\"1024\" height=\"768\" srcset=\"https:\/\/fn.se\/haparanda\/wp-content\/uploads\/sites\/17\/2016\/10\/Sommarskola-2015-2-1024x768.jpg 1024w, https:\/\/fn.se\/haparanda\/wp-content\/uploads\/sites\/17\/2016\/10\/Sommarskola-2015-2-300x225.jpg 300w, https:\/\/fn.se\/haparanda\/wp-content\/uploads\/sites\/17\/2016\/10\/Sommarskola-2015-2-768x576.jpg 768w, https:\/\/fn.se\/haparanda\/wp-content\/uploads\/sites\/17\/2016\/10\/Sommarskola-2015-2-427x320.jpg 427w, https:\/\/fn.se\/haparanda\/wp-content\/uploads\/sites\/17\/2016\/10\/Sommarskola-2015-2-933x700.jpg 933w\" sizes=\"auto, (max-width: 1024px) 100vw, 1024px\" \/><\/p>\n<div id=\"attachment_280\" style=\"width: 1034px\" class=\"wp-caption alignnone\"><img loading=\"lazy\" decoding=\"async\" aria-describedby=\"caption-attachment-280\" class=\"size-large wp-image-280\" src=\"https:\/\/fn.se\/haparanda\/wp-content\/uploads\/sites\/17\/2016\/10\/Sommarskola_2015_4-1-1024x655.jpg\" alt=\"Abdikani Nasir, Ahmed Harry Mohamed, Abdifatah Ismail, Hamse Wahab, Abshir Adam Hassan och Adnan Omar bakom bordet med hemlandets matr\u00e4tter. Foto: Leif Svanberg\" width=\"1024\" height=\"655\" srcset=\"https:\/\/fn.se\/haparanda\/wp-content\/uploads\/sites\/17\/2016\/10\/Sommarskola_2015_4-1-1024x655.jpg 1024w, https:\/\/fn.se\/haparanda\/wp-content\/uploads\/sites\/17\/2016\/10\/Sommarskola_2015_4-1-300x192.jpg 300w, https:\/\/fn.se\/haparanda\/wp-content\/uploads\/sites\/17\/2016\/10\/Sommarskola_2015_4-1-768x491.jpg 768w, https:\/\/fn.se\/haparanda\/wp-content\/uploads\/sites\/17\/2016\/10\/Sommarskola_2015_4-1-450x288.jpg 450w, https:\/\/fn.se\/haparanda\/wp-content\/uploads\/sites\/17\/2016\/10\/Sommarskola_2015_4-1.jpg 1968w\" sizes=\"auto, (max-width: 1024px) 100vw, 1024px\" \/><p id=\"caption-attachment-280\" class=\"wp-caption-text\">Abdikani Nasir, Ahmed Harry Mohamed, Abdifatah Ismail, Hamse Wahab, Abshir Adam Hassan och Adnan Omar bakom bordet med hemlandets matr\u00e4tter. Foto: Leif Svanberg<\/p><\/div>\n<p>&nbsp;<\/p>\n<p><em>Text: Leif Svanberg, Haparandabladet<\/em><\/p>\n<p>&nbsp;<\/p>\n","protected":false},"excerpt":{"rendered":"<p>Ungdomarna bj\u00f6d p\u00e5 kulturdag HAPARANDA, TISDAG 4 AUGUSTI 2015 Den popul\u00e4ra sommarskolan i Haparanda f\u00f6r ensamkommande flyktinggrabbar har varje \u00e5r&hellip;<\/p>\n","protected":false},"author":17,"featured_media":276,"parent":0,"menu_order":0,"comment_status":"closed","ping_status":"closed","template":"templates\/template-sub.php","meta":{"_acf_changed":false,"footnotes":"","_links_to":"","_links_to_target":""},"class_list":["post-263","page","type-page","status-publish","has-post-thumbnail","hentry"],"acf":[],"_links":{"self":[{"href":"https:\/\/fn.se\/haparanda\/wp-json\/wp\/v2\/pages\/263","targetHints":{"allow":["GET"]}}],"collection":[{"href":"https:\/\/fn.se\/haparanda\/wp-json\/wp\/v2\/pages"}],"about":[{"href":"https:\/\/fn.se\/haparanda\/wp-json\/wp\/v2\/types\/page"}],"author":[{"embeddable":true,"href":"https:\/\/fn.se\/haparanda\/wp-json\/wp\/v2\/users\/17"}],"replies":[{"embeddable":true,"href":"https:\/\/fn.se\/haparanda\/wp-json\/wp\/v2\/comments?post=263"}],"version-history":[{"count":6,"href":"https:\/\/fn.se\/haparanda\/wp-json\/wp\/v2\/pages\/263\/revisions"}],"predecessor-version":[{"id":282,"href":"https:\/\/fn.se\/haparanda\/wp-json\/wp\/v2\/pages\/263\/revisions\/282"}],"wp:featuredmedia":[{"embeddable":true,"href":"https:\/\/fn.se\/haparanda\/wp-json\/wp\/v2\/media\/276"}],"wp:attachment":[{"href":"https:\/\/fn.se\/haparanda\/wp-json\/wp\/v2\/media?parent=263"}],"curies":[{"name":"wp","href":"https:\/\/api.w.org\/{rel}","templated":true}]}}