{"id":249,"date":"2016-10-10T14:57:27","date_gmt":"2016-10-10T14:57:27","guid":{"rendered":"http:\/\/fn.se\/haparanda\/?page_id=249"},"modified":"2016-10-10T14:57:27","modified_gmt":"2016-10-10T14:57:27","slug":"auschwitzresa","status":"publish","type":"page","link":"https:\/\/fn.se\/haparanda\/auschwitzresa\/","title":{"rendered":"Auschwitzresa"},"content":{"rendered":"<h1>Auschwitzresa<\/h1>\n<p class=\"intro\"><strong>Haparanda FN-F\u00f6rening har samlat in medel och organiserat en studieresa till f\u00f6rintelsel\u00e4gret Auschwitz.<\/strong><\/p>\n<p>Deltagare \u00e4r 10 st. gymnasieungdomar+ reseledaren Lars Suo.<\/p>\n<p>N\u00e5gra l\u00e4rare och f\u00f6r\u00e4ldrar deltar ocks\u00e5 , helt p\u00e5 egen bekostnad i resan. Totalt 16 resen\u00e4rer.<\/p>\n<p>Resan \u00e4ger rum 11-14 april.<\/p>\n<div id=\"attachment_250\" style=\"width: 1034px\" class=\"wp-caption alignnone\"><img loading=\"lazy\" decoding=\"async\" aria-describedby=\"caption-attachment-250\" class=\"wp-image-250 size-large\" src=\"https:\/\/fn.se\/haparanda\/wp-content\/uploads\/sites\/17\/2016\/10\/Auschwitz-007-1024x576.jpg\" alt=\"auschwitz-007\" width=\"1024\" height=\"576\" srcset=\"https:\/\/fn.se\/haparanda\/wp-content\/uploads\/sites\/17\/2016\/10\/Auschwitz-007-1024x576.jpg 1024w, https:\/\/fn.se\/haparanda\/wp-content\/uploads\/sites\/17\/2016\/10\/Auschwitz-007-300x169.jpg 300w, https:\/\/fn.se\/haparanda\/wp-content\/uploads\/sites\/17\/2016\/10\/Auschwitz-007-768x432.jpg 768w, https:\/\/fn.se\/haparanda\/wp-content\/uploads\/sites\/17\/2016\/10\/Auschwitz-007-450x253.jpg 450w, https:\/\/fn.se\/haparanda\/wp-content\/uploads\/sites\/17\/2016\/10\/Auschwitz-007.jpg 1280w\" sizes=\"auto, (max-width: 1024px) 100vw, 1024px\" \/><p id=\"caption-attachment-250\" class=\"wp-caption-text\">Resegruppen + ytterligare n\u00e5gra f\u00f6r\u00e4ldrar<\/p><\/div>\n<div id=\"attachment_251\" style=\"width: 1034px\" class=\"wp-caption alignnone\"><img loading=\"lazy\" decoding=\"async\" aria-describedby=\"caption-attachment-251\" class=\"wp-image-251 size-large\" src=\"https:\/\/fn.se\/haparanda\/wp-content\/uploads\/sites\/17\/2016\/10\/Auschwitz-009-1024x576.jpg\" alt=\"auschwitz-009\" width=\"1024\" height=\"576\" srcset=\"https:\/\/fn.se\/haparanda\/wp-content\/uploads\/sites\/17\/2016\/10\/Auschwitz-009-1024x576.jpg 1024w, https:\/\/fn.se\/haparanda\/wp-content\/uploads\/sites\/17\/2016\/10\/Auschwitz-009-300x169.jpg 300w, https:\/\/fn.se\/haparanda\/wp-content\/uploads\/sites\/17\/2016\/10\/Auschwitz-009-768x432.jpg 768w, https:\/\/fn.se\/haparanda\/wp-content\/uploads\/sites\/17\/2016\/10\/Auschwitz-009-450x253.jpg 450w, https:\/\/fn.se\/haparanda\/wp-content\/uploads\/sites\/17\/2016\/10\/Auschwitz-009.jpg 1280w\" sizes=\"auto, (max-width: 1024px) 100vw, 1024px\" \/><p id=\"caption-attachment-251\" class=\"wp-caption-text\">Reseledare Lars Suo och en pojke som deltar i resan<\/p><\/div>\n<p><img loading=\"lazy\" decoding=\"async\" class=\"alignnone size-large wp-image-252\" src=\"https:\/\/fn.se\/haparanda\/wp-content\/uploads\/sites\/17\/2016\/10\/Auschwitz-haparanda_forening_studieresa.jpg\" alt=\"auschwitz-haparanda_forening_studieresa\" width=\"750\" height=\"579\" srcset=\"https:\/\/fn.se\/haparanda\/wp-content\/uploads\/sites\/17\/2016\/10\/Auschwitz-haparanda_forening_studieresa.jpg 750w, https:\/\/fn.se\/haparanda\/wp-content\/uploads\/sites\/17\/2016\/10\/Auschwitz-haparanda_forening_studieresa-300x232.jpg 300w, https:\/\/fn.se\/haparanda\/wp-content\/uploads\/sites\/17\/2016\/10\/Auschwitz-haparanda_forening_studieresa-415x320.jpg 415w\" sizes=\"auto, (max-width: 750px) 100vw, 750px\" \/> <img loading=\"lazy\" decoding=\"async\" class=\"alignnone size-large wp-image-253\" src=\"https:\/\/fn.se\/haparanda\/wp-content\/uploads\/sites\/17\/2016\/10\/Auschwitz-haparanda_forening_studieresa2-695x1024.jpg\" alt=\"auschwitz-haparanda_forening_studieresa2\" width=\"695\" height=\"1024\" srcset=\"https:\/\/fn.se\/haparanda\/wp-content\/uploads\/sites\/17\/2016\/10\/Auschwitz-haparanda_forening_studieresa2-695x1024.jpg 695w, https:\/\/fn.se\/haparanda\/wp-content\/uploads\/sites\/17\/2016\/10\/Auschwitz-haparanda_forening_studieresa2-204x300.jpg 204w, https:\/\/fn.se\/haparanda\/wp-content\/uploads\/sites\/17\/2016\/10\/Auschwitz-haparanda_forening_studieresa2-217x320.jpg 217w, https:\/\/fn.se\/haparanda\/wp-content\/uploads\/sites\/17\/2016\/10\/Auschwitz-haparanda_forening_studieresa2-475x700.jpg 475w, https:\/\/fn.se\/haparanda\/wp-content\/uploads\/sites\/17\/2016\/10\/Auschwitz-haparanda_forening_studieresa2.jpg 750w\" sizes=\"auto, (max-width: 695px) 100vw, 695px\" \/><\/p>\n<p><strong>Presskonferens<\/strong><\/p>\n<p>Under m\u00f6tet ber\u00e4ttade Harald Dahlgren om bakgrunden till resan som \u00e4r att framf\u00f6rallt ge eleverna en handgriplig historielektion om 1900-talets mest ot\u00e4cka f\u00f6reteelse &#8211; nazisternas f\u00f6rintelse av flera miljoner m\u00e4nniskor i Europa. Detta \u00e4r s\u00e4rskilt viktigt i en tid d\u00e5 r\u00f6relser med nazistska b\u00f6jelser \u00e5ter b\u00f6rjat v\u00e4xa sig starka i Europa i l\u00e4nder som Grekland, Ungern m.fl. \u00c4ven i Sverige finns ot\u00e4cka signaler om v\u00e4xande nazism. Harald uttryckte sin gl\u00e4dje \u00f6ver det intresse som Tornedalskolans ledning visat f\u00f6r detta projekt som Haparanda FN-f\u00f6rening nu genomf\u00f6r med ekonomiskt st\u00f6d fr\u00e5n f\u00f6retag i Haparanda, kommunen, olika lokala och svenska fonder och organisationer.<\/p>\n<p>Rektorn John Waltari och historiel\u00e4raren Karl Hallgren informerade om hur skolan har f\u00f6rberett eleverna inf\u00f6r resan. Som exempel n\u00e4mndes att hela gymnasiet den 27 januari, f\u00f6rintelsedagen, s\u00e5g filmen Schindlers list. Karl Hallgren ber\u00e4ttade om litteratur som anv\u00e4nds i undervisningen, framf\u00f6rallt skriften &#8221;&#8230;om detta m\u00e5 ni ber\u00e4tta&#8230;&#8221; som utgivits av Forum f\u00f6r levande historia. John understr\u00f6k att erfarenheterna som resan ger kommer att anv\u00e4ndas f\u00f6r f\u00f6rdjupning av studier av 1900-talets historia och s\u00e4rskilt f\u00f6rintelsen.<\/p>\n<p>Lars, som \u00e4r reseledare ber\u00e4ttade bl.a. om programmet f\u00f6r resan vars huvudsyfte f\u00f6rvisso \u00e4r att bes\u00f6ka Auschwitz\/Birkenau, koncentrationsl\u00e4ger och f\u00f6rintelsel\u00e4ger, men resan ger ocks\u00e5 m\u00f6jligheten att bes\u00f6ka den utomordentligt intressanta staden Krakow med m\u00e5nga historiska svenska kopplingar genom bl.a. den svensk-polska kungen Sigismund III. Exempel p\u00e5 bes\u00f6ksm\u00e5l i Krakow med omnejd blir ren\u00e4ssansslottet Wawel, slottskyrkan, Stora Torget, Copernicus universitet, Remu Synagogan, saltgruvan Wielicka, Schindlers fabrik som f\u00f6rekommer i filmen m.m.<\/p>\n","protected":false},"excerpt":{"rendered":"<p>Auschwitzresa Haparanda FN-F\u00f6rening har samlat in medel och organiserat en studieresa till f\u00f6rintelsel\u00e4gret Auschwitz. Deltagare \u00e4r 10 st. gymnasieungdomar+ reseledaren&hellip;<\/p>\n","protected":false},"author":17,"featured_media":0,"parent":0,"menu_order":0,"comment_status":"closed","ping_status":"closed","template":"templates\/template-sub.php","meta":{"_acf_changed":false,"footnotes":"","_links_to":"","_links_to_target":""},"class_list":["post-249","page","type-page","status-publish","hentry"],"acf":[],"_links":{"self":[{"href":"https:\/\/fn.se\/haparanda\/wp-json\/wp\/v2\/pages\/249","targetHints":{"allow":["GET"]}}],"collection":[{"href":"https:\/\/fn.se\/haparanda\/wp-json\/wp\/v2\/pages"}],"about":[{"href":"https:\/\/fn.se\/haparanda\/wp-json\/wp\/v2\/types\/page"}],"author":[{"embeddable":true,"href":"https:\/\/fn.se\/haparanda\/wp-json\/wp\/v2\/users\/17"}],"replies":[{"embeddable":true,"href":"https:\/\/fn.se\/haparanda\/wp-json\/wp\/v2\/comments?post=249"}],"version-history":[{"count":1,"href":"https:\/\/fn.se\/haparanda\/wp-json\/wp\/v2\/pages\/249\/revisions"}],"predecessor-version":[{"id":254,"href":"https:\/\/fn.se\/haparanda\/wp-json\/wp\/v2\/pages\/249\/revisions\/254"}],"wp:attachment":[{"href":"https:\/\/fn.se\/haparanda\/wp-json\/wp\/v2\/media?parent=249"}],"curies":[{"name":"wp","href":"https:\/\/api.w.org\/{rel}","templated":true}]}}