{"id":246,"date":"2016-10-10T14:51:03","date_gmt":"2016-10-10T14:51:03","guid":{"rendered":"http:\/\/fn.se\/haparanda\/?page_id=246"},"modified":"2016-10-11T08:46:01","modified_gmt":"2016-10-11T08:46:01","slug":"liten-resume-om-haparanda-fn-forening","status":"publish","type":"page","link":"https:\/\/fn.se\/haparanda\/liten-resume-om-haparanda-fn-forening\/","title":{"rendered":"Liten resume om Haparanda FN-f\u00f6rening"},"content":{"rendered":"<h1>Liten resume om Haparanda FN-f\u00f6rening<\/h1>\n<p class=\"intro\">Liten historik om Haparanda FN-F\u00f6rening. Nedtecknat den 23 januari 2014.Haparanda FN-F\u00f6rening bildades f\u00f6rsta g\u00e5ngen \u00e5r 1969 men somnade efter n\u00e5gra \u00e5r.<\/p>\n<p>\u00c5r 1989 \u00e5terstartades f\u00f6reningen. Ordf\u00f6rande blev Harald Dahlgren och kass\u00f6r Jaana Hurtig, vilka personer alltj\u00e4mt har dessa befattningar i f\u00f6reningen. Studief\u00f6rbundet Vuxenskolan har alltid varit v\u00e5r trygga administrativa hemvist.<\/p>\n<p>Senare tillkom i styrelsen Alexeij Usov, som genom sina kunskaper i bl.a. ryska spr\u00e5ket och rysk kultur blev IR-ansvarig (internationella relationer) i f\u00f6reningen.<\/p>\n<p>Genom bl.a. Alexeijs medverkan och mycket engagerade arbete startade vi ett internationellt ungdomsutbyte, f\u00f6r ungdomar mellan 17-22 \u00e5r, inom Barentsregionen.<\/p>\n<p>Vi hade,vanligen under h\u00f6gsommaren, en veckas seminarium f\u00f6r ungdomar fr\u00e5n Sverige, Ryssland och Finland. Ibland deltog \u00e4ven ungdomar fr\u00e5n Balticum.<\/p>\n<p>Organisat\u00f6r och ekonomiskt ansvarig f\u00f6r seminarierna var hela tiden Haparanda FN-F\u00f6rening. Vi brukade ha ca 10 ungdomar fr\u00e5n varje land eller totalt 30 som bevistade veckoseminarierna.<\/p>\n<p>Att samla in de runt 100000:- fr\u00e5n bl.a. alla olika fonder, som seminarierna kostade var ett drygt arbete. Vi betalade alla kostnader, visum, resor, mat och boende f\u00f6r alla deltagare.Organisation och program var ett annat stort arbete. Men vi var m\u00e5nga som utm\u00e4rkt och glatt samarbetade i v\u00e5ra internationella projekt. Seminarierna gick alltid helt p\u00e5 engelska spr\u00e5ket.<\/p>\n<p>Vill minnas att vi hade f\u00f6rsta seminariet p\u00e5 Seskar\u00f6. Detta var redan under Sovjettiden. D\u00e5 var det mycket byr\u00e5krati med visum f\u00f6r de ryska ungdomarna och de m\u00e5ste ha med sig en politisk kommissarie som \u00f6vervakare. N\u00e4r Sovjetunionen uppl\u00f6stes blev allt mycket enklare.<\/p>\n<p>Senare har vi f\u00f6rlagt seminarierna till bl.a. Murmansk, Ule\u00e5borg, Arkangelsk, Salla, Vojakkala och Petrozavodsk.<\/p>\n<p>P\u00e5 seminarierna avhandlades n\u00e4stan &#8221;allt mellan himmel och jord&#8221;. Skolan, arbetsm\u00f6jligheter, freden, internationella relationer, kulturen och &#8221;framtiden tillsammans&#8221;, var bara n\u00e5gra av de \u00e4mnen som togs upp. Kontakterna mellan ungdomarna fr\u00e5n olika l\u00e4nder och kulturer kanske var det viktigaste resultatet.<\/p>\n<p>FN-Dagen har vi alltid firat stort i Haparanda. Vi b\u00f6rjade i Folkets Hus, men av bl.a. ekonomiska sk\u00e4l flyttade vi senare \u00f6ver till att fira FN-Dagen i Kyrkan. F\u00f6rsta \u00e5ren hade vi fackelt\u00e5g fr\u00e5n Torne\u00e5-Finland. Ibland i h\u00e4llande regn. Intresset f\u00f6r FN \u00e4r dock svagt i v\u00e5rt grannland.<\/p>\n<p>Vi f\u00f6rs\u00f6ker alltid att ha n\u00e5gon k\u00e4nd person som h\u00f6gtidstalare p\u00e5 FN-Dagen Bl.a. hade vi FN:s bitr\u00e4dande Generalsekreterare fr\u00e5n NY, Hans Corell som talare en g\u00e5ng. Som en utm\u00e4rkt ceremonim\u00e4stare p\u00e5 FN-dagen har alltid Rolf Pelli f\u00f6rtj\u00e4nstfullt arbetat. Vid firandet av 1809 \u00e5rs fred hade vi tillsammans med Kyrkan \u00f6ver 400 pers. i Folkets Hus. Tal av Finske ministern Pekka Haavisto och Biskop Hans Stiglund . Rolf Pelli visade \u00e5terigen prov p\u00e5 synnerlig skicklighet med alla ceremoniella arrangemang.<\/p>\n<p>Samarbetet med Kyrkan och Haparanda kommun har alltid varit mycket gott.Ibland delar vi ut ett Invandrarstipendium till n\u00e5gon invandrare som utm\u00e4rkt sig positivti samh\u00e4llet. Detta f\u00f6r att motverka fr\u00e4mlingsfientlighet. Vi vidgade v\u00e5rt samarbete med skolan. V\u00e5r f\u00f6rsta Skol- och Ungdomsansvarig blev Maire Hendriksson.<\/p>\n<p>N\u00e4r flyktingar b\u00f6rjade komma till Haparanda startade Vuxenskolan och FN-f\u00f6reningen en sommarskola f\u00f6r flyktingungdomarna. Utm\u00e4rkt ledare f\u00f6r denna aktivitet blev FN-F\u00f6reningens nuvarande ungdomsansvarige, Tina Mykk\u00e4nen. Tina har fortsatt i flera \u00e5r med denna mycket uppskattade verksamhet.<\/p>\n<p>Senaste \u00e5ren ,2012-2013 har vi haft ett ungdomsutbyte med Moldavien. &#8221;Together for the future&#8221;. Fem st. gymnasieungdomar + ledare fr\u00e5n Moldavien har bes\u00f6kt Haparanda \u00e5r 2012 under en vecka och studerat skolor, n\u00e4ringsliv, f\u00f6reningsliv, sjukv\u00e5rd, kommunal administration och kultur.<\/p>\n<p>\u00c5r 2013 gjorde 5 st. svenska gymnasieungdomar + 2 st ledare ett mycket uppskattat svarsbes\u00f6k i Moldavien med liknande inneh\u00e5ll som de Moldaviska ungdomarna fick vid Sverigebes\u00f6ket. Medel, 86000:-, f\u00f6r b\u00e4gge bes\u00f6ken hopsamlade FN-F\u00f6reningen genom att flitigt uppvaktade av m\u00e5nga skilda fonder och f\u00f6reningar. Utm\u00e4rkta reseledare var Alimma Pascal-F\u00e4lt och Tina Mykk\u00e4nen.<\/p>\n<p>\u00c5rets stora aktivitet \u00e4r att om vi f\u00e5r ihop tillr\u00e4ckligt med pengar, 93000:- kunna s\u00e4nda 10 st. gymnasieungdomar + en st. ledare till Krakow, Auschwitz f\u00f6r studium av F\u00f6rintelsen. Det verkar dock lite k\u00e4rvt med pengar i l\u00e5gkonjunkturen. Vi hoppas dock p\u00e5 n\u00e5gon positiv l\u00f6sning. Viktigt att ungdomarna f\u00e5r l\u00e4ra sig om denna fruktansv\u00e4rt m\u00f6rka period i Europas historia.<\/p>\n<p>Vid pennan den 23 januari i n\u00e5dens \u00e5r 2014.<br \/>\nF\u00f6r alla m\u00e4nniskors lika v\u00e4rde och fredens bevarande<\/p>\n<p>Harald Dahlgren<\/p>\n<p>Haparanda FN-F\u00f6rening<\/p>\n<div class=\"article-info\"><\/div>\n","protected":false},"excerpt":{"rendered":"<p>Liten resume om Haparanda FN-f\u00f6rening Liten historik om Haparanda FN-F\u00f6rening. Nedtecknat den 23 januari 2014.Haparanda FN-F\u00f6rening bildades f\u00f6rsta g\u00e5ngen \u00e5r&hellip;<\/p>\n","protected":false},"author":17,"featured_media":209,"parent":0,"menu_order":0,"comment_status":"closed","ping_status":"closed","template":"templates\/template-sub.php","meta":{"_acf_changed":false,"footnotes":"","_links_to":"","_links_to_target":""},"class_list":["post-246","page","type-page","status-publish","has-post-thumbnail","hentry"],"acf":[],"_links":{"self":[{"href":"https:\/\/fn.se\/haparanda\/wp-json\/wp\/v2\/pages\/246","targetHints":{"allow":["GET"]}}],"collection":[{"href":"https:\/\/fn.se\/haparanda\/wp-json\/wp\/v2\/pages"}],"about":[{"href":"https:\/\/fn.se\/haparanda\/wp-json\/wp\/v2\/types\/page"}],"author":[{"embeddable":true,"href":"https:\/\/fn.se\/haparanda\/wp-json\/wp\/v2\/users\/17"}],"replies":[{"embeddable":true,"href":"https:\/\/fn.se\/haparanda\/wp-json\/wp\/v2\/comments?post=246"}],"version-history":[{"count":2,"href":"https:\/\/fn.se\/haparanda\/wp-json\/wp\/v2\/pages\/246\/revisions"}],"predecessor-version":[{"id":304,"href":"https:\/\/fn.se\/haparanda\/wp-json\/wp\/v2\/pages\/246\/revisions\/304"}],"wp:featuredmedia":[{"embeddable":true,"href":"https:\/\/fn.se\/haparanda\/wp-json\/wp\/v2\/media\/209"}],"wp:attachment":[{"href":"https:\/\/fn.se\/haparanda\/wp-json\/wp\/v2\/media?parent=246"}],"curies":[{"name":"wp","href":"https:\/\/api.w.org\/{rel}","templated":true}]}}