{"id":244,"date":"2016-10-10T14:48:58","date_gmt":"2016-10-10T14:48:58","guid":{"rendered":"http:\/\/fn.se\/haparanda\/?page_id=244"},"modified":"2016-10-10T14:48:58","modified_gmt":"2016-10-10T14:48:58","slug":"nytt-uf-foretag-i-haparanda","status":"publish","type":"page","link":"https:\/\/fn.se\/haparanda\/nytt-uf-foretag-i-haparanda\/","title":{"rendered":"Nytt UF-f\u00f6retag i Haparanda"},"content":{"rendered":"<h1>Nytt UF-f\u00f6retag i Haparanda<\/h1>\n<p class=\"intro\">Water Saves heter UF \u2013f\u00f6retaget som de tre gymnasieungdomarna, Julia Lindgren , David Pessa och Daniel Lipi\u00e4inen startat i Haparanda.<\/p>\n<p>Water Saves heter UF \u2013f\u00f6retaget som de tre gymnasieungdomarna, Julia Lindgren , David Pessa och Daniel Lipi\u00e4inen startat i Haparanda.<\/p>\n<p>F\u00f6retagsiden \u00e4r att genom marknadsf\u00f6ring och f\u00f6rs\u00e4ljning av symbolmaterial skaffa kapital till Water Saves iden, som g\u00e5r ut p\u00e5 att spara vatten och d\u00e4rmed energi, men ocks\u00e5 att medverka till tillg\u00e5ng till rent vatten i utvecklingsl\u00e4nderna, som \u00e4r en mycket stor bristvara i bl.a. Afrika.<\/p>\n<p>Denna brist p\u00e5 rent vatten f\u00f6rosakar bl.a. att sp\u00e4dbarnsd\u00f6dligheten och bakterierelaterade sjukdomar \u00e4r onormalt stor i varma l\u00e4nder.<\/p>\n<p>Ungdomarnas f\u00f6retag, som helt bygger p\u00e5 deras eget initiativ har redan startat. Nyttoeffekten av aktiviteterna \u00e4r ju dubbel. Dels f\u00e5r ungdomarna tr\u00e4na sig i att driva ett f\u00f6retag, med eget ansvar f\u00f6r ekonomi, marknadsf\u00f6ring och redovisning och dels g\u00f6r dom en bra insats f\u00f6r energibesparing och folkh\u00e4lsan i U-l\u00e4nderna.<\/p>\n<p>Vi kan konstatera att vi i Haparanda har verkligt fina, initiativkraftiga ungdomar, som b\u00e5de \u00e4r milj\u00f6medvetna och har globala visioner. Vi uppmanar alla att st\u00f6tta ungdomarna och k\u00f6pa ett bevis p\u00e5 att dom har startat ett lovv\u00e4rt f\u00f6retag.<\/p>\n<p>R\u00e5dgivare i projektet \u00e4r Haparanda FN-F\u00f6rening<\/p>\n<p>Harald Dahlgren<\/p>\n<p>FN-F\u00f6reningen<\/p>\n<div class=\"article-info\"><\/div>\n","protected":false},"excerpt":{"rendered":"<p>Nytt UF-f\u00f6retag i Haparanda Water Saves heter UF \u2013f\u00f6retaget som de tre gymnasieungdomarna, Julia Lindgren , David Pessa och Daniel&hellip;<\/p>\n","protected":false},"author":17,"featured_media":0,"parent":0,"menu_order":0,"comment_status":"closed","ping_status":"closed","template":"templates\/template-sub.php","meta":{"_acf_changed":false,"footnotes":"","_links_to":"","_links_to_target":""},"class_list":["post-244","page","type-page","status-publish","hentry"],"acf":[],"_links":{"self":[{"href":"https:\/\/fn.se\/haparanda\/wp-json\/wp\/v2\/pages\/244","targetHints":{"allow":["GET"]}}],"collection":[{"href":"https:\/\/fn.se\/haparanda\/wp-json\/wp\/v2\/pages"}],"about":[{"href":"https:\/\/fn.se\/haparanda\/wp-json\/wp\/v2\/types\/page"}],"author":[{"embeddable":true,"href":"https:\/\/fn.se\/haparanda\/wp-json\/wp\/v2\/users\/17"}],"replies":[{"embeddable":true,"href":"https:\/\/fn.se\/haparanda\/wp-json\/wp\/v2\/comments?post=244"}],"version-history":[{"count":1,"href":"https:\/\/fn.se\/haparanda\/wp-json\/wp\/v2\/pages\/244\/revisions"}],"predecessor-version":[{"id":245,"href":"https:\/\/fn.se\/haparanda\/wp-json\/wp\/v2\/pages\/244\/revisions\/245"}],"wp:attachment":[{"href":"https:\/\/fn.se\/haparanda\/wp-json\/wp\/v2\/media?parent=244"}],"curies":[{"name":"wp","href":"https:\/\/api.w.org\/{rel}","templated":true}]}}