{"id":225,"date":"2016-10-10T14:32:11","date_gmt":"2016-10-10T14:32:11","guid":{"rendered":"http:\/\/fn.se\/haparanda\/?page_id=225"},"modified":"2016-10-10T14:46:05","modified_gmt":"2016-10-10T14:46:05","slug":"sommarskola-2013","status":"publish","type":"page","link":"https:\/\/fn.se\/haparanda\/sommarskola-2013\/","title":{"rendered":"Sommarskola 2013"},"content":{"rendered":"<h1>Sommarskola 2013<\/h1>\n<p class=\"intro\">F\u00f6r tredje \u00e5ret arrangerades i Haparanda den mycket omtyckta sommarskolan f\u00f6r unga flyktingar.<\/p>\n<p>Studief\u00f6rbundet Vuxenskolan, Integrationsenheten och Haparanda FN-f\u00f6rening har under sommaren bedrivit en tre veckor l\u00e5ng sommarskola f\u00f6r unga flyktingar. De deltagande ungdomarna, i \u00e5ldrarna 13-19, kommer fr\u00e5n Eritrea, Somalia, Iran, Dagestan och Marocko. Ungdomarna, som i \u00e5r var 32 till antalet, blev indelade i tv\u00e5 grupper varav en f\u00f6rmiddags- och en eftermiddagsgrupp.<\/p>\n<p>Undervisningen omfattade i \u00e5r temat &#8221;H\u00e4lsa och v\u00e4lm\u00e5ende&#8221; med varierande \u00e4mnen d\u00e4r praktiska prova-p\u00e5-\u00f6vningar kombinerades med teoretiska studietimmar.<\/p>\n<p>Vidare gjordes studiebes\u00f6k p\u00e5 v\u00e5rdcentral och \u00e4ldreboende. Vid lektioner ber\u00f6rdes \u00e4mnen s\u00e5 som arbetsliv och hush\u00e5llsekonomi samt religion, kultur och sj\u00e4lvk\u00e4nsla.<\/p>\n<p>Ordf\u00f6rande i Haparanda FN-f\u00f6rening inbj\u00f6ds att presentera och diskutera FN och dess underorgan. &#8211; Eleverna var mycket intresserade och st\u00e4llde m\u00e5nga fr\u00e5gor, konstaterade Harald Dahlgren efter sitt bes\u00f6k.<\/p>\n<p>Utm\u00e4rkt l\u00e4rare och klassf\u00f6rest\u00e5ndare var f\u00f6r tredje \u00e5ret Haparanda FN-f\u00f6renings ungdomsansvariga Tina Mykk\u00e4nen. Vid sin sida har hon haft tv\u00e5 duktiga hj\u00e4lpledare, h\u00e4rstammande fr\u00e5n Somalia respektive Iran, som bland annat bist\u00e5tt med \u00f6vers\u00e4ttning om s\u00e5 beh\u00f6vts.<\/p>\n<p>Sommarskolan avslutades med fem-kamp och grillning. Utv\u00e4rderingarna har sammanst\u00e4llts och konstateras kan att sommarskolan uppskattades av s\u00e5v\u00e4l ledare som deltagare.<\/p>\n<div id=\"attachment_228\" style=\"width: 1034px\" class=\"wp-caption alignnone\"><img loading=\"lazy\" decoding=\"async\" aria-describedby=\"caption-attachment-228\" class=\"size-large wp-image-228\" src=\"https:\/\/fn.se\/haparanda\/wp-content\/uploads\/sites\/17\/2016\/10\/Sommarskola-2013-Bildlektion-1024x768.jpg\" alt=\"Deltagarna har provat p\u00e5 estetisk verksamhet i form av teater och bild. (Foto: Tina Mykk\u00e4nen)\" width=\"1024\" height=\"768\" srcset=\"https:\/\/fn.se\/haparanda\/wp-content\/uploads\/sites\/17\/2016\/10\/Sommarskola-2013-Bildlektion-1024x768.jpg 1024w, https:\/\/fn.se\/haparanda\/wp-content\/uploads\/sites\/17\/2016\/10\/Sommarskola-2013-Bildlektion-300x225.jpg 300w, https:\/\/fn.se\/haparanda\/wp-content\/uploads\/sites\/17\/2016\/10\/Sommarskola-2013-Bildlektion-768x576.jpg 768w, https:\/\/fn.se\/haparanda\/wp-content\/uploads\/sites\/17\/2016\/10\/Sommarskola-2013-Bildlektion-427x320.jpg 427w, https:\/\/fn.se\/haparanda\/wp-content\/uploads\/sites\/17\/2016\/10\/Sommarskola-2013-Bildlektion-933x700.jpg 933w\" sizes=\"auto, (max-width: 1024px) 100vw, 1024px\" \/><p id=\"caption-attachment-228\" class=\"wp-caption-text\">Deltagarna har provat p\u00e5 estetisk verksamhet i form av teater och bild. (Foto: Tina Mykk\u00e4nen)<\/p><\/div>\n<div id=\"attachment_238\" style=\"width: 970px\" class=\"wp-caption alignnone\"><img loading=\"lazy\" decoding=\"async\" aria-describedby=\"caption-attachment-238\" class=\"size-full wp-image-238\" src=\"https:\/\/fn.se\/haparanda\/wp-content\/uploads\/sites\/17\/2016\/10\/Sommarskola-2013-Yoga.jpg\" alt=\"De har \u00e4ven ut\u00f6vat yoga med instrukt\u00f6r... (Foto: Tina Mykk\u00e4nen)\" width=\"960\" height=\"720\" srcset=\"https:\/\/fn.se\/haparanda\/wp-content\/uploads\/sites\/17\/2016\/10\/Sommarskola-2013-Yoga.jpg 960w, https:\/\/fn.se\/haparanda\/wp-content\/uploads\/sites\/17\/2016\/10\/Sommarskola-2013-Yoga-300x225.jpg 300w, https:\/\/fn.se\/haparanda\/wp-content\/uploads\/sites\/17\/2016\/10\/Sommarskola-2013-Yoga-768x576.jpg 768w, https:\/\/fn.se\/haparanda\/wp-content\/uploads\/sites\/17\/2016\/10\/Sommarskola-2013-Yoga-427x320.jpg 427w, https:\/\/fn.se\/haparanda\/wp-content\/uploads\/sites\/17\/2016\/10\/Sommarskola-2013-Yoga-933x700.jpg 933w\" sizes=\"auto, (max-width: 960px) 100vw, 960px\" \/><p id=\"caption-attachment-238\" class=\"wp-caption-text\">De har \u00e4ven ut\u00f6vat yoga med instrukt\u00f6r&#8230; (Foto: Tina Mykk\u00e4nen)<\/p><\/div>\n<div id=\"attachment_232\" style=\"width: 1034px\" class=\"wp-caption alignnone\"><img loading=\"lazy\" decoding=\"async\" aria-describedby=\"caption-attachment-232\" class=\"size-large wp-image-232\" src=\"https:\/\/fn.se\/haparanda\/wp-content\/uploads\/sites\/17\/2016\/10\/Sommarskola-2013-kajak-1024x768.jpg\" alt=\"...paddlat under friluftsdag och deltagit i andra idrottsaktiviteter. Foto: Tina Mykk\u00e4nen\" width=\"1024\" height=\"768\" srcset=\"https:\/\/fn.se\/haparanda\/wp-content\/uploads\/sites\/17\/2016\/10\/Sommarskola-2013-kajak-1024x768.jpg 1024w, https:\/\/fn.se\/haparanda\/wp-content\/uploads\/sites\/17\/2016\/10\/Sommarskola-2013-kajak-300x225.jpg 300w, https:\/\/fn.se\/haparanda\/wp-content\/uploads\/sites\/17\/2016\/10\/Sommarskola-2013-kajak-768x576.jpg 768w, https:\/\/fn.se\/haparanda\/wp-content\/uploads\/sites\/17\/2016\/10\/Sommarskola-2013-kajak-427x320.jpg 427w, https:\/\/fn.se\/haparanda\/wp-content\/uploads\/sites\/17\/2016\/10\/Sommarskola-2013-kajak-933x700.jpg 933w\" sizes=\"auto, (max-width: 1024px) 100vw, 1024px\" \/><p id=\"caption-attachment-232\" class=\"wp-caption-text\">&#8230;paddlat under friluftsdag och deltagit i andra idrottsaktiviteter. Foto: Tina Mykk\u00e4nen<\/p><\/div>\n<div id=\"attachment_231\" style=\"width: 1034px\" class=\"wp-caption alignnone\"><img loading=\"lazy\" decoding=\"async\" aria-describedby=\"caption-attachment-231\" class=\"size-large wp-image-231\" src=\"https:\/\/fn.se\/haparanda\/wp-content\/uploads\/sites\/17\/2016\/10\/Sommarskola-2013-kajak-2-1024x768.jpg\" alt=\"Foto: Tina Mykk\u00e4nen\" width=\"1024\" height=\"768\" srcset=\"https:\/\/fn.se\/haparanda\/wp-content\/uploads\/sites\/17\/2016\/10\/Sommarskola-2013-kajak-2-1024x768.jpg 1024w, https:\/\/fn.se\/haparanda\/wp-content\/uploads\/sites\/17\/2016\/10\/Sommarskola-2013-kajak-2-300x225.jpg 300w, https:\/\/fn.se\/haparanda\/wp-content\/uploads\/sites\/17\/2016\/10\/Sommarskola-2013-kajak-2-768x576.jpg 768w, https:\/\/fn.se\/haparanda\/wp-content\/uploads\/sites\/17\/2016\/10\/Sommarskola-2013-kajak-2-427x320.jpg 427w, https:\/\/fn.se\/haparanda\/wp-content\/uploads\/sites\/17\/2016\/10\/Sommarskola-2013-kajak-2-933x700.jpg 933w\" sizes=\"auto, (max-width: 1024px) 100vw, 1024px\" \/><p id=\"caption-attachment-231\" class=\"wp-caption-text\">Foto: Tina Mykk\u00e4nen<\/p><\/div>\n<div id=\"attachment_234\" style=\"width: 778px\" class=\"wp-caption alignnone\"><img loading=\"lazy\" decoding=\"async\" aria-describedby=\"caption-attachment-234\" class=\"size-large wp-image-234\" src=\"https:\/\/fn.se\/haparanda\/wp-content\/uploads\/sites\/17\/2016\/10\/Sommarskola-2013-strand-768x1024.jpg\" alt=\"Foto: Tina Mykk\u00e4nen\" width=\"768\" height=\"1024\" srcset=\"https:\/\/fn.se\/haparanda\/wp-content\/uploads\/sites\/17\/2016\/10\/Sommarskola-2013-strand-768x1024.jpg 768w, https:\/\/fn.se\/haparanda\/wp-content\/uploads\/sites\/17\/2016\/10\/Sommarskola-2013-strand-225x300.jpg 225w, https:\/\/fn.se\/haparanda\/wp-content\/uploads\/sites\/17\/2016\/10\/Sommarskola-2013-strand-240x320.jpg 240w, https:\/\/fn.se\/haparanda\/wp-content\/uploads\/sites\/17\/2016\/10\/Sommarskola-2013-strand-525x700.jpg 525w\" sizes=\"auto, (max-width: 768px) 100vw, 768px\" \/><p id=\"caption-attachment-234\" class=\"wp-caption-text\">Foto: Tina Mykk\u00e4nen<\/p><\/div>\n<div id=\"attachment_237\" style=\"width: 1034px\" class=\"wp-caption alignnone\"><img loading=\"lazy\" decoding=\"async\" aria-describedby=\"caption-attachment-237\" class=\"size-large wp-image-237\" src=\"https:\/\/fn.se\/haparanda\/wp-content\/uploads\/sites\/17\/2016\/10\/Sommarskola-2013-Volleyboll-1024x768.jpg\" alt=\"Volleyboll. Foto: Tina Mykk\u00e4nen\" width=\"1024\" height=\"768\" srcset=\"https:\/\/fn.se\/haparanda\/wp-content\/uploads\/sites\/17\/2016\/10\/Sommarskola-2013-Volleyboll-1024x768.jpg 1024w, https:\/\/fn.se\/haparanda\/wp-content\/uploads\/sites\/17\/2016\/10\/Sommarskola-2013-Volleyboll-300x225.jpg 300w, https:\/\/fn.se\/haparanda\/wp-content\/uploads\/sites\/17\/2016\/10\/Sommarskola-2013-Volleyboll-768x576.jpg 768w, https:\/\/fn.se\/haparanda\/wp-content\/uploads\/sites\/17\/2016\/10\/Sommarskola-2013-Volleyboll-427x320.jpg 427w, https:\/\/fn.se\/haparanda\/wp-content\/uploads\/sites\/17\/2016\/10\/Sommarskola-2013-Volleyboll-933x700.jpg 933w\" sizes=\"auto, (max-width: 1024px) 100vw, 1024px\" \/><p id=\"caption-attachment-237\" class=\"wp-caption-text\">Volleyboll. Foto: Tina Mykk\u00e4nen<\/p><\/div>\n<div id=\"attachment_230\" style=\"width: 1034px\" class=\"wp-caption alignnone\"><img loading=\"lazy\" decoding=\"async\" aria-describedby=\"caption-attachment-230\" class=\"size-large wp-image-230\" src=\"https:\/\/fn.se\/haparanda\/wp-content\/uploads\/sites\/17\/2016\/10\/Sommarskola-2013-grafitti-1024x768.jpg\" alt=\"F\u00f6rel\u00e4sning i kostr\u00e5dgivning samt gemensam matlagning arrangerades i enlighet med \u00e5rets tema. Foto: Tina Mykk\u00e4nen\" width=\"1024\" height=\"768\" srcset=\"https:\/\/fn.se\/haparanda\/wp-content\/uploads\/sites\/17\/2016\/10\/Sommarskola-2013-grafitti-1024x768.jpg 1024w, https:\/\/fn.se\/haparanda\/wp-content\/uploads\/sites\/17\/2016\/10\/Sommarskola-2013-grafitti-300x225.jpg 300w, https:\/\/fn.se\/haparanda\/wp-content\/uploads\/sites\/17\/2016\/10\/Sommarskola-2013-grafitti-768x576.jpg 768w, https:\/\/fn.se\/haparanda\/wp-content\/uploads\/sites\/17\/2016\/10\/Sommarskola-2013-grafitti-427x320.jpg 427w, https:\/\/fn.se\/haparanda\/wp-content\/uploads\/sites\/17\/2016\/10\/Sommarskola-2013-grafitti-933x700.jpg 933w\" sizes=\"auto, (max-width: 1024px) 100vw, 1024px\" \/><p id=\"caption-attachment-230\" class=\"wp-caption-text\">F\u00f6rel\u00e4sning i kostr\u00e5dgivning samt gemensam matlagning arrangerades i enlighet med \u00e5rets tema. Foto: Tina Mykk\u00e4nen<\/p><\/div>\n<div id=\"attachment_227\" style=\"width: 1034px\" class=\"wp-caption alignnone\"><img loading=\"lazy\" decoding=\"async\" aria-describedby=\"caption-attachment-227\" class=\"size-large wp-image-227\" src=\"https:\/\/fn.se\/haparanda\/wp-content\/uploads\/sites\/17\/2016\/10\/Sommarskola-2013-2-1024x683.jpg\" alt=\"Foto: Leif Svanberg\/Haparandabladet.\" width=\"1024\" height=\"683\" srcset=\"https:\/\/fn.se\/haparanda\/wp-content\/uploads\/sites\/17\/2016\/10\/Sommarskola-2013-2-1024x683.jpg 1024w, https:\/\/fn.se\/haparanda\/wp-content\/uploads\/sites\/17\/2016\/10\/Sommarskola-2013-2-300x200.jpg 300w, https:\/\/fn.se\/haparanda\/wp-content\/uploads\/sites\/17\/2016\/10\/Sommarskola-2013-2-768x512.jpg 768w, https:\/\/fn.se\/haparanda\/wp-content\/uploads\/sites\/17\/2016\/10\/Sommarskola-2013-2-450x300.jpg 450w\" sizes=\"auto, (max-width: 1024px) 100vw, 1024px\" \/><p id=\"caption-attachment-227\" class=\"wp-caption-text\">Foto: Leif Svanberg\/Haparandabladet.<\/p><\/div>\n<p><img loading=\"lazy\" decoding=\"async\" class=\"alignnone size-large wp-image-235\" src=\"https:\/\/fn.se\/haparanda\/wp-content\/uploads\/sites\/17\/2016\/10\/Sommarskola-2013-T\u00e4vling-1024x768.jpg\" alt=\"sommarskola-2013-tavling\" width=\"1024\" height=\"768\" srcset=\"https:\/\/fn.se\/haparanda\/wp-content\/uploads\/sites\/17\/2016\/10\/Sommarskola-2013-T\u00e4vling-1024x768.jpg 1024w, https:\/\/fn.se\/haparanda\/wp-content\/uploads\/sites\/17\/2016\/10\/Sommarskola-2013-T\u00e4vling-300x225.jpg 300w, https:\/\/fn.se\/haparanda\/wp-content\/uploads\/sites\/17\/2016\/10\/Sommarskola-2013-T\u00e4vling-768x576.jpg 768w, https:\/\/fn.se\/haparanda\/wp-content\/uploads\/sites\/17\/2016\/10\/Sommarskola-2013-T\u00e4vling-427x320.jpg 427w, https:\/\/fn.se\/haparanda\/wp-content\/uploads\/sites\/17\/2016\/10\/Sommarskola-2013-T\u00e4vling-933x700.jpg 933w\" sizes=\"auto, (max-width: 1024px) 100vw, 1024px\" \/><\/p>\n<div id=\"attachment_236\" style=\"width: 1034px\" class=\"wp-caption alignnone\"><img loading=\"lazy\" decoding=\"async\" aria-describedby=\"caption-attachment-236\" class=\"size-large wp-image-236\" src=\"https:\/\/fn.se\/haparanda\/wp-content\/uploads\/sites\/17\/2016\/10\/Sommarskola-2013-Vinnande-laget-1024x683.jpg\" alt=\"Vinnande laget. Foto: Leif Svanberg\/Haparandabladet.\" width=\"1024\" height=\"683\" srcset=\"https:\/\/fn.se\/haparanda\/wp-content\/uploads\/sites\/17\/2016\/10\/Sommarskola-2013-Vinnande-laget-1024x683.jpg 1024w, https:\/\/fn.se\/haparanda\/wp-content\/uploads\/sites\/17\/2016\/10\/Sommarskola-2013-Vinnande-laget-300x200.jpg 300w, https:\/\/fn.se\/haparanda\/wp-content\/uploads\/sites\/17\/2016\/10\/Sommarskola-2013-Vinnande-laget-768x512.jpg 768w, https:\/\/fn.se\/haparanda\/wp-content\/uploads\/sites\/17\/2016\/10\/Sommarskola-2013-Vinnande-laget-450x300.jpg 450w\" sizes=\"auto, (max-width: 1024px) 100vw, 1024px\" \/><p id=\"caption-attachment-236\" class=\"wp-caption-text\">Vinnande laget. Foto: Leif Svanberg\/Haparandabladet.<\/p><\/div>\n<div id=\"attachment_229\" style=\"width: 1034px\" class=\"wp-caption alignnone\"><img loading=\"lazy\" decoding=\"async\" aria-describedby=\"caption-attachment-229\" class=\"size-large wp-image-229\" src=\"https:\/\/fn.se\/haparanda\/wp-content\/uploads\/sites\/17\/2016\/10\/Sommarskola-2013-Fardowsayahyetinasalsabil-1024x683.jpg\" alt=\"Fardowsa, Yahye, Tina och Salsabil. Foto: Leif Svanberg\/Haparandabladet.\" width=\"1024\" height=\"683\" srcset=\"https:\/\/fn.se\/haparanda\/wp-content\/uploads\/sites\/17\/2016\/10\/Sommarskola-2013-Fardowsayahyetinasalsabil-1024x683.jpg 1024w, https:\/\/fn.se\/haparanda\/wp-content\/uploads\/sites\/17\/2016\/10\/Sommarskola-2013-Fardowsayahyetinasalsabil-300x200.jpg 300w, https:\/\/fn.se\/haparanda\/wp-content\/uploads\/sites\/17\/2016\/10\/Sommarskola-2013-Fardowsayahyetinasalsabil-768x512.jpg 768w, https:\/\/fn.se\/haparanda\/wp-content\/uploads\/sites\/17\/2016\/10\/Sommarskola-2013-Fardowsayahyetinasalsabil-450x300.jpg 450w\" sizes=\"auto, (max-width: 1024px) 100vw, 1024px\" \/><p id=\"caption-attachment-229\" class=\"wp-caption-text\">Fardowsa, Yahye, Tina och Salsabil. Foto: Leif Svanberg\/Haparandabladet.<\/p><\/div>\n<div id=\"attachment_233\" style=\"width: 1034px\" class=\"wp-caption alignnone\"><img loading=\"lazy\" decoding=\"async\" aria-describedby=\"caption-attachment-233\" class=\"size-large wp-image-233\" src=\"https:\/\/fn.se\/haparanda\/wp-content\/uploads\/sites\/17\/2016\/10\/Sommarskola-2013-Salsabil-1024x683.jpg\" alt=\"Salsabil. Foto: Leif Svanberg\/Haparandabladet.\" width=\"1024\" height=\"683\" srcset=\"https:\/\/fn.se\/haparanda\/wp-content\/uploads\/sites\/17\/2016\/10\/Sommarskola-2013-Salsabil-1024x683.jpg 1024w, https:\/\/fn.se\/haparanda\/wp-content\/uploads\/sites\/17\/2016\/10\/Sommarskola-2013-Salsabil-300x200.jpg 300w, https:\/\/fn.se\/haparanda\/wp-content\/uploads\/sites\/17\/2016\/10\/Sommarskola-2013-Salsabil-768x512.jpg 768w, https:\/\/fn.se\/haparanda\/wp-content\/uploads\/sites\/17\/2016\/10\/Sommarskola-2013-Salsabil-450x300.jpg 450w\" sizes=\"auto, (max-width: 1024px) 100vw, 1024px\" \/><p id=\"caption-attachment-233\" class=\"wp-caption-text\">Salsabil. Foto: Leif Svanberg\/Haparandabladet.<\/p><\/div>\n<p>&nbsp;<\/p>\n<p>&nbsp;<\/p>\n","protected":false},"excerpt":{"rendered":"<p>Sommarskola 2013 F\u00f6r tredje \u00e5ret arrangerades i Haparanda den mycket omtyckta sommarskolan f\u00f6r unga flyktingar. Studief\u00f6rbundet Vuxenskolan, Integrationsenheten och Haparanda&hellip;<\/p>\n","protected":false},"author":17,"featured_media":229,"parent":0,"menu_order":0,"comment_status":"closed","ping_status":"closed","template":"templates\/template-sub.php","meta":{"_acf_changed":false,"footnotes":"","_links_to":"","_links_to_target":""},"class_list":["post-225","page","type-page","status-publish","has-post-thumbnail","hentry"],"acf":[],"_links":{"self":[{"href":"https:\/\/fn.se\/haparanda\/wp-json\/wp\/v2\/pages\/225","targetHints":{"allow":["GET"]}}],"collection":[{"href":"https:\/\/fn.se\/haparanda\/wp-json\/wp\/v2\/pages"}],"about":[{"href":"https:\/\/fn.se\/haparanda\/wp-json\/wp\/v2\/types\/page"}],"author":[{"embeddable":true,"href":"https:\/\/fn.se\/haparanda\/wp-json\/wp\/v2\/users\/17"}],"replies":[{"embeddable":true,"href":"https:\/\/fn.se\/haparanda\/wp-json\/wp\/v2\/comments?post=225"}],"version-history":[{"count":4,"href":"https:\/\/fn.se\/haparanda\/wp-json\/wp\/v2\/pages\/225\/revisions"}],"predecessor-version":[{"id":241,"href":"https:\/\/fn.se\/haparanda\/wp-json\/wp\/v2\/pages\/225\/revisions\/241"}],"wp:featuredmedia":[{"embeddable":true,"href":"https:\/\/fn.se\/haparanda\/wp-json\/wp\/v2\/media\/229"}],"wp:attachment":[{"href":"https:\/\/fn.se\/haparanda\/wp-json\/wp\/v2\/media?parent=225"}],"curies":[{"name":"wp","href":"https:\/\/api.w.org\/{rel}","templated":true}]}}