{"id":222,"date":"2016-10-10T14:25:18","date_gmt":"2016-10-10T14:25:18","guid":{"rendered":"http:\/\/fn.se\/haparanda\/?page_id=222"},"modified":"2016-10-10T14:25:18","modified_gmt":"2016-10-10T14:25:18","slug":"sommarresa","status":"publish","type":"page","link":"https:\/\/fn.se\/haparanda\/sommarresa\/","title":{"rendered":"Sommarresa"},"content":{"rendered":"<h1>Sommarresa<\/h1>\n<p class=\"intro\"><img loading=\"lazy\" decoding=\"async\" class=\"alignnone size-full wp-image-223\" src=\"https:\/\/fn.se\/haparanda\/wp-content\/uploads\/sites\/17\/2016\/10\/Sj\u00f6fallet-2013-SPF-002.jpg\" alt=\"sjofallet-2013-spf-002\" width=\"640\" height=\"480\" srcset=\"https:\/\/fn.se\/haparanda\/wp-content\/uploads\/sites\/17\/2016\/10\/Sj\u00f6fallet-2013-SPF-002.jpg 640w, https:\/\/fn.se\/haparanda\/wp-content\/uploads\/sites\/17\/2016\/10\/Sj\u00f6fallet-2013-SPF-002-300x225.jpg 300w, https:\/\/fn.se\/haparanda\/wp-content\/uploads\/sites\/17\/2016\/10\/Sj\u00f6fallet-2013-SPF-002-427x320.jpg 427w\" sizes=\"auto, (max-width: 640px) 100vw, 640px\" \/><\/p>\n<p class=\"intro\">Haparanda och Kalix SPF-f\u00f6reningar, FN-f\u00f6reningen och Studief\u00f6rbundet Vuxenskolan gjorde nyligen en tv\u00e5 dagars resa d\u00e4r bland andra Vuollerim, Jokkmokk, Porjus, Stora Sj\u00f6fallet, Ritsem, G\u00e4llivare-Malmberget och Nybyns Tomatodling-\u00d6verkalix bes\u00f6ktes.<\/p>\n<p>Vi fick utm\u00e4rkt guidning och information i Porjus gamla kraftstation av Mikael Utsi, som bland annat ber\u00e4ttade att n\u00e4r man byggde kraftstationen i b\u00f6rjan av 1900-talet s\u00e5 bar man allt material det fyra milen fr\u00e5n G\u00e4llivare till Porjus. Betalningen var 50 \u00f6re per kilo. Den tyngsta b\u00f6rdan f\u00f6r en man uppv\u00e4gdes till 101 kilo. Vilket kraftprov!<\/p>\n<p>Vid Stora Sj\u00f6fallets vildmarkshotell blev vi v\u00e4l omh\u00e4ndertagna och undf\u00e4gnade av \u00e4garen sj\u00e4lv, Inger Junkka. Den superba middagen som serverades bestod bland annat av \u00e4kta Ritsemr\u00f6ding med roms\u00e5s och fj\u00e4llhjortron.<\/p>\n<p>P\u00e5f\u00f6ljande dag guidade oss Inger Junkka de fem milen upp till Ritsem och ber\u00e4ttade om samernas liv och kultur. Det enorma Suorva vattenmagasinet inspirerade ju Mikael Niemi att skriva den intressanta boken Fallvatten. Vi blev upplysta om att fyllnadsgraden i vattenmagasinet var hela 90%. Det borde borga f\u00f6r l\u00e4gre elpriser fram\u00f6ver, n\u00e4r \u00e4ven effekterna av h\u00f6stregnen gjort sitt.<\/p>\n<p>N\u00e4sta anhalt var Malmberget, G\u00e4llivare. Vi blev sakkunnigt guidade av G\u00e4llivare-profilen Birger Tj\u00e4der samt G\u00e4llivares kulturchef Lars Israelsson. De ber\u00e4ttade om omvandlingen av Malmberget med anledning av den ut\u00f6kade gruvbrytningen. Mitt inne i Malmberget finns den ber\u00f6mda Gropen. M\u00e5nga hus m\u00e5ste nu rivas eller flyttas f\u00f6r att gruvn\u00e4ringen skall kunna forts\u00e4tta. Ett j\u00e4tteprojekt. Den fysiskt starkare delen av v\u00e5r grupp kl\u00e4ttrade ocks\u00e5 upp i den s\u00e5 kallade Kapensstegen, 92 steg rakt upp. En utm\u00e4rkt \u00f6verblick \u00f6ver Malmberget var bel\u00f6ningen f\u00f6r m\u00f6dan.<\/p>\n<p>P\u00e5 hemv\u00e4gen bes\u00f6kte vi ocks\u00e5 Nybyns Tomatodling i \u00d6verkalix. D\u00e4r produceras 5 ton tomater i veckan under sommaren samt 3 ton under vinterhalv\u00e5ret. Verkligt fina n\u00e4rodlade frukter, som m\u00e5nga passade p\u00e5 att inhandla. Ett typexempel p\u00e5 att det visst g\u00e5r att driva f\u00f6retag \u00e4ven i glesbygden.<\/p>\n<p>En informativ och trevlig resa tyckte alla de 47 deltagarna.<\/p>\n<p>Foto och text: Harald Dahlgren<\/p>\n","protected":false},"excerpt":{"rendered":"<p>Sommarresa Haparanda och Kalix SPF-f\u00f6reningar, FN-f\u00f6reningen och Studief\u00f6rbundet Vuxenskolan gjorde nyligen en tv\u00e5 dagars resa d\u00e4r bland andra Vuollerim, Jokkmokk,&hellip;<\/p>\n","protected":false},"author":17,"featured_media":0,"parent":0,"menu_order":0,"comment_status":"closed","ping_status":"closed","template":"templates\/template-sub.php","meta":{"_acf_changed":false,"footnotes":"","_links_to":"","_links_to_target":""},"class_list":["post-222","page","type-page","status-publish","hentry"],"acf":[],"_links":{"self":[{"href":"https:\/\/fn.se\/haparanda\/wp-json\/wp\/v2\/pages\/222","targetHints":{"allow":["GET"]}}],"collection":[{"href":"https:\/\/fn.se\/haparanda\/wp-json\/wp\/v2\/pages"}],"about":[{"href":"https:\/\/fn.se\/haparanda\/wp-json\/wp\/v2\/types\/page"}],"author":[{"embeddable":true,"href":"https:\/\/fn.se\/haparanda\/wp-json\/wp\/v2\/users\/17"}],"replies":[{"embeddable":true,"href":"https:\/\/fn.se\/haparanda\/wp-json\/wp\/v2\/comments?post=222"}],"version-history":[{"count":1,"href":"https:\/\/fn.se\/haparanda\/wp-json\/wp\/v2\/pages\/222\/revisions"}],"predecessor-version":[{"id":224,"href":"https:\/\/fn.se\/haparanda\/wp-json\/wp\/v2\/pages\/222\/revisions\/224"}],"wp:attachment":[{"href":"https:\/\/fn.se\/haparanda\/wp-json\/wp\/v2\/media?parent=222"}],"curies":[{"name":"wp","href":"https:\/\/api.w.org\/{rel}","templated":true}]}}