{"id":213,"date":"2016-10-10T14:19:00","date_gmt":"2016-10-10T14:19:00","guid":{"rendered":"http:\/\/fn.se\/haparanda\/?page_id=213"},"modified":"2016-10-10T14:19:00","modified_gmt":"2016-10-10T14:19:00","slug":"16-juni-mini-integrationsresa","status":"publish","type":"page","link":"https:\/\/fn.se\/haparanda\/16-juni-mini-integrationsresa\/","title":{"rendered":"16 juni: Mini-integrationsresa"},"content":{"rendered":"<h1>Mini-integrationsresa<\/h1>\n<p class=\"intro\">Den 16 juni gjorde FN-f\u00f6reningen en integrationsresa med nio Eritreaflyktingar p\u00e5 str\u00e4ckan Haparanda -Seskar\u00f6-B\u00e5tsk\u00e4rsn\u00e4s till \u00c5ker\u00e4nget (\u00d6vermorj\u00e4rv) vid Kalix\u00e4lven.<\/p>\n<p>Som sakkunniga guider fungerade utm\u00e4rkt Lars och Agneta Suo. Vid framkomsten till ett enklare sommarviste vid \u00e4lvstranden grillade Berit en hyfsad sommarmeny s\u00e5 alla blev m\u00e4tta. D\u00e4refter vidtog undervisning om skogens betydelse f\u00f6r Sveriges ekonomi. Pilkastningst\u00e4vlingen som avslutade sammankomsten vanns fr\u00e4ckt nog av Lars. Prisutdelningen skall ske senare under h\u00f6gtidliga former.<\/p>\n<p>Ett stort tack till Ungdomens Hus och Nina Harila som l\u00e5nade ut bussen till oss. Skicklig bussf\u00f6rare var Mukhtar Osman.<\/p>\n<div id=\"attachment_214\" style=\"width: 650px\" class=\"wp-caption alignnone\"><img loading=\"lazy\" decoding=\"async\" aria-describedby=\"caption-attachment-214\" class=\"size-full wp-image-214\" src=\"https:\/\/fn.se\/haparanda\/wp-content\/uploads\/sites\/17\/2016\/10\/Mini-integrationsresa-1.jpg\" alt=\"Det bj\u00f6ds p\u00e5 Eritreanskt kaffe.\" width=\"640\" height=\"480\" srcset=\"https:\/\/fn.se\/haparanda\/wp-content\/uploads\/sites\/17\/2016\/10\/Mini-integrationsresa-1.jpg 640w, https:\/\/fn.se\/haparanda\/wp-content\/uploads\/sites\/17\/2016\/10\/Mini-integrationsresa-1-300x225.jpg 300w, https:\/\/fn.se\/haparanda\/wp-content\/uploads\/sites\/17\/2016\/10\/Mini-integrationsresa-1-427x320.jpg 427w\" sizes=\"auto, (max-width: 640px) 100vw, 640px\" \/><p id=\"caption-attachment-214\" class=\"wp-caption-text\">Det bj\u00f6ds p\u00e5 Eritreanskt kaffe.<\/p><\/div>\n<div id=\"attachment_215\" style=\"width: 650px\" class=\"wp-caption alignnone\"><img loading=\"lazy\" decoding=\"async\" aria-describedby=\"caption-attachment-215\" class=\"size-full wp-image-215\" src=\"https:\/\/fn.se\/haparanda\/wp-content\/uploads\/sites\/17\/2016\/10\/Mini-integrationsresa-2.jpg\" alt=\"Skogsundervisning\" width=\"640\" height=\"480\" srcset=\"https:\/\/fn.se\/haparanda\/wp-content\/uploads\/sites\/17\/2016\/10\/Mini-integrationsresa-2.jpg 640w, https:\/\/fn.se\/haparanda\/wp-content\/uploads\/sites\/17\/2016\/10\/Mini-integrationsresa-2-300x225.jpg 300w, https:\/\/fn.se\/haparanda\/wp-content\/uploads\/sites\/17\/2016\/10\/Mini-integrationsresa-2-427x320.jpg 427w\" sizes=\"auto, (max-width: 640px) 100vw, 640px\" \/><p id=\"caption-attachment-215\" class=\"wp-caption-text\">Skogsundervisning<\/p><\/div>\n<div id=\"attachment_216\" style=\"width: 650px\" class=\"wp-caption alignnone\"><img loading=\"lazy\" decoding=\"async\" aria-describedby=\"caption-attachment-216\" class=\"size-full wp-image-216\" src=\"https:\/\/fn.se\/haparanda\/wp-content\/uploads\/sites\/17\/2016\/10\/Mini-integrationsresa-3.jpg\" alt=\"Pilkastning; Lars vinnande serie.\" width=\"640\" height=\"480\" srcset=\"https:\/\/fn.se\/haparanda\/wp-content\/uploads\/sites\/17\/2016\/10\/Mini-integrationsresa-3.jpg 640w, https:\/\/fn.se\/haparanda\/wp-content\/uploads\/sites\/17\/2016\/10\/Mini-integrationsresa-3-300x225.jpg 300w, https:\/\/fn.se\/haparanda\/wp-content\/uploads\/sites\/17\/2016\/10\/Mini-integrationsresa-3-427x320.jpg 427w\" sizes=\"auto, (max-width: 640px) 100vw, 640px\" \/><p id=\"caption-attachment-216\" class=\"wp-caption-text\">Pilkastning; Lars vinnande serie.<\/p><\/div>\n","protected":false},"excerpt":{"rendered":"<p>Mini-integrationsresa Den 16 juni gjorde FN-f\u00f6reningen en integrationsresa med nio Eritreaflyktingar p\u00e5 str\u00e4ckan Haparanda -Seskar\u00f6-B\u00e5tsk\u00e4rsn\u00e4s till \u00c5ker\u00e4nget (\u00d6vermorj\u00e4rv) vid Kalix\u00e4lven.&hellip;<\/p>\n","protected":false},"author":17,"featured_media":0,"parent":0,"menu_order":0,"comment_status":"closed","ping_status":"closed","template":"templates\/template-sub.php","meta":{"_acf_changed":false,"footnotes":"","_links_to":"","_links_to_target":""},"class_list":["post-213","page","type-page","status-publish","hentry"],"acf":[],"_links":{"self":[{"href":"https:\/\/fn.se\/haparanda\/wp-json\/wp\/v2\/pages\/213","targetHints":{"allow":["GET"]}}],"collection":[{"href":"https:\/\/fn.se\/haparanda\/wp-json\/wp\/v2\/pages"}],"about":[{"href":"https:\/\/fn.se\/haparanda\/wp-json\/wp\/v2\/types\/page"}],"author":[{"embeddable":true,"href":"https:\/\/fn.se\/haparanda\/wp-json\/wp\/v2\/users\/17"}],"replies":[{"embeddable":true,"href":"https:\/\/fn.se\/haparanda\/wp-json\/wp\/v2\/comments?post=213"}],"version-history":[{"count":1,"href":"https:\/\/fn.se\/haparanda\/wp-json\/wp\/v2\/pages\/213\/revisions"}],"predecessor-version":[{"id":217,"href":"https:\/\/fn.se\/haparanda\/wp-json\/wp\/v2\/pages\/213\/revisions\/217"}],"wp:attachment":[{"href":"https:\/\/fn.se\/haparanda\/wp-json\/wp\/v2\/media?parent=213"}],"curies":[{"name":"wp","href":"https:\/\/api.w.org\/{rel}","templated":true}]}}