{"id":203,"date":"2016-10-10T14:08:33","date_gmt":"2016-10-10T14:08:33","guid":{"rendered":"http:\/\/fn.se\/haparanda\/?page_id=203"},"modified":"2016-10-10T14:08:33","modified_gmt":"2016-10-10T14:08:33","slug":"praktiserade-pa-barnhem-i-tanzania","status":"publish","type":"page","link":"https:\/\/fn.se\/haparanda\/praktiserade-pa-barnhem-i-tanzania\/","title":{"rendered":"Praktiserade p\u00e5 barnhem i Tanzania"},"content":{"rendered":"<h1>Praktiserade p\u00e5 barnhem i Tanzania<\/h1>\n<div id=\"attachment_204\" style=\"width: 1034px\" class=\"wp-caption alignright\"><img loading=\"lazy\" decoding=\"async\" aria-describedby=\"caption-attachment-204\" class=\"size-large wp-image-204\" src=\"https:\/\/fn.se\/haparanda\/wp-content\/uploads\/sites\/17\/2016\/10\/Tanzania-1024x768.jpg\" alt=\"Bilden: Tove Tapani t.v och Amelia Orre t.h\" width=\"1024\" height=\"768\" srcset=\"https:\/\/fn.se\/haparanda\/wp-content\/uploads\/sites\/17\/2016\/10\/Tanzania-1024x768.jpg 1024w, https:\/\/fn.se\/haparanda\/wp-content\/uploads\/sites\/17\/2016\/10\/Tanzania-300x225.jpg 300w, https:\/\/fn.se\/haparanda\/wp-content\/uploads\/sites\/17\/2016\/10\/Tanzania-768x576.jpg 768w, https:\/\/fn.se\/haparanda\/wp-content\/uploads\/sites\/17\/2016\/10\/Tanzania-427x320.jpg 427w, https:\/\/fn.se\/haparanda\/wp-content\/uploads\/sites\/17\/2016\/10\/Tanzania-933x700.jpg 933w\" sizes=\"auto, (max-width: 1024px) 100vw, 1024px\" \/><p id=\"caption-attachment-204\" class=\"wp-caption-text\">Bilden: Tove Tapani t.v och Amelia Orre t.h<\/p><\/div>\n<p class=\"intro\">Tv\u00e5 av v\u00e5ra FN-ungdomar, Tove Tapani och Amelia Orre, som till vardags g\u00e5r sista \u00e5ret p\u00e5 gymnasiet i Haparanda, har under vintern, p\u00e5 helt eget initiativ och med n\u00e4sta bara egna hopsparade pengar, praktiserat i tv\u00e5 veckor p\u00e5 ett barnhem i Tanzania.<\/p>\n<p>Flickorna har helt sj\u00e4lva sk\u00f6tt all planering och kontakter med myndigheter och barnhemmet \u00a0i Tanzania. De ber\u00e4ttar nu att de f\u00e5tt en helt annan syn p\u00e5 kulturen och levnadsf\u00f6rh\u00e5llandena i Afrika, som troligen i framtiden kommer att inneb\u00e4ra ett internationellt arbete i n\u00e5gon form.<\/p>\n<p>Harald Dahlgren<br \/>\nHaparanda FN-F\u00f6rening<\/p>\n","protected":false},"excerpt":{"rendered":"<p>Praktiserade p\u00e5 barnhem i Tanzania Tv\u00e5 av v\u00e5ra FN-ungdomar, Tove Tapani och Amelia Orre, som till vardags g\u00e5r sista \u00e5ret&hellip;<\/p>\n","protected":false},"author":17,"featured_media":0,"parent":0,"menu_order":0,"comment_status":"closed","ping_status":"closed","template":"templates\/template-sub.php","meta":{"_acf_changed":false,"footnotes":"","_links_to":"","_links_to_target":""},"class_list":["post-203","page","type-page","status-publish","hentry"],"acf":[],"_links":{"self":[{"href":"https:\/\/fn.se\/haparanda\/wp-json\/wp\/v2\/pages\/203","targetHints":{"allow":["GET"]}}],"collection":[{"href":"https:\/\/fn.se\/haparanda\/wp-json\/wp\/v2\/pages"}],"about":[{"href":"https:\/\/fn.se\/haparanda\/wp-json\/wp\/v2\/types\/page"}],"author":[{"embeddable":true,"href":"https:\/\/fn.se\/haparanda\/wp-json\/wp\/v2\/users\/17"}],"replies":[{"embeddable":true,"href":"https:\/\/fn.se\/haparanda\/wp-json\/wp\/v2\/comments?post=203"}],"version-history":[{"count":1,"href":"https:\/\/fn.se\/haparanda\/wp-json\/wp\/v2\/pages\/203\/revisions"}],"predecessor-version":[{"id":205,"href":"https:\/\/fn.se\/haparanda\/wp-json\/wp\/v2\/pages\/203\/revisions\/205"}],"wp:attachment":[{"href":"https:\/\/fn.se\/haparanda\/wp-json\/wp\/v2\/media?parent=203"}],"curies":[{"name":"wp","href":"https:\/\/api.w.org\/{rel}","templated":true}]}}