{"id":2,"date":"2016-02-17T11:52:30","date_gmt":"2016-02-17T11:52:30","guid":{"rendered":"http:\/\/fn.se\/haparanda\/?page_id=2"},"modified":"2019-05-07T08:05:24","modified_gmt":"2019-05-07T08:05:24","slug":"sample-page","status":"publish","type":"page","link":"https:\/\/fn.se\/haparanda\/","title":{"rendered":"Hem"},"content":{"rendered":"<h2>V\u00e4lkommen till Haparanda FN-f\u00f6rening!<\/h2>\n<p>Haparanda FN-f\u00f6rening \u00e4r en del av den svenska FN-r\u00f6relsen och knuten till<img loading=\"lazy\" decoding=\"async\" class=\"alignright size-medium wp-image-10\" src=\"https:\/\/fn.se\/haparanda\/wp-content\/uploads\/sites\/17\/2016\/02\/SFN_FO\u0308RENING_Haparanda-121x300.jpg\" alt=\"sfn_fo%cc%88rening_haparanda\" width=\"121\" height=\"300\" srcset=\"https:\/\/fn.se\/haparanda\/wp-content\/uploads\/sites\/17\/2016\/02\/SFN_FO\u0308RENING_Haparanda-121x300.jpg 121w, https:\/\/fn.se\/haparanda\/wp-content\/uploads\/sites\/17\/2016\/02\/SFN_FO\u0308RENING_Haparanda-413x1024.jpg 413w, https:\/\/fn.se\/haparanda\/wp-content\/uploads\/sites\/17\/2016\/02\/SFN_FO\u0308RENING_Haparanda-129x320.jpg 129w, https:\/\/fn.se\/haparanda\/wp-content\/uploads\/sites\/17\/2016\/02\/SFN_FO\u0308RENING_Haparanda-282x700.jpg 282w, https:\/\/fn.se\/haparanda\/wp-content\/uploads\/sites\/17\/2016\/02\/SFN_FO\u0308RENING_Haparanda.jpg 489w\" sizes=\"auto, (max-width: 121px) 100vw, 121px\" \/> Svenska FN-f\u00f6rbundet.F\u00f6reningen \u00e4r partipolitiskt och religi\u00f6st obunden. All verksamhet bygger p\u00e5 lokala och n\u00e4ra krafter, vi t\u00e4nker globalt men handlar n\u00e4ra och lokalt. I v\u00e5r r\u00f6relse levandeg\u00f6rs visioner. Id\u00e9er formas om hur internationellt samarbete kan fr\u00e4mjas. Det \u00e4r berikande p\u00e5 m\u00e5nga s\u00e4tt.<\/p>\n<p>H\u00e4r f\u00e5r du m\u00f6jlighet att m\u00f6ta nya m\u00e4nniskor, l\u00e4ra dig mer om FN och internationella fr\u00e5gor, arbeta med insamlingsprojekt, p\u00e5verka och framf\u00f6r allt bidra till det viktiga arbetet f\u00f6r en b\u00e4ttre v\u00e4rld.<\/p>\n<p>Vi beh\u00f6ver FN! FN beh\u00f6ver dig! <a class=\"new-window\" title=\"V\u00e4lkommen som medlem i v\u00e5r f\u00f6rening!\" href=\"https:\/\/betalning.fn.se\/pfs\/memberregistration\/\" target=\"_blank\" rel=\"noopener\">V\u00e4lkommen som medlem i v\u00e5r f\u00f6rening!<\/a><\/p>\n<p><img loading=\"lazy\" decoding=\"async\" class=\"alignnone wp-image-15 size-full\" src=\"https:\/\/fn.se\/haparanda\/wp-content\/uploads\/sites\/17\/2016\/02\/Haparanda-FN-2008-sept-009.jpg\" alt=\"haparanda-fn-2008-sept-009\" width=\"325\" height=\"244\" srcset=\"https:\/\/fn.se\/haparanda\/wp-content\/uploads\/sites\/17\/2016\/02\/Haparanda-FN-2008-sept-009.jpg 325w, https:\/\/fn.se\/haparanda\/wp-content\/uploads\/sites\/17\/2016\/02\/Haparanda-FN-2008-sept-009-300x225.jpg 300w\" sizes=\"auto, (max-width: 325px) 100vw, 325px\" \/><\/p>\n","protected":false},"excerpt":{"rendered":"<p>V\u00e4lkommen till Haparanda FN-f\u00f6rening! Haparanda FN-f\u00f6rening \u00e4r en del av den svenska FN-r\u00f6relsen och knuten till Svenska FN-f\u00f6rbundet.F\u00f6reningen \u00e4r partipolitiskt&hellip;<\/p>\n","protected":false},"author":1,"featured_media":411,"parent":0,"menu_order":0,"comment_status":"closed","ping_status":"open","template":"templates\/template-sub.php","meta":{"_acf_changed":false,"footnotes":"","_links_to":"","_links_to_target":""},"class_list":["post-2","page","type-page","status-publish","has-post-thumbnail","hentry"],"acf":[],"_links":{"self":[{"href":"https:\/\/fn.se\/haparanda\/wp-json\/wp\/v2\/pages\/2","targetHints":{"allow":["GET"]}}],"collection":[{"href":"https:\/\/fn.se\/haparanda\/wp-json\/wp\/v2\/pages"}],"about":[{"href":"https:\/\/fn.se\/haparanda\/wp-json\/wp\/v2\/types\/page"}],"author":[{"embeddable":true,"href":"https:\/\/fn.se\/haparanda\/wp-json\/wp\/v2\/users\/1"}],"replies":[{"embeddable":true,"href":"https:\/\/fn.se\/haparanda\/wp-json\/wp\/v2\/comments?post=2"}],"version-history":[{"count":7,"href":"https:\/\/fn.se\/haparanda\/wp-json\/wp\/v2\/pages\/2\/revisions"}],"predecessor-version":[{"id":412,"href":"https:\/\/fn.se\/haparanda\/wp-json\/wp\/v2\/pages\/2\/revisions\/412"}],"wp:featuredmedia":[{"embeddable":true,"href":"https:\/\/fn.se\/haparanda\/wp-json\/wp\/v2\/media\/411"}],"wp:attachment":[{"href":"https:\/\/fn.se\/haparanda\/wp-json\/wp\/v2\/media?parent=2"}],"curies":[{"name":"wp","href":"https:\/\/api.w.org\/{rel}","templated":true}]}}