{"id":196,"date":"2016-10-10T13:51:52","date_gmt":"2016-10-10T13:51:52","guid":{"rendered":"http:\/\/fn.se\/haparanda\/?page_id=196"},"modified":"2016-10-10T13:51:52","modified_gmt":"2016-10-10T13:51:52","slug":"haparandamedlem-vinner-tavling-med-fn-uppsats","status":"publish","type":"page","link":"https:\/\/fn.se\/haparanda\/haparandamedlem-vinner-tavling-med-fn-uppsats\/","title":{"rendered":"Haparandamedlem vinner t\u00e4vling med FN-uppsats"},"content":{"rendered":"<h2>Haparandamedlem vinner t\u00e4vling med FN-uppsats<\/h2>\n<p class=\"intro\">Daniel \u00e4r blott 18 \u00e5r och har med uppsatsen vunnit en landsomfattande t\u00e4vling.<img loading=\"lazy\" decoding=\"async\" class=\"alignright size-full wp-image-21\" src=\"https:\/\/fn.se\/haparanda\/wp-content\/uploads\/sites\/17\/2016\/10\/DanielLippi\u00e4inen.jpg\" alt=\"daniellippiainen\" width=\"200\" height=\"304\" srcset=\"https:\/\/fn.se\/haparanda\/wp-content\/uploads\/sites\/17\/2016\/10\/DanielLippi\u00e4inen.jpg 200w, https:\/\/fn.se\/haparanda\/wp-content\/uploads\/sites\/17\/2016\/10\/DanielLippi\u00e4inen-197x300.jpg 197w\" sizes=\"auto, (max-width: 200px) 100vw, 200px\" \/><\/p>\n<p>Daniel deltar ocks\u00e5 i v\u00e5rt ungdomsutbyte med Moldavien och kommer i b\u00f6rjan av april att med en 6-mannagrupp \u00e5ka till Moldavien f\u00f6r en veckas ungdomsutbyte.<\/p>\n<p><a href=\"https:\/\/fn.se\/haparanda\/wp-content\/uploads\/sites\/17\/2016\/10\/UNP2013-uppsats.pdf\">L\u00e4s vinnaruppsatsen h\u00e4r! (PDF, 55 KB)<\/a><\/p>\n","protected":false},"excerpt":{"rendered":"<p>Haparandamedlem vinner t\u00e4vling med FN-uppsats Daniel \u00e4r blott 18 \u00e5r och har med uppsatsen vunnit en landsomfattande t\u00e4vling. Daniel deltar&hellip;<\/p>\n","protected":false},"author":17,"featured_media":0,"parent":0,"menu_order":0,"comment_status":"closed","ping_status":"closed","template":"templates\/template-sub.php","meta":{"_acf_changed":false,"footnotes":"","_links_to":"","_links_to_target":""},"class_list":["post-196","page","type-page","status-publish","hentry"],"acf":[],"_links":{"self":[{"href":"https:\/\/fn.se\/haparanda\/wp-json\/wp\/v2\/pages\/196","targetHints":{"allow":["GET"]}}],"collection":[{"href":"https:\/\/fn.se\/haparanda\/wp-json\/wp\/v2\/pages"}],"about":[{"href":"https:\/\/fn.se\/haparanda\/wp-json\/wp\/v2\/types\/page"}],"author":[{"embeddable":true,"href":"https:\/\/fn.se\/haparanda\/wp-json\/wp\/v2\/users\/17"}],"replies":[{"embeddable":true,"href":"https:\/\/fn.se\/haparanda\/wp-json\/wp\/v2\/comments?post=196"}],"version-history":[{"count":1,"href":"https:\/\/fn.se\/haparanda\/wp-json\/wp\/v2\/pages\/196\/revisions"}],"predecessor-version":[{"id":198,"href":"https:\/\/fn.se\/haparanda\/wp-json\/wp\/v2\/pages\/196\/revisions\/198"}],"wp:attachment":[{"href":"https:\/\/fn.se\/haparanda\/wp-json\/wp\/v2\/media?parent=196"}],"curies":[{"name":"wp","href":"https:\/\/api.w.org\/{rel}","templated":true}]}}