{"id":182,"date":"2016-10-07T13:52:11","date_gmt":"2016-10-07T13:52:11","guid":{"rendered":"http:\/\/fn.se\/haparanda\/?page_id=182"},"modified":"2016-10-07T13:52:11","modified_gmt":"2016-10-07T13:52:11","slug":"besok-fran-moldavien","status":"publish","type":"page","link":"https:\/\/fn.se\/haparanda\/besok-fran-moldavien\/","title":{"rendered":"Bes\u00f6k fr\u00e5n Moldavien"},"content":{"rendered":"<h1>Bes\u00f6k fr\u00e5n Moldavien<\/h1>\n<div id=\"attachment_186\" style=\"width: 650px\" class=\"wp-caption alignnone\"><img loading=\"lazy\" decoding=\"async\" aria-describedby=\"caption-attachment-186\" class=\"wp-image-186 size-full\" src=\"https:\/\/fn.se\/haparanda\/wp-content\/uploads\/sites\/17\/2016\/10\/Moldavien-2012-004.jpg\" width=\"640\" height=\"480\" srcset=\"https:\/\/fn.se\/haparanda\/wp-content\/uploads\/sites\/17\/2016\/10\/Moldavien-2012-004.jpg 640w, https:\/\/fn.se\/haparanda\/wp-content\/uploads\/sites\/17\/2016\/10\/Moldavien-2012-004-300x225.jpg 300w, https:\/\/fn.se\/haparanda\/wp-content\/uploads\/sites\/17\/2016\/10\/Moldavien-2012-004-427x320.jpg 427w\" sizes=\"auto, (max-width: 640px) 100vw, 640px\" \/><p id=\"caption-attachment-186\" class=\"wp-caption-text\">Vi utv\u00e4xlade flaggor. B\u00e5de Nationen och Gaugazien<\/p><\/div>\n<p class=\"intro\">Vi fick bes\u00f6k fr\u00e5n Moldavien. H\u00e4r kan du se foton fr\u00e5n bes\u00f6ket.<\/p>\n<p>En av de viktigaste aktiviteterna f\u00f6r Haparanda FN-f\u00f6rening har varit ungdomsutbyte d\u00e4r upp till ett 30-tal ungdomar i \u00e5ldern 17-25 \u00e5r fr\u00e5n Finland, Ryssland, Estland, Lettland och Sverige under cirka en vecka har bes\u00f6kt varandra i respektive hemland och tr\u00e4ffats vid ungdomsseminarier.<\/p>\n<p>Vid dessa seminarier har man behandlat och diskuterat en m\u00e4ngd olika \u00e4mnen s\u00e5som fredsfr\u00e5gor, milj\u00f6, fattigdom, utbildning, j\u00e4mst\u00e4lldhet, nedrustning, arbetsl\u00f6shet, olika kulturer, sport och t\u00e4vlingar. Ett vanligt inslag har ocks\u00e5 varit en kulturkv\u00e4ll d\u00e4r resp. land visar upp sin kultur.<br \/>\nN\u00e4tverken och kontakterna, som i m\u00e5nga fall best\u00e5r \u00e4n idag, mellan de deltagande ungdomarna fr\u00e5n de olika l\u00e4nderna, \u00e4r kanske det viktigaste resultatet av dessa ungdomsseminarier.<\/p>\n<p>Att organisera, arrangera och ordna finansiering till dessa ungdomsseminarier har varit det &#8221;tunga jobbet&#8221; under alla \u00e5r f\u00f6r Haparanda FN-F\u00f6rening.<\/p>\n<div id=\"attachment_185\" style=\"width: 650px\" class=\"wp-caption alignnone\"><img loading=\"lazy\" decoding=\"async\" aria-describedby=\"caption-attachment-185\" class=\"size-full wp-image-185\" src=\"https:\/\/fn.se\/haparanda\/wp-content\/uploads\/sites\/17\/2016\/10\/Moldavien-2012-004-2.jpg\" alt=\"Moldaviska Anna visar en Moldavisk dans\" width=\"640\" height=\"480\" srcset=\"https:\/\/fn.se\/haparanda\/wp-content\/uploads\/sites\/17\/2016\/10\/Moldavien-2012-004-2.jpg 640w, https:\/\/fn.se\/haparanda\/wp-content\/uploads\/sites\/17\/2016\/10\/Moldavien-2012-004-2-300x225.jpg 300w, https:\/\/fn.se\/haparanda\/wp-content\/uploads\/sites\/17\/2016\/10\/Moldavien-2012-004-2-427x320.jpg 427w\" sizes=\"auto, (max-width: 640px) 100vw, 640px\" \/><p id=\"caption-attachment-185\" class=\"wp-caption-text\">Moldaviska Anna visar en Moldavisk dans<\/p><\/div>\n<p>Under h\u00f6sten 2011 beslutade vi att f\u00f6rs\u00f6ka genomf\u00f6ra n\u00e4sta ungdomsprojekt tillsammans med ungdomar fr\u00e5n Moldavien. Vi har d\u00e4rf\u00f6r bl.a. engagerat en Moldavisk medborgare, Alimma Pascal-F\u00e4lt bosatt h\u00e4r i Haparanda Kommun sedan 5 \u00e5r, f\u00f6r att hj\u00e4lpa oss med genomf\u00f6randet.<\/p>\n<p>Vi bj\u00f6d d\u00e4rf\u00f6r nu fem ungdomar samt ledare fr\u00e5n respektive land att delta i projektet &#8221;TOGETHER FOR THE FUTURE&#8221;.<\/p>\n<p>Ungdomarna, pojkar och flickor, skall vara i \u00e5ldersintervallet 17-22 \u00e5r, kunna tala och f\u00f6rst\u00e5 engelska spr\u00e5ket, vara intresserade av internationella fr\u00e5gor, mellanfolkligt samarbete och fredsbefr\u00e4mjande aktiviteter. Deltagandet ger meriter f\u00f6r eventuellt framtida internationellt arbete. Intyg utf\u00e4rdas efter projektets slut.<\/p>\n<p>Eftersom det \u00e4r viktigt att ungdomarna fr\u00e5n resp. land l\u00e4r k\u00e4nna varandra f\u00f6resl\u00e5r vi att dom bor i v\u00e4rdfamilj i det land dom bes\u00f6ker.<\/p>\n<p>Fem ungdomar fr\u00e5n Moldavien kom till Haparanda under en vecka och fem ungdomar fr\u00e5n Haparanda ska g\u00f6ra svarsbes\u00f6k i Moldavien under Oktober eller November.<\/p>\n<div id=\"attachment_187\" style=\"width: 650px\" class=\"wp-caption alignnone\"><img loading=\"lazy\" decoding=\"async\" aria-describedby=\"caption-attachment-187\" class=\"size-full wp-image-187\" src=\"https:\/\/fn.se\/haparanda\/wp-content\/uploads\/sites\/17\/2016\/10\/Moldavien-2012-016.jpg\" alt=\"V\u00e5ra moldaviska v\u00e4nner sjunger sin nationals\u00e5ng f\u00f6r oss.\" width=\"640\" height=\"480\" srcset=\"https:\/\/fn.se\/haparanda\/wp-content\/uploads\/sites\/17\/2016\/10\/Moldavien-2012-016.jpg 640w, https:\/\/fn.se\/haparanda\/wp-content\/uploads\/sites\/17\/2016\/10\/Moldavien-2012-016-300x225.jpg 300w, https:\/\/fn.se\/haparanda\/wp-content\/uploads\/sites\/17\/2016\/10\/Moldavien-2012-016-427x320.jpg 427w\" sizes=\"auto, (max-width: 640px) 100vw, 640px\" \/><p id=\"caption-attachment-187\" class=\"wp-caption-text\">V\u00e5ra moldaviska v\u00e4nner sjunger sin nationals\u00e5ng f\u00f6r oss.<\/p><\/div>\n<div id=\"attachment_184\" style=\"width: 650px\" class=\"wp-caption alignnone\"><img loading=\"lazy\" decoding=\"async\" aria-describedby=\"caption-attachment-184\" class=\"size-full wp-image-184\" src=\"https:\/\/fn.se\/haparanda\/wp-content\/uploads\/sites\/17\/2016\/10\/Moldavien-2012-002.jpg\" alt=\"V\u00e5r p\u00e5litlige medarbetare Lars Suo ber\u00e4ttar om R\u00f6da Korset\" width=\"640\" height=\"480\" srcset=\"https:\/\/fn.se\/haparanda\/wp-content\/uploads\/sites\/17\/2016\/10\/Moldavien-2012-002.jpg 640w, https:\/\/fn.se\/haparanda\/wp-content\/uploads\/sites\/17\/2016\/10\/Moldavien-2012-002-300x225.jpg 300w, https:\/\/fn.se\/haparanda\/wp-content\/uploads\/sites\/17\/2016\/10\/Moldavien-2012-002-427x320.jpg 427w\" sizes=\"auto, (max-width: 640px) 100vw, 640px\" \/><p id=\"caption-attachment-184\" class=\"wp-caption-text\">V\u00e5r p\u00e5litlige medarbetare Lars Suo ber\u00e4ttar om R\u00f6da Korset<\/p><\/div>\n<div id=\"attachment_183\" style=\"width: 650px\" class=\"wp-caption alignnone\"><img loading=\"lazy\" decoding=\"async\" aria-describedby=\"caption-attachment-183\" class=\"size-full wp-image-183\" src=\"https:\/\/fn.se\/haparanda\/wp-content\/uploads\/sites\/17\/2016\/10\/Moldavien-2012-001.jpg\" alt=\"Kyrkoherde Kaarlo Kult ber\u00e4ttar om Haparanda Kyrka.\" width=\"640\" height=\"480\" srcset=\"https:\/\/fn.se\/haparanda\/wp-content\/uploads\/sites\/17\/2016\/10\/Moldavien-2012-001.jpg 640w, https:\/\/fn.se\/haparanda\/wp-content\/uploads\/sites\/17\/2016\/10\/Moldavien-2012-001-300x225.jpg 300w, https:\/\/fn.se\/haparanda\/wp-content\/uploads\/sites\/17\/2016\/10\/Moldavien-2012-001-427x320.jpg 427w\" sizes=\"auto, (max-width: 640px) 100vw, 640px\" \/><p id=\"caption-attachment-183\" class=\"wp-caption-text\">Kyrkoherde Kaarlo Kult ber\u00e4ttar om Haparanda Kyrka.<\/p><\/div>\n<p>&nbsp;<\/p>\n","protected":false},"excerpt":{"rendered":"<p>Bes\u00f6k fr\u00e5n Moldavien Vi fick bes\u00f6k fr\u00e5n Moldavien. H\u00e4r kan du se foton fr\u00e5n bes\u00f6ket. En av de viktigaste aktiviteterna&hellip;<\/p>\n","protected":false},"author":17,"featured_media":0,"parent":0,"menu_order":0,"comment_status":"closed","ping_status":"closed","template":"templates\/template-sub.php","meta":{"_acf_changed":false,"footnotes":"","_links_to":"","_links_to_target":""},"class_list":["post-182","page","type-page","status-publish","hentry"],"acf":[],"_links":{"self":[{"href":"https:\/\/fn.se\/haparanda\/wp-json\/wp\/v2\/pages\/182","targetHints":{"allow":["GET"]}}],"collection":[{"href":"https:\/\/fn.se\/haparanda\/wp-json\/wp\/v2\/pages"}],"about":[{"href":"https:\/\/fn.se\/haparanda\/wp-json\/wp\/v2\/types\/page"}],"author":[{"embeddable":true,"href":"https:\/\/fn.se\/haparanda\/wp-json\/wp\/v2\/users\/17"}],"replies":[{"embeddable":true,"href":"https:\/\/fn.se\/haparanda\/wp-json\/wp\/v2\/comments?post=182"}],"version-history":[{"count":1,"href":"https:\/\/fn.se\/haparanda\/wp-json\/wp\/v2\/pages\/182\/revisions"}],"predecessor-version":[{"id":188,"href":"https:\/\/fn.se\/haparanda\/wp-json\/wp\/v2\/pages\/182\/revisions\/188"}],"wp:attachment":[{"href":"https:\/\/fn.se\/haparanda\/wp-json\/wp\/v2\/media?parent=182"}],"curies":[{"name":"wp","href":"https:\/\/api.w.org\/{rel}","templated":true}]}}