{"id":177,"date":"2016-10-07T13:45:51","date_gmt":"2016-10-07T13:45:51","guid":{"rendered":"http:\/\/fn.se\/haparanda\/?page_id=177"},"modified":"2016-10-07T13:45:51","modified_gmt":"2016-10-07T13:45:51","slug":"invandrarstipendiet-ar-2012","status":"publish","type":"page","link":"https:\/\/fn.se\/haparanda\/invandrarstipendiet-ar-2012\/","title":{"rendered":"Invandrarstipendiet \u00e5r 2012"},"content":{"rendered":"<h1>Invandrarstipendiet \u00e5r 2012<\/h1>\n<p class=\"intro\">Haparanda FN-F\u00f6renings invandrarstipendium \u00e5r 2012 kommer att tilldelas familjen Rolando Cevallos och Susanne Haataja med barnen Aiyana 5 \u00e5r och Emilio 3 \u00e5r.<\/p>\n<p>Motivering<\/p>\n<p><em>Rolando kom fr\u00e5n Ecuvador i Sydamerika, (huvudstaden Quito, 1060 mil f\u00e5gelv\u00e4gen fr\u00e5n Haparanda) f\u00f6r 8 \u00e5r sedan till Stockholm, d\u00e4r han studerade och tr\u00e4ffade sin blivande fru Susanne, som \u00e4r f\u00f6dd och uppvuxen i G\u00e4vle men har finska gener, fr\u00e5n andra sidan Torne\u00e4lven.\u00a0<\/em><\/p>\n<p><img loading=\"lazy\" decoding=\"async\" class=\"alignnone size-full wp-image-178\" src=\"https:\/\/fn.se\/haparanda\/wp-content\/uploads\/sites\/17\/2016\/10\/Ekvador.jpg\" alt=\"ekvador\" width=\"4000\" height=\"3000\" srcset=\"https:\/\/fn.se\/haparanda\/wp-content\/uploads\/sites\/17\/2016\/10\/Ekvador.jpg 4000w, https:\/\/fn.se\/haparanda\/wp-content\/uploads\/sites\/17\/2016\/10\/Ekvador-300x225.jpg 300w, https:\/\/fn.se\/haparanda\/wp-content\/uploads\/sites\/17\/2016\/10\/Ekvador-768x576.jpg 768w, https:\/\/fn.se\/haparanda\/wp-content\/uploads\/sites\/17\/2016\/10\/Ekvador-1024x768.jpg 1024w, https:\/\/fn.se\/haparanda\/wp-content\/uploads\/sites\/17\/2016\/10\/Ekvador-427x320.jpg 427w, https:\/\/fn.se\/haparanda\/wp-content\/uploads\/sites\/17\/2016\/10\/Ekvador-933x700.jpg 933w\" sizes=\"auto, (max-width: 4000px) 100vw, 4000px\" \/><\/p>\n<p>Susannes sl\u00e4ktband drog fam. norrut f\u00f6r 5 \u00e5r sedan och bostadsorten blev Haparanda. Var finna jobb i Haparanda? Rolando kom p\u00e5 den udda iden att b\u00f6rja importera rosor fr\u00e5n Ecuvador till Sverige. Varf\u00f6r rosor fr\u00e5n avl\u00e4gsna Ecuvador? Ecuvador ligger delvis p\u00e5 ekvatorn och vegetationsperioden \u00e4r 365 dagar\/\u00e5r. Tropiskt klimat. Produktionskostnaden f\u00f6r rosor \u00e4r mycket l\u00e4gre d\u00e4r \u00e4n h\u00e4r i kalla Norden, \u00e4ven om den l\u00e5nga flygfrakten givetvis p\u00e5verkar slutpriset.<\/p>\n<p>En annan f\u00f6rdel med Ecuvadoranska rosor \u00e4r att h\u00e5llbarheten \u00e4r betydligt b\u00e4ttre \u00e4n f\u00f6r Europaproducerade och vidare &#8221;att f\u00e4rgerna \u00e4r klarare och briljantare, s\u00e4ger Rolando&#8221;.<\/p>\n<p>S\u00e5 Rolando importerar nu sedan flera \u00e5r tillbaka rosor i parti och s\u00e4ljer till minutaff\u00e4rer p\u00e5 skilda h\u00e5ll i landet. Blommorna kanske inte alltid ger full f\u00f6rs\u00f6rjning och d\u00e4rf\u00f6r kan man ibland tr\u00e4ffa p\u00e5 Rolando i bl.a. IKEA:s restaurang och Bistro. Rolando tar alla jobb han kan f\u00e5 och vill absolut inte leva p\u00e5 samh\u00e4llet.<\/p>\n<p>Det m\u00e5ngkulturella samh\u00e4llet \u00e4r det starka samh\u00e4llet anser FN-r\u00f6relsen. Kanske har Rolando n\u00e5gon droppe Inkablod i sig och kan \u00f6verf\u00f6ra n\u00e5gonting positivt till oss fr\u00e5n deras m\u00e5ngtusen\u00e5riga fantastiska kultur.<\/p>\n<p>Att familjen har tv\u00e5 underbara barn, Aiyana och Emilio som redan \u00e4r p\u00e5 god v\u00e4g att l\u00e4ra sig tre spr\u00e5k, svenska, spanska och finska, g\u00f6r att dom kommer att bli en stor tillg\u00e5ng f\u00f6r v\u00e5rt samh\u00e4lle i framtiden. Lille Emilio var det mest underbara &#8221;yrv\u00e4der&#8221; som jag tr\u00e4ffat p\u00e5 l\u00e4nge. \u00d6ver hela fam. vakar, som vanligt, en klok och vacker kvinna , mamma Susanne, som dessutom hinner att jobba som undersk\u00f6terska i v\u00e5rden.<\/p>\n<p>Vi h\u00e4lsar alla i familjen mycket varmt v\u00e4lkomna till Haparanda och anser att dom \u00e4r mycket v\u00e4rdiga mottagare av \u00e5rets invandrarstipendium.<\/p>\n<p>Stipendiet kommer att utdelas p\u00e5 FN-dagen den 24 oktober av Flottiljchefen och \u00d6versten Fredrik Bergman F 21 under h\u00f6gtidliga former kl. 1800 i Haparanda Kyrka.<\/p>\n<p>F\u00f6r FN- F\u00f6reningen<\/p>\n<p><em>Harald Dahlgren<\/em><\/p>\n<p><img loading=\"lazy\" decoding=\"async\" class=\"alignnone size-full wp-image-179\" src=\"https:\/\/fn.se\/haparanda\/wp-content\/uploads\/sites\/17\/2016\/10\/Stugan-019.jpg\" alt=\"stugan-019\" width=\"4000\" height=\"3000\" srcset=\"https:\/\/fn.se\/haparanda\/wp-content\/uploads\/sites\/17\/2016\/10\/Stugan-019.jpg 4000w, https:\/\/fn.se\/haparanda\/wp-content\/uploads\/sites\/17\/2016\/10\/Stugan-019-300x225.jpg 300w, https:\/\/fn.se\/haparanda\/wp-content\/uploads\/sites\/17\/2016\/10\/Stugan-019-768x576.jpg 768w, https:\/\/fn.se\/haparanda\/wp-content\/uploads\/sites\/17\/2016\/10\/Stugan-019-1024x768.jpg 1024w, https:\/\/fn.se\/haparanda\/wp-content\/uploads\/sites\/17\/2016\/10\/Stugan-019-427x320.jpg 427w, https:\/\/fn.se\/haparanda\/wp-content\/uploads\/sites\/17\/2016\/10\/Stugan-019-933x700.jpg 933w\" sizes=\"auto, (max-width: 4000px) 100vw, 4000px\" \/><\/p>\n","protected":false},"excerpt":{"rendered":"<p>Invandrarstipendiet \u00e5r 2012 Haparanda FN-F\u00f6renings invandrarstipendium \u00e5r 2012 kommer att tilldelas familjen Rolando Cevallos och Susanne Haataja med barnen Aiyana&hellip;<\/p>\n","protected":false},"author":17,"featured_media":0,"parent":0,"menu_order":0,"comment_status":"closed","ping_status":"closed","template":"templates\/template-sub.php","meta":{"_acf_changed":false,"footnotes":"","_links_to":"","_links_to_target":""},"class_list":["post-177","page","type-page","status-publish","hentry"],"acf":[],"_links":{"self":[{"href":"https:\/\/fn.se\/haparanda\/wp-json\/wp\/v2\/pages\/177","targetHints":{"allow":["GET"]}}],"collection":[{"href":"https:\/\/fn.se\/haparanda\/wp-json\/wp\/v2\/pages"}],"about":[{"href":"https:\/\/fn.se\/haparanda\/wp-json\/wp\/v2\/types\/page"}],"author":[{"embeddable":true,"href":"https:\/\/fn.se\/haparanda\/wp-json\/wp\/v2\/users\/17"}],"replies":[{"embeddable":true,"href":"https:\/\/fn.se\/haparanda\/wp-json\/wp\/v2\/comments?post=177"}],"version-history":[{"count":1,"href":"https:\/\/fn.se\/haparanda\/wp-json\/wp\/v2\/pages\/177\/revisions"}],"predecessor-version":[{"id":180,"href":"https:\/\/fn.se\/haparanda\/wp-json\/wp\/v2\/pages\/177\/revisions\/180"}],"wp:attachment":[{"href":"https:\/\/fn.se\/haparanda\/wp-json\/wp\/v2\/media?parent=177"}],"curies":[{"name":"wp","href":"https:\/\/api.w.org\/{rel}","templated":true}]}}