{"id":171,"date":"2016-10-07T13:40:53","date_gmt":"2016-10-07T13:40:53","guid":{"rendered":"http:\/\/fn.se\/haparanda\/?page_id=171"},"modified":"2016-10-07T13:40:53","modified_gmt":"2016-10-07T13:40:53","slug":"6-juni-utmarkelsen-arets-medmanniska","status":"publish","type":"page","link":"https:\/\/fn.se\/haparanda\/6-juni-utmarkelsen-arets-medmanniska\/","title":{"rendered":"6 juni: Utm\u00e4rkelsen \u00c5rets medm\u00e4nniska"},"content":{"rendered":"<h1>Utm\u00e4rkelsen \u00c5rets medm\u00e4nniska<\/h1>\n<p class=\"intro\">Utm\u00e4rkelsen utdelades under mycket h\u00f6gtidliga former p\u00e5 Nationaldagen i en fullsatt kyrka i Haparanda.<\/p>\n<p class=\"intro\"><img loading=\"lazy\" decoding=\"async\" class=\"alignnone size-full wp-image-172\" src=\"https:\/\/fn.se\/haparanda\/wp-content\/uploads\/sites\/17\/2016\/10\/Finland-Vasa-4-6-juni-2012-015.jpg\" alt=\"finland-vasa-4-6-juni-2012-015\" width=\"4000\" height=\"3000\" srcset=\"https:\/\/fn.se\/haparanda\/wp-content\/uploads\/sites\/17\/2016\/10\/Finland-Vasa-4-6-juni-2012-015.jpg 4000w, https:\/\/fn.se\/haparanda\/wp-content\/uploads\/sites\/17\/2016\/10\/Finland-Vasa-4-6-juni-2012-015-300x225.jpg 300w, https:\/\/fn.se\/haparanda\/wp-content\/uploads\/sites\/17\/2016\/10\/Finland-Vasa-4-6-juni-2012-015-768x576.jpg 768w, https:\/\/fn.se\/haparanda\/wp-content\/uploads\/sites\/17\/2016\/10\/Finland-Vasa-4-6-juni-2012-015-1024x768.jpg 1024w, https:\/\/fn.se\/haparanda\/wp-content\/uploads\/sites\/17\/2016\/10\/Finland-Vasa-4-6-juni-2012-015-427x320.jpg 427w, https:\/\/fn.se\/haparanda\/wp-content\/uploads\/sites\/17\/2016\/10\/Finland-Vasa-4-6-juni-2012-015-933x700.jpg 933w\" sizes=\"auto, (max-width: 4000px) 100vw, 4000px\" \/><\/p>\n<p>FN-F\u00f6reningens motivering till Utm\u00e4rkelsen f\u00f6ljer nedan. Lars \u00e4r en mycket uppskattad medarbetare i FN-F\u00f6reningen. Kongressombud f\u00f6r Haparanda p\u00e5 FN-Kongressen i J\u00f6nk\u00f6ping.<\/p>\n<p>FN-F\u00f6reningen f\u00f6resl\u00e5r h\u00e4rmed att rubr. tilldelas Lars och Agneta Suo Haparanda.<\/p>\n<p>Motivering: Lars och Agneta har genom sitt engagemang f\u00f6r bl.a. v\u00e5ra flyktingar visat sin stora omtanke om medm\u00e4nniskor.<\/p>\n<p>Paret Suo har gener\u00f6st uppl\u00e5tit och uppl\u00e5ter, sitt hem f\u00f6r otaliga sammankomster med m\u00e4nniskor fr\u00e5n andra l\u00e4nder. Detta har verkligen underl\u00e4ttat f\u00f6r v\u00e5ra invandrares integrationen i det svenska samh\u00e4llet.<\/p>\n<p>Lars har \u00e4ven sistlidna vinter, under 11 veckor, varit ledare f\u00f6r en studiecirkel best\u00e5ende av 10 invandrarem\u00e4n och 10 svenska m\u00e4n.<\/p>\n<p>Studiecirkeln syftade till ett \u00f6msesidigt utbyte av resp. kulturer och gav m\u00e5nga nya v\u00e4rdefulla erfarenheter och kontakter f\u00f6r alla deltagare.<\/p>\n<p>Vidare har Lars \u00e4ven \u00e4gnat sig \u00e5t h\u00f6gl\u00e4sning f\u00f6r pension\u00e4rer med nedsatt syn. Mycket uppskattat.<\/p>\n<p>Sammanfattningsvis anser vi att paret Suo \u00e4r mycket v\u00e4rdiga mottagare av utm\u00e4rkelsen \u00c5rets Medm\u00e4nniska.<\/p>\n<p>Haparanda den 26 april 2012<\/p>\n<p>F\u00f6r Haparanda FN-F\u00f6rening<\/p>\n<p><em>Harald Dahlgren<\/em><\/p>\n<p><em>Ordf.<\/em><\/p>\n","protected":false},"excerpt":{"rendered":"<p>Utm\u00e4rkelsen \u00c5rets medm\u00e4nniska Utm\u00e4rkelsen utdelades under mycket h\u00f6gtidliga former p\u00e5 Nationaldagen i en fullsatt kyrka i Haparanda. FN-F\u00f6reningens motivering till&hellip;<\/p>\n","protected":false},"author":17,"featured_media":0,"parent":0,"menu_order":0,"comment_status":"closed","ping_status":"closed","template":"templates\/template-sub.php","meta":{"_acf_changed":false,"footnotes":"","_links_to":"","_links_to_target":""},"class_list":["post-171","page","type-page","status-publish","hentry"],"acf":[],"_links":{"self":[{"href":"https:\/\/fn.se\/haparanda\/wp-json\/wp\/v2\/pages\/171","targetHints":{"allow":["GET"]}}],"collection":[{"href":"https:\/\/fn.se\/haparanda\/wp-json\/wp\/v2\/pages"}],"about":[{"href":"https:\/\/fn.se\/haparanda\/wp-json\/wp\/v2\/types\/page"}],"author":[{"embeddable":true,"href":"https:\/\/fn.se\/haparanda\/wp-json\/wp\/v2\/users\/17"}],"replies":[{"embeddable":true,"href":"https:\/\/fn.se\/haparanda\/wp-json\/wp\/v2\/comments?post=171"}],"version-history":[{"count":1,"href":"https:\/\/fn.se\/haparanda\/wp-json\/wp\/v2\/pages\/171\/revisions"}],"predecessor-version":[{"id":173,"href":"https:\/\/fn.se\/haparanda\/wp-json\/wp\/v2\/pages\/171\/revisions\/173"}],"wp:attachment":[{"href":"https:\/\/fn.se\/haparanda\/wp-json\/wp\/v2\/media?parent=171"}],"curies":[{"name":"wp","href":"https:\/\/api.w.org\/{rel}","templated":true}]}}