{"id":17,"date":"2016-10-07T08:58:45","date_gmt":"2016-10-07T08:58:45","guid":{"rendered":"http:\/\/fn.se\/haparanda\/?page_id=17"},"modified":"2023-10-26T11:27:32","modified_gmt":"2023-10-26T11:27:32","slug":"styrelsekontakt","status":"publish","type":"page","link":"https:\/\/fn.se\/haparanda\/styrelsekontakt\/","title":{"rendered":"Styrelse\/Kontakt"},"content":{"rendered":"<h2>Kontaktuppgifter till v\u00e5r styrelse<\/h2>\n<p>Tveka inte att kontakta oss om du har fr\u00e5gor om v\u00e5r f\u00f6rening!<br \/>\nSidan uppdateras!<\/p>\n<h4>Ordf\u00f6rande<\/h4>\n<h4>Sekreterare<\/h4>\n<h4>Kass\u00f6r<\/h4>\n<h4>Styrelseledam\u00f6ter<\/h4>\n","protected":false},"excerpt":{"rendered":"<p>Kontaktuppgifter till v\u00e5r styrelse Tveka inte att kontakta oss om du har fr\u00e5gor om v\u00e5r f\u00f6rening! Sidan uppdateras! Ordf\u00f6rande Sekreterare&hellip;<\/p>\n","protected":false},"author":1,"featured_media":0,"parent":0,"menu_order":0,"comment_status":"closed","ping_status":"closed","template":"templates\/template-sub.php","meta":{"_acf_changed":false,"footnotes":"","_links_to":"","_links_to_target":""},"class_list":["post-17","page","type-page","status-publish","hentry"],"acf":[],"_links":{"self":[{"href":"https:\/\/fn.se\/haparanda\/wp-json\/wp\/v2\/pages\/17","targetHints":{"allow":["GET"]}}],"collection":[{"href":"https:\/\/fn.se\/haparanda\/wp-json\/wp\/v2\/pages"}],"about":[{"href":"https:\/\/fn.se\/haparanda\/wp-json\/wp\/v2\/types\/page"}],"author":[{"embeddable":true,"href":"https:\/\/fn.se\/haparanda\/wp-json\/wp\/v2\/users\/1"}],"replies":[{"embeddable":true,"href":"https:\/\/fn.se\/haparanda\/wp-json\/wp\/v2\/comments?post=17"}],"version-history":[{"count":17,"href":"https:\/\/fn.se\/haparanda\/wp-json\/wp\/v2\/pages\/17\/revisions"}],"predecessor-version":[{"id":422,"href":"https:\/\/fn.se\/haparanda\/wp-json\/wp\/v2\/pages\/17\/revisions\/422"}],"wp:attachment":[{"href":"https:\/\/fn.se\/haparanda\/wp-json\/wp\/v2\/media?parent=17"}],"curies":[{"name":"wp","href":"https:\/\/api.w.org\/{rel}","templated":true}]}}