{"id":166,"date":"2016-10-07T13:38:11","date_gmt":"2016-10-07T13:38:11","guid":{"rendered":"http:\/\/fn.se\/haparanda\/?page_id=166"},"modified":"2016-10-07T13:38:25","modified_gmt":"2016-10-07T13:38:25","slug":"mars-lyckad-kulinarisk-integrationsmiddag","status":"publish","type":"page","link":"https:\/\/fn.se\/haparanda\/mars-lyckad-kulinarisk-integrationsmiddag\/","title":{"rendered":"Mars: Lyckad kulinarisk integrationsmiddag"},"content":{"rendered":"<h1>Lyckad kulinarisk integrationsmiddag<\/h1>\n<p class=\"intro\">V\u00e5r h\u00f6gt v\u00e4rderade medlem Lars Suo har under den g\u00e5ngna vintern under 11 veckotr\u00e4ffar samlat 10st flyktingar, nysvenskar och vanliga haparandabor till integrationsm\u00f6ten. Temat har bl.a. varit polisen, kronofogden, UNHCR, f\u00f6reningslivet, samh\u00e4llsinstitutioner och som avslutande clou, gemensam tillagning av en 3-r\u00e4tters gourmetmiddag som verkligen var synnerligen lyckad.<\/p>\n<p>Drygt 20 personer deltog i denna kulinariska aktivitet som p\u00e5gick under n\u00e4stan 4 timmat, d\u00e4r alla bidrog p\u00e5 n\u00e5got s\u00e4tt.<\/p>\n<p>En mycket viktig &#8221;delr\u00e4tt&#8221; var det sociala umg\u00e4nget med v\u00e5ra nya haparandabor. Nya kontakter kn\u00f6ts och integrationen av nysvenskarna tog ett stort steg fram\u00e5t. Mycket viktigt b\u00e5de f\u00f6r invandrarna och Haparandaborna.<\/p>\n<p>Lars Suo \u00e4r verkligen en eldsj\u00e4l och ett f\u00f6red\u00f6me n\u00e4r det g\u00e4ller att st\u00e4lla upp f\u00f6r andra m\u00e4nniskor. Lars l\u00e4gger ner mycket tid och energi i integrationsarbetet och man kan tryggt s\u00e4ga att han \u00e4r humanismen personifierad.<\/p>\n<p>Vi \u00e4r glada och stolta \u00f6ver att ha en s\u00e5 &#8221;m\u00e4nsklig&#8221; man i v\u00e5ra led.<\/p>\n<p>Harald Dahlgren<\/p>\n<p>Haparanda FN-f\u00f6rening<\/p>\n<div id=\"attachment_167\" style=\"width: 650px\" class=\"wp-caption alignnone\"><img loading=\"lazy\" decoding=\"async\" aria-describedby=\"caption-attachment-167\" class=\"size-full wp-image-167\" src=\"https:\/\/fn.se\/haparanda\/wp-content\/uploads\/sites\/17\/2016\/10\/Flyktingmiddag-Skotersafari-skidsp\u00e5r-001.jpg\" alt=\"Lars, med sitt smittande leende, f\u00e5r alla p\u00e5 gott hum\u00f6r\" width=\"640\" height=\"480\" srcset=\"https:\/\/fn.se\/haparanda\/wp-content\/uploads\/sites\/17\/2016\/10\/Flyktingmiddag-Skotersafari-skidsp\u00e5r-001.jpg 640w, https:\/\/fn.se\/haparanda\/wp-content\/uploads\/sites\/17\/2016\/10\/Flyktingmiddag-Skotersafari-skidsp\u00e5r-001-300x225.jpg 300w, https:\/\/fn.se\/haparanda\/wp-content\/uploads\/sites\/17\/2016\/10\/Flyktingmiddag-Skotersafari-skidsp\u00e5r-001-427x320.jpg 427w\" sizes=\"auto, (max-width: 640px) 100vw, 640px\" \/><p id=\"caption-attachment-167\" class=\"wp-caption-text\">Lars, med sitt smittande leende, f\u00e5r alla p\u00e5 gott hum\u00f6r<\/p><\/div>\n<p><img loading=\"lazy\" decoding=\"async\" class=\"alignnone size-full wp-image-168\" src=\"https:\/\/fn.se\/haparanda\/wp-content\/uploads\/sites\/17\/2016\/10\/Flyktingmiddag-Skotersafari-skidsp\u00e5r-004.jpg\" alt=\"flyktingmiddag-skotersafari-skidspar-004\" width=\"640\" height=\"480\" srcset=\"https:\/\/fn.se\/haparanda\/wp-content\/uploads\/sites\/17\/2016\/10\/Flyktingmiddag-Skotersafari-skidsp\u00e5r-004.jpg 640w, https:\/\/fn.se\/haparanda\/wp-content\/uploads\/sites\/17\/2016\/10\/Flyktingmiddag-Skotersafari-skidsp\u00e5r-004-300x225.jpg 300w, https:\/\/fn.se\/haparanda\/wp-content\/uploads\/sites\/17\/2016\/10\/Flyktingmiddag-Skotersafari-skidsp\u00e5r-004-427x320.jpg 427w\" sizes=\"auto, (max-width: 640px) 100vw, 640px\" \/><\/p>\n<div id=\"attachment_169\" style=\"width: 650px\" class=\"wp-caption alignnone\"><img loading=\"lazy\" decoding=\"async\" aria-describedby=\"caption-attachment-169\" class=\"size-full wp-image-169\" src=\"https:\/\/fn.se\/haparanda\/wp-content\/uploads\/sites\/17\/2016\/10\/Flyktingmiddag-Skotersafari-skidsp\u00e5r-005.jpg\" alt=\"Lars diskuterar med n\u00e5gra nysvenskar hur man g\u00f6r en elegant dukning\" width=\"640\" height=\"480\" srcset=\"https:\/\/fn.se\/haparanda\/wp-content\/uploads\/sites\/17\/2016\/10\/Flyktingmiddag-Skotersafari-skidsp\u00e5r-005.jpg 640w, https:\/\/fn.se\/haparanda\/wp-content\/uploads\/sites\/17\/2016\/10\/Flyktingmiddag-Skotersafari-skidsp\u00e5r-005-300x225.jpg 300w, https:\/\/fn.se\/haparanda\/wp-content\/uploads\/sites\/17\/2016\/10\/Flyktingmiddag-Skotersafari-skidsp\u00e5r-005-427x320.jpg 427w\" sizes=\"auto, (max-width: 640px) 100vw, 640px\" \/><p id=\"caption-attachment-169\" class=\"wp-caption-text\">Lars diskuterar med n\u00e5gra nysvenskar hur man g\u00f6r en elegant dukning<\/p><\/div>\n","protected":false},"excerpt":{"rendered":"<p>Lyckad kulinarisk integrationsmiddag V\u00e5r h\u00f6gt v\u00e4rderade medlem Lars Suo har under den g\u00e5ngna vintern under 11 veckotr\u00e4ffar samlat 10st flyktingar,&hellip;<\/p>\n","protected":false},"author":17,"featured_media":0,"parent":0,"menu_order":0,"comment_status":"closed","ping_status":"closed","template":"templates\/template-sub.php","meta":{"_acf_changed":false,"footnotes":"","_links_to":"","_links_to_target":""},"class_list":["post-166","page","type-page","status-publish","hentry"],"acf":[],"_links":{"self":[{"href":"https:\/\/fn.se\/haparanda\/wp-json\/wp\/v2\/pages\/166","targetHints":{"allow":["GET"]}}],"collection":[{"href":"https:\/\/fn.se\/haparanda\/wp-json\/wp\/v2\/pages"}],"about":[{"href":"https:\/\/fn.se\/haparanda\/wp-json\/wp\/v2\/types\/page"}],"author":[{"embeddable":true,"href":"https:\/\/fn.se\/haparanda\/wp-json\/wp\/v2\/users\/17"}],"replies":[{"embeddable":true,"href":"https:\/\/fn.se\/haparanda\/wp-json\/wp\/v2\/comments?post=166"}],"version-history":[{"count":1,"href":"https:\/\/fn.se\/haparanda\/wp-json\/wp\/v2\/pages\/166\/revisions"}],"predecessor-version":[{"id":170,"href":"https:\/\/fn.se\/haparanda\/wp-json\/wp\/v2\/pages\/166\/revisions\/170"}],"wp:attachment":[{"href":"https:\/\/fn.se\/haparanda\/wp-json\/wp\/v2\/media?parent=166"}],"curies":[{"name":"wp","href":"https:\/\/api.w.org\/{rel}","templated":true}]}}