{"id":158,"date":"2016-10-07T13:31:44","date_gmt":"2016-10-07T13:31:44","guid":{"rendered":"http:\/\/fn.se\/haparanda\/?page_id=158"},"modified":"2016-10-07T13:34:15","modified_gmt":"2016-10-07T13:34:15","slug":"bejublat-extranummer-pa-fn-dagen","status":"publish","type":"page","link":"https:\/\/fn.se\/haparanda\/bejublat-extranummer-pa-fn-dagen\/","title":{"rendered":"Bejublat extranummer p\u00e5 FN-dagen"},"content":{"rendered":"<h1>Bejublat extranummer p\u00e5 FN-dagen<\/h1>\n<p class=\"intro\">P\u00e5 FN-dagen i kyrkan hade vi ett mycket bejublat extranummer av tv\u00e5 sk\u00f6nsjungande och gitarrspelande unga damer, Emilia Martin och Yara Malo. Duon framf\u00f6rde ett special arrangemang av &#8221;Halleluja&#8221;. Alla i den 300-h\u00f6vdade publiken appl\u00e5derade energiskt. Flera menade att stycket var s\u00e5 berusande och elegant exekverat att dom fick &#8221;g\u00e5shud&#8221;.<\/p>\n<p class=\"intro\"><img loading=\"lazy\" decoding=\"async\" class=\"alignnone size-full wp-image-162\" src=\"https:\/\/fn.se\/haparanda\/wp-content\/uploads\/sites\/17\/2016\/10\/FN-dagen-2011-Sk\u00f6na-damer-002.jpg\" alt=\"fn-dagen-2011-skona-damer-002\" width=\"470\" height=\"353\" srcset=\"https:\/\/fn.se\/haparanda\/wp-content\/uploads\/sites\/17\/2016\/10\/FN-dagen-2011-Sk\u00f6na-damer-002.jpg 470w, https:\/\/fn.se\/haparanda\/wp-content\/uploads\/sites\/17\/2016\/10\/FN-dagen-2011-Sk\u00f6na-damer-002-300x225.jpg 300w, https:\/\/fn.se\/haparanda\/wp-content\/uploads\/sites\/17\/2016\/10\/FN-dagen-2011-Sk\u00f6na-damer-002-426x320.jpg 426w\" sizes=\"auto, (max-width: 470px) 100vw, 470px\" \/><\/p>\n<p class=\"intro\">Duon studerar de kommande tv\u00e5 \u00e5ren musik vid SverigeFinska Folkh\u00f6gskolan och kommer s\u00e4kert att inom en n\u00e4ra framtid omtalas i st\u00f6rre sammanhang. Den internationella anknytningen svarade Yara f\u00f6r. Hennes far kommer n\u00e4mligen fr\u00e5n Mocambique och mamman fr\u00e5n Sverige. FN-F\u00f6reningens p\u00e5litlige medarbetare och store humanist, Lars Suo, ses h\u00e4r i beundrande samspr\u00e5k med v\u00e5ra nya v\u00e4rldsstj\u00e4rnor.<\/p>\n<p class=\"intro\"><img loading=\"lazy\" decoding=\"async\" class=\"alignnone size-full wp-image-161\" src=\"https:\/\/fn.se\/haparanda\/wp-content\/uploads\/sites\/17\/2016\/10\/FN-dagen-2011-067.jpg\" alt=\"fn-dagen-2011-067\" width=\"470\" height=\"353\" srcset=\"https:\/\/fn.se\/haparanda\/wp-content\/uploads\/sites\/17\/2016\/10\/FN-dagen-2011-067.jpg 470w, https:\/\/fn.se\/haparanda\/wp-content\/uploads\/sites\/17\/2016\/10\/FN-dagen-2011-067-300x225.jpg 300w, https:\/\/fn.se\/haparanda\/wp-content\/uploads\/sites\/17\/2016\/10\/FN-dagen-2011-067-426x320.jpg 426w\" sizes=\"auto, (max-width: 470px) 100vw, 470px\" \/><\/p>\n","protected":false},"excerpt":{"rendered":"<p>Bejublat extranummer p\u00e5 FN-dagen P\u00e5 FN-dagen i kyrkan hade vi ett mycket bejublat extranummer av tv\u00e5 sk\u00f6nsjungande och gitarrspelande unga&hellip;<\/p>\n","protected":false},"author":17,"featured_media":0,"parent":0,"menu_order":0,"comment_status":"closed","ping_status":"closed","template":"templates\/template-sub.php","meta":{"_acf_changed":false,"footnotes":"","_links_to":"","_links_to_target":""},"class_list":["post-158","page","type-page","status-publish","hentry"],"acf":[],"_links":{"self":[{"href":"https:\/\/fn.se\/haparanda\/wp-json\/wp\/v2\/pages\/158","targetHints":{"allow":["GET"]}}],"collection":[{"href":"https:\/\/fn.se\/haparanda\/wp-json\/wp\/v2\/pages"}],"about":[{"href":"https:\/\/fn.se\/haparanda\/wp-json\/wp\/v2\/types\/page"}],"author":[{"embeddable":true,"href":"https:\/\/fn.se\/haparanda\/wp-json\/wp\/v2\/users\/17"}],"replies":[{"embeddable":true,"href":"https:\/\/fn.se\/haparanda\/wp-json\/wp\/v2\/comments?post=158"}],"version-history":[{"count":3,"href":"https:\/\/fn.se\/haparanda\/wp-json\/wp\/v2\/pages\/158\/revisions"}],"predecessor-version":[{"id":164,"href":"https:\/\/fn.se\/haparanda\/wp-json\/wp\/v2\/pages\/158\/revisions\/164"}],"wp:attachment":[{"href":"https:\/\/fn.se\/haparanda\/wp-json\/wp\/v2\/media?parent=158"}],"curies":[{"name":"wp","href":"https:\/\/api.w.org\/{rel}","templated":true}]}}