{"id":149,"date":"2016-10-07T13:27:34","date_gmt":"2016-10-07T13:27:34","guid":{"rendered":"http:\/\/fn.se\/haparanda\/?page_id=149"},"modified":"2016-10-07T13:35:02","modified_gmt":"2016-10-07T13:35:02","slug":"fn-dagen-firades-stort-i-haparanda","status":"publish","type":"page","link":"https:\/\/fn.se\/haparanda\/fn-dagen-firades-stort-i-haparanda\/","title":{"rendered":"FN-Dagen firades stort i Haparanda"},"content":{"rendered":"<h1>FN-Dagen firades stort i Haparanda<\/h1>\n<p class=\"intro\">Dagen b\u00f6rjade med att Tornedalsskolans elever och l\u00e4rare samlades i Folkets Hus. D\u00e4r ber\u00e4ttade Majoren och informationsofficerenWilhelm Guldbrand om sina FN-tj\u00e4nstg\u00f6ringar i Guatemala och nu senast i Afganistan.<\/p>\n<p>Att tj\u00e4nstg\u00f6ringen kan vara komplicerad i dessa fattiga l\u00e4nder kan man kanske f\u00f6rst\u00e5 n\u00e4r st\u00f6rsta exportinkomsten kommer fr\u00e5n opiumf\u00f6rs\u00e4ljning.<\/p>\n<p>Att milj\u00f6n kan vara mycket tuff vid dessa aktiviteter, stack han inte under stol med. Resultatet av fredsarbetet uppv\u00e4ger mera \u00e4n v\u00e4l alla uppoffringar och anstr\u00e4ngningar som FN nedl\u00e4gger i dessa orosh\u00e4rdar. Bevisligen har m\u00e4nniskorna f\u00e5tt en tryggare och b\u00e4ttre tillvaro efter FN-insatserna.<\/p>\n<p>Att informationen var intressant kunde man avl\u00e4sa p\u00e5 eleverna, som and\u00e4ktigt lyssnade p\u00e5 den timsl\u00e5nga f\u00f6rest\u00e4llningen.<\/p>\n<p>P\u00e5 kv\u00e4llen var det stor samling i Haparanda Kyrka. Mycket folk hade kommit dit f\u00f6r att tillsammans lyssna p\u00e5 v\u00e4lsjungande k\u00f6rer, fanparad, unison s\u00e5ng, korta tal och utdelning av 2011 \u00e5rs invandrarstipendium.<\/p>\n<p>Uppfarten till Kyrkan var i den m\u00f6rka kv\u00e4llen upplyst av 100-tals marchaller.<\/p>\n<p>Mycket st\u00e4mningsfullt.<\/p>\n<div id=\"attachment_150\" style=\"width: 480px\" class=\"wp-caption alignnone\"><img loading=\"lazy\" decoding=\"async\" aria-describedby=\"caption-attachment-150\" class=\"size-full wp-image-150\" src=\"https:\/\/fn.se\/haparanda\/wp-content\/uploads\/sites\/17\/2016\/10\/Haparanda-FN-dagen-2011-1.jpg\" alt=\"Kv\u00e4llens h\u00f6gtidstalare W Guldbrand omgiven av v\u00e4rdinnorna Jaana Hurtig och Helena Mukkan\u00e4n\" width=\"470\" height=\"350\" srcset=\"https:\/\/fn.se\/haparanda\/wp-content\/uploads\/sites\/17\/2016\/10\/Haparanda-FN-dagen-2011-1.jpg 470w, https:\/\/fn.se\/haparanda\/wp-content\/uploads\/sites\/17\/2016\/10\/Haparanda-FN-dagen-2011-1-300x223.jpg 300w, https:\/\/fn.se\/haparanda\/wp-content\/uploads\/sites\/17\/2016\/10\/Haparanda-FN-dagen-2011-1-430x320.jpg 430w\" sizes=\"auto, (max-width: 470px) 100vw, 470px\" \/><p id=\"caption-attachment-150\" class=\"wp-caption-text\">Kv\u00e4llens h\u00f6gtidstalare W Guldbrand omgiven av v\u00e4rdinnorna Jaana Hurtig och Helena Mukkan\u00e4n<\/p><\/div>\n<div id=\"attachment_151\" style=\"width: 480px\" class=\"wp-caption alignnone\"><img loading=\"lazy\" decoding=\"async\" aria-describedby=\"caption-attachment-151\" class=\"size-full wp-image-151\" src=\"https:\/\/fn.se\/haparanda\/wp-content\/uploads\/sites\/17\/2016\/10\/Haparanda-FN-dagen-2011-2.jpg\" alt=\"Delar av fanparaden\" width=\"470\" height=\"353\" srcset=\"https:\/\/fn.se\/haparanda\/wp-content\/uploads\/sites\/17\/2016\/10\/Haparanda-FN-dagen-2011-2.jpg 470w, https:\/\/fn.se\/haparanda\/wp-content\/uploads\/sites\/17\/2016\/10\/Haparanda-FN-dagen-2011-2-300x225.jpg 300w, https:\/\/fn.se\/haparanda\/wp-content\/uploads\/sites\/17\/2016\/10\/Haparanda-FN-dagen-2011-2-426x320.jpg 426w\" sizes=\"auto, (max-width: 470px) 100vw, 470px\" \/><p id=\"caption-attachment-151\" class=\"wp-caption-text\">Delar av fanparaden<\/p><\/div>\n<div id=\"attachment_152\" style=\"width: 480px\" class=\"wp-caption alignnone\"><img loading=\"lazy\" decoding=\"async\" aria-describedby=\"caption-attachment-152\" class=\"size-full wp-image-152\" src=\"https:\/\/fn.se\/haparanda\/wp-content\/uploads\/sites\/17\/2016\/10\/Haparanda-FN-dagen-2011-3.jpg\" alt=\"Rektor Johan Waltari tackar Major Guldbrand f\u00f6r skolinformationen\" width=\"470\" height=\"353\" srcset=\"https:\/\/fn.se\/haparanda\/wp-content\/uploads\/sites\/17\/2016\/10\/Haparanda-FN-dagen-2011-3.jpg 470w, https:\/\/fn.se\/haparanda\/wp-content\/uploads\/sites\/17\/2016\/10\/Haparanda-FN-dagen-2011-3-300x225.jpg 300w, https:\/\/fn.se\/haparanda\/wp-content\/uploads\/sites\/17\/2016\/10\/Haparanda-FN-dagen-2011-3-426x320.jpg 426w\" sizes=\"auto, (max-width: 470px) 100vw, 470px\" \/><p id=\"caption-attachment-152\" class=\"wp-caption-text\">Rektor Johan Waltari tackar Major Guldbrand f\u00f6r skolinformationen<\/p><\/div>\n<h3>Mer fr\u00e5n FN-dagsfirandet:<\/h3>\n<p><a href=\"https:\/\/fn.se\/haparanda\/hogtidstal-pa-fn-dagen-2011\/\">H\u00f6gtidstal p\u00e5 FN-dagen 2011<\/a><br \/>\n<a href=\"https:\/\/fn.se\/haparanda\/bejublat-extranummer-pa-fn-dagen\/\">Bejublat extranummer p\u00e5 FN-dagen<\/a><\/p>\n<h3>Ur dagens program:<\/h3>\n<p>Fanborgen inmarsch<br \/>\nG\u00e4nsl\u00f6sa Spelm\u00e4n spelar, dirigent Per-Ivan M\u00e4ki.<br \/>\nLjusceremoni och diktl\u00e4sning, Rolf och Agneta Pelli<br \/>\nK\u00f6rs\u00e5ng. K\u00f6ren Gr\u00e4nsklang, dirigent Markku Potila<br \/>\nK\u00f6rs\u00e5ng. Kyrkok\u00f6ren, dirigent Gustav Niemi<br \/>\nH\u00f6gtidstal. Majoren Wilhelm Guldbrand, I 19 Boden<br \/>\nS\u00e5ng. T-School K\u00f6r, dirigent Mirja Tapio<br \/>\n2011 \u00e5rs Invandrarstipendium utdelas till familjen Usov.<br \/>\nKollekt<br \/>\nKyrkoherde Kimmo Sulila B\u00f6n<\/p>\n<p>Lottorna och F\u00f6rsamlingen bjuder p\u00e5 kaffe<\/p>\n<h3>Arrang\u00f6rer:<\/h3>\n<p>Haparanda FN-f\u00f6rening<br \/>\nLions Club<br \/>\nSvenska Kyrkan<br \/>\nStudief\u00f6rbundet Vuxenskolan<br \/>\nHaparanda Stad<br \/>\nR\u00e4dda Barnen<br \/>\nHaparanda R\u00f6dakorskrets<br \/>\nLeader Tornedalen<\/p>\n<p><img loading=\"lazy\" decoding=\"async\" class=\"alignnone size-full wp-image-153\" src=\"https:\/\/fn.se\/haparanda\/wp-content\/uploads\/sites\/17\/2016\/10\/Haparanda-FN-dagen-2011-4.jpg\" alt=\"haparanda-fn-dagen-2011-4\" width=\"470\" height=\"330\" srcset=\"https:\/\/fn.se\/haparanda\/wp-content\/uploads\/sites\/17\/2016\/10\/Haparanda-FN-dagen-2011-4.jpg 470w, https:\/\/fn.se\/haparanda\/wp-content\/uploads\/sites\/17\/2016\/10\/Haparanda-FN-dagen-2011-4-300x211.jpg 300w, https:\/\/fn.se\/haparanda\/wp-content\/uploads\/sites\/17\/2016\/10\/Haparanda-FN-dagen-2011-4-450x316.jpg 450w\" sizes=\"auto, (max-width: 470px) 100vw, 470px\" \/><\/p>\n<p><img loading=\"lazy\" decoding=\"async\" class=\"alignnone size-full wp-image-154\" src=\"https:\/\/fn.se\/haparanda\/wp-content\/uploads\/sites\/17\/2016\/10\/Haparanda-FN-dagen-2011-5.jpg\" alt=\"haparanda-fn-dagen-2011-5\" width=\"470\" height=\"350\" srcset=\"https:\/\/fn.se\/haparanda\/wp-content\/uploads\/sites\/17\/2016\/10\/Haparanda-FN-dagen-2011-5.jpg 470w, https:\/\/fn.se\/haparanda\/wp-content\/uploads\/sites\/17\/2016\/10\/Haparanda-FN-dagen-2011-5-300x223.jpg 300w, https:\/\/fn.se\/haparanda\/wp-content\/uploads\/sites\/17\/2016\/10\/Haparanda-FN-dagen-2011-5-430x320.jpg 430w\" sizes=\"auto, (max-width: 470px) 100vw, 470px\" \/><\/p>\n","protected":false},"excerpt":{"rendered":"<p>FN-Dagen firades stort i Haparanda Dagen b\u00f6rjade med att Tornedalsskolans elever och l\u00e4rare samlades i Folkets Hus. D\u00e4r ber\u00e4ttade Majoren&hellip;<\/p>\n","protected":false},"author":17,"featured_media":0,"parent":0,"menu_order":0,"comment_status":"closed","ping_status":"closed","template":"templates\/template-sub.php","meta":{"_acf_changed":false,"footnotes":"","_links_to":"","_links_to_target":""},"class_list":["post-149","page","type-page","status-publish","hentry"],"acf":[],"_links":{"self":[{"href":"https:\/\/fn.se\/haparanda\/wp-json\/wp\/v2\/pages\/149","targetHints":{"allow":["GET"]}}],"collection":[{"href":"https:\/\/fn.se\/haparanda\/wp-json\/wp\/v2\/pages"}],"about":[{"href":"https:\/\/fn.se\/haparanda\/wp-json\/wp\/v2\/types\/page"}],"author":[{"embeddable":true,"href":"https:\/\/fn.se\/haparanda\/wp-json\/wp\/v2\/users\/17"}],"replies":[{"embeddable":true,"href":"https:\/\/fn.se\/haparanda\/wp-json\/wp\/v2\/comments?post=149"}],"version-history":[{"count":3,"href":"https:\/\/fn.se\/haparanda\/wp-json\/wp\/v2\/pages\/149\/revisions"}],"predecessor-version":[{"id":165,"href":"https:\/\/fn.se\/haparanda\/wp-json\/wp\/v2\/pages\/149\/revisions\/165"}],"wp:attachment":[{"href":"https:\/\/fn.se\/haparanda\/wp-json\/wp\/v2\/media?parent=149"}],"curies":[{"name":"wp","href":"https:\/\/api.w.org\/{rel}","templated":true}]}}