{"id":146,"date":"2016-10-07T13:22:13","date_gmt":"2016-10-07T13:22:13","guid":{"rendered":"http:\/\/fn.se\/haparanda\/?page_id=146"},"modified":"2016-10-07T13:22:13","modified_gmt":"2016-10-07T13:22:13","slug":"10-oktober-invandrarstipendiater-for-2011-utsedda","status":"publish","type":"page","link":"https:\/\/fn.se\/haparanda\/10-oktober-invandrarstipendiater-for-2011-utsedda\/","title":{"rendered":"10 oktober: Invandrarstipendiater f\u00f6r 2011 utsedda"},"content":{"rendered":"<h1>Invandrarstipendiater f\u00f6r 2011 utsedda.<\/h1>\n<p class=\"intro\">F\u00f6r att motverka fr\u00e4mlingsfientlighet och lyfta fram de goda exemplen p\u00e5 invandrare som lyckats v\u00e4l med etableringen i v\u00e5rt samh\u00e4lle, utdelar Haparanda FN-F\u00f6rening \u00e5rligen i samband med FN-Dagen ett invandrarstipendium.<\/p>\n<p>Fam. Alexei Usov kommer p\u00e5 FN-dagen, m\u00e5ndagen den 24 oktober kl. 1800,<br \/>\natt i Haparanda Kyrka erh\u00e5lla \u00e5rets invandrarstipendium i samband med FN-dagsfirandet.<\/p>\n<p><img loading=\"lazy\" decoding=\"async\" class=\"alignnone size-full wp-image-147\" src=\"https:\/\/fn.se\/haparanda\/wp-content\/uploads\/sites\/17\/2016\/10\/usovs.jpg\" alt=\"usovs\" width=\"470\" height=\"328\" srcset=\"https:\/\/fn.se\/haparanda\/wp-content\/uploads\/sites\/17\/2016\/10\/usovs.jpg 470w, https:\/\/fn.se\/haparanda\/wp-content\/uploads\/sites\/17\/2016\/10\/usovs-300x209.jpg 300w, https:\/\/fn.se\/haparanda\/wp-content\/uploads\/sites\/17\/2016\/10\/usovs-450x314.jpg 450w\" sizes=\"auto, (max-width: 470px) 100vw, 470px\" \/><\/p>\n<p>Pappa Alexei och mamma Julia kommer b\u00e4gge fr\u00e5n den ryska staden Arkhangelsk vid floden Dvina i nordv\u00e4stra Ryssland. B\u00e5da har genomg\u00e5tt en 5-\u00e5rig universitetsutbildning till l\u00e4rare vid universitetet i Arkhangelsk. F\u00f6re universitetet, under gymnasietiden, studerade Alexei ett \u00e5r vid High Scool i USA.<br \/>\nVia kontakter med Nordiska Ministerr\u00e5det i Arkhangelsk kom Alexei f\u00f6r 11 \u00e5r sedan till Haparanda och b\u00f6rjade arbeta p\u00e5 SverigeFinska Folkh\u00f6gskolan.<br \/>\nTv\u00e5 \u00e5r senare tr\u00e4ffade Alexei sin blivande fru Julia, som d\u00e5 studerade vid Folkh\u00f6gskolan i Haparanda<\/p>\n<p>Fam. har hitintills beg\u00e5vats med tre barn Uljana 6 \u00e5r, Mark 2 \u00e5r och lilla Vera snart en m\u00e5nad gammal.<\/p>\n<p>Alexei arbetade i b\u00f6rjan som l\u00e4rare i ryska och engelska. Genom stort IT intresse fick Alexei snart \u00e4ven huvudansvaret f\u00f6r dator- och serverparken p\u00e5 Folkh\u00f6gskolan. Tillika blev han ocks\u00e5 l\u00e4rare i IT vid skolan.<\/p>\n<p>Genom bl.a. Alexeis stora spr\u00e5kkunskaper, 4 spr\u00e5k, kom han \u00e4ven att snart bli den som organiserade ett ungdoms- och studieutbyte, genom olika projekt, med \u00f6ststaterna, Ryssland, Estland, Lettland, Vitryssland och Ukraina.<br \/>\nAlexei \u00e4r idag ocks\u00e5 VD f\u00f6r Barents Hus. Ett hel\u00e4gt dotterbolag till Folkh\u00f6gskolan. Bolaget sysslar idag med bl.a. IT-tj\u00e4nster, tolkning och \u00f6vers\u00e4ttningar.<\/p>\n<p>Samtidigt var Alexei till ov\u00e4rderlig hj\u00e4lp f\u00f6r FN-F\u00f6reningen vid de veckol\u00e5nga ungdomsseminarier som \u00e5rligen avh\u00f6lls v\u00e4xelvis i Sverige, Ryssland och Finland. Mycket god organisat\u00f6r, l\u00e4tt att samarbeta med, specialist p\u00e5 hur man s\u00f6ker medel fr\u00e5n alla fonder och institutioner \u00e4r utm\u00e4rkande f\u00f6r Alexei. Alexei blev snart styrelseledamot i den lokala FN-F\u00f6reningen och \u00e4ven en period ledamot FN-F\u00f6rbundets f\u00f6rbundsstyrelse i Stockholm som representant f\u00f6r Norrbotten.<\/p>\n<p>Styrelseledamot i Studief\u00f6rbundet Vuxenskolan \u00e4r ett annat av Alexis m\u00e5nga engagemang. B\u00e5de Julia och Alexei blev genom hans breda engagemang i det svenska samh\u00e4llet snabbt totalintegrerade i Sverige.<br \/>\nAtt b\u00e4gge dessutom har tagit med sig en del av den ryska kulturen till Haparanda berikar bara v\u00e5rt samh\u00e4lle.<br \/>\nDet m\u00e5ngkulturella samh\u00e4llet \u00e4r ju som bekant det starka samh\u00e4llet.<\/p>\n<p>Julia har ju inte genom barnaf\u00f6dandet hitintills kunnat \u00e4gna sig \u00e5t yrkesarbete.<br \/>\nTre sm\u00e5barn ger henne mera \u00e4n full syssels\u00e4ttning i hemmet.<\/p>\n<p>Haparanda FN-F\u00f6rening anser att Fam. Usov \u00e4r mycket v\u00e4rdiga och v\u00e4lf\u00f6rtj\u00e4nta mottagare av 2011 \u00e5rs invandrarstipendium.<\/p>\n","protected":false},"excerpt":{"rendered":"<p>Invandrarstipendiater f\u00f6r 2011 utsedda. F\u00f6r att motverka fr\u00e4mlingsfientlighet och lyfta fram de goda exemplen p\u00e5 invandrare som lyckats v\u00e4l med&hellip;<\/p>\n","protected":false},"author":17,"featured_media":0,"parent":0,"menu_order":0,"comment_status":"closed","ping_status":"closed","template":"templates\/template-sub.php","meta":{"_acf_changed":false,"footnotes":"","_links_to":"","_links_to_target":""},"class_list":["post-146","page","type-page","status-publish","hentry"],"acf":[],"_links":{"self":[{"href":"https:\/\/fn.se\/haparanda\/wp-json\/wp\/v2\/pages\/146","targetHints":{"allow":["GET"]}}],"collection":[{"href":"https:\/\/fn.se\/haparanda\/wp-json\/wp\/v2\/pages"}],"about":[{"href":"https:\/\/fn.se\/haparanda\/wp-json\/wp\/v2\/types\/page"}],"author":[{"embeddable":true,"href":"https:\/\/fn.se\/haparanda\/wp-json\/wp\/v2\/users\/17"}],"replies":[{"embeddable":true,"href":"https:\/\/fn.se\/haparanda\/wp-json\/wp\/v2\/comments?post=146"}],"version-history":[{"count":1,"href":"https:\/\/fn.se\/haparanda\/wp-json\/wp\/v2\/pages\/146\/revisions"}],"predecessor-version":[{"id":148,"href":"https:\/\/fn.se\/haparanda\/wp-json\/wp\/v2\/pages\/146\/revisions\/148"}],"wp:attachment":[{"href":"https:\/\/fn.se\/haparanda\/wp-json\/wp\/v2\/media?parent=146"}],"curies":[{"name":"wp","href":"https:\/\/api.w.org\/{rel}","templated":true}]}}