{"id":143,"date":"2016-10-07T13:20:12","date_gmt":"2016-10-07T13:20:12","guid":{"rendered":"http:\/\/fn.se\/haparanda\/?page_id=143"},"modified":"2016-10-07T13:20:12","modified_gmt":"2016-10-07T13:20:12","slug":"generalsekreterares-framtradande-pa-vuxenskolan-i-haparanda-den-18-8","status":"publish","type":"page","link":"https:\/\/fn.se\/haparanda\/generalsekreterares-framtradande-pa-vuxenskolan-i-haparanda-den-18-8\/","title":{"rendered":"Generalsekreterares framtr\u00e4dande p\u00e5 Vuxenskolan i Haparanda den 18 \/8"},"content":{"rendered":"<h1>Generalsekreterares framtr\u00e4dande p\u00e5 Vuxenskolan i Haparanda den 18 \/8<\/h1>\n<p class=\"intro\">Linda Nordin Thorslund framh\u00f6ll vikten av att FN-r\u00f6relsen samverkar med andra organisationer. Ett 90 tal andra organisationer \u00e4r i dag medlemmar i Svenska FN-F\u00f6rbundet. Tillsammans blir vi starkare.<\/p>\n<p class=\"intro\"><img loading=\"lazy\" decoding=\"async\" class=\"alignnone size-full wp-image-144\" src=\"https:\/\/fn.se\/haparanda\/wp-content\/uploads\/sites\/17\/2016\/10\/Linda-Haparanda.jpg\" alt=\"linda-haparanda\" width=\"470\" height=\"337\" srcset=\"https:\/\/fn.se\/haparanda\/wp-content\/uploads\/sites\/17\/2016\/10\/Linda-Haparanda.jpg 470w, https:\/\/fn.se\/haparanda\/wp-content\/uploads\/sites\/17\/2016\/10\/Linda-Haparanda-300x215.jpg 300w, https:\/\/fn.se\/haparanda\/wp-content\/uploads\/sites\/17\/2016\/10\/Linda-Haparanda-446x320.jpg 446w\" sizes=\"auto, (max-width: 470px) 100vw, 470px\" \/><\/p>\n<p>R\u00f6da Korset, R\u00e4dda barnen, Lions, Rotary, N\u00e4stan all politiska partier och Svenska Kyrkan \u00e4r bara n\u00e5gra exempel p\u00e5 medlemmar i FN-F\u00f6rbundet.<br \/>\nGeneralsekreteraren hade noterat att Haparanda tar v\u00e4l hand om de flyktingar som FN-organet UNHCR f\u00f6rmedlat till Haparanda. Detta i samverkan med flera andra organisationer. Speciellt hade hon uppm\u00e4rksammat det stora arbete som man l\u00e4gger ner p\u00e5 att integrera de nya svenskarna i v\u00e5rt samh\u00e4lle.<br \/>\nN\u00e5gra klagar p\u00e5 att FN g\u00f6r f\u00f6r lite, \u00e4r f\u00f6r tandl\u00f6st. FN blir dock aldrig b\u00e4ttre \u00e4n vad de 193 medlemsstaterna g\u00f6r det till. Det \u00e4r inte helt problemfritt att samordna s\u00e5 m\u00e5nga olika intressen.<\/p>\n<p>FN-F\u00f6rbundet arbetar of\u00f6rtrutet f\u00f6r ett starkare och b\u00e4ttre FN.<br \/>\nVi p\u00e5verkar<br \/>\nVi granskar<br \/>\nVi informerar<br \/>\nVi hj\u00e4lper<br \/>\nVi samarbetar internationellt<br \/>\n&#8230;sade Generalsekreteraren Linda Nordin Thorslund vid sitt anf\u00f6rande i Haparanda.<\/p>\n","protected":false},"excerpt":{"rendered":"<p>Generalsekreterares framtr\u00e4dande p\u00e5 Vuxenskolan i Haparanda den 18 \/8 Linda Nordin Thorslund framh\u00f6ll vikten av att FN-r\u00f6relsen samverkar med andra&hellip;<\/p>\n","protected":false},"author":17,"featured_media":0,"parent":0,"menu_order":0,"comment_status":"closed","ping_status":"closed","template":"templates\/template-sub.php","meta":{"_acf_changed":false,"footnotes":"","_links_to":"","_links_to_target":""},"class_list":["post-143","page","type-page","status-publish","hentry"],"acf":[],"_links":{"self":[{"href":"https:\/\/fn.se\/haparanda\/wp-json\/wp\/v2\/pages\/143","targetHints":{"allow":["GET"]}}],"collection":[{"href":"https:\/\/fn.se\/haparanda\/wp-json\/wp\/v2\/pages"}],"about":[{"href":"https:\/\/fn.se\/haparanda\/wp-json\/wp\/v2\/types\/page"}],"author":[{"embeddable":true,"href":"https:\/\/fn.se\/haparanda\/wp-json\/wp\/v2\/users\/17"}],"replies":[{"embeddable":true,"href":"https:\/\/fn.se\/haparanda\/wp-json\/wp\/v2\/comments?post=143"}],"version-history":[{"count":1,"href":"https:\/\/fn.se\/haparanda\/wp-json\/wp\/v2\/pages\/143\/revisions"}],"predecessor-version":[{"id":145,"href":"https:\/\/fn.se\/haparanda\/wp-json\/wp\/v2\/pages\/143\/revisions\/145"}],"wp:attachment":[{"href":"https:\/\/fn.se\/haparanda\/wp-json\/wp\/v2\/media?parent=143"}],"curies":[{"name":"wp","href":"https:\/\/api.w.org\/{rel}","templated":true}]}}