{"id":138,"date":"2016-10-07T13:17:48","date_gmt":"2016-10-07T13:17:48","guid":{"rendered":"http:\/\/fn.se\/haparanda\/?page_id=138"},"modified":"2016-10-07T13:17:48","modified_gmt":"2016-10-07T13:17:48","slug":"7-8-augusti-rapport-fran-integrationsresa","status":"publish","type":"page","link":"https:\/\/fn.se\/haparanda\/7-8-augusti-rapport-fran-integrationsresa\/","title":{"rendered":"7-8 Augusti Rapport fr\u00e5n integrationsresa"},"content":{"rendered":"<p><img loading=\"lazy\" decoding=\"async\" class=\"size-full wp-image-140 alignnone\" src=\"https:\/\/fn.se\/haparanda\/wp-content\/uploads\/sites\/17\/2016\/10\/Integrationsresan-6-7-augusti-2011-001.jpg\" alt=\"integrationsresan-6-7-augusti-2011-001\" width=\"470\" height=\"329\" srcset=\"https:\/\/fn.se\/haparanda\/wp-content\/uploads\/sites\/17\/2016\/10\/Integrationsresan-6-7-augusti-2011-001.jpg 470w, https:\/\/fn.se\/haparanda\/wp-content\/uploads\/sites\/17\/2016\/10\/Integrationsresan-6-7-augusti-2011-001-300x210.jpg 300w, https:\/\/fn.se\/haparanda\/wp-content\/uploads\/sites\/17\/2016\/10\/Integrationsresan-6-7-augusti-2011-001-450x315.jpg 450w\" sizes=\"auto, (max-width: 470px) 100vw, 470px\" \/><\/p>\n<p>Lilla Haparanda har p\u00e5 kort tid mottagit 60-talet flyktingar, fr\u00e5n bl.a. Eritrea, Sudan och Afganistan. FN-F\u00f6reningen var tidigt engagerad i att integrera flyktingarna i det svenska samh\u00e4llet.<\/p>\n<p>Det senaste projektet var en tv\u00e5dagars integrationsresa, med buss i svenska och finska Tornedalen. Vi samarbetade med R\u00f6da Korset, R\u00e4dda Barnen, Vuxenskolan och Rotary.<\/p>\n<p>17 flyktingar och 14 v\u00e4rdf\u00f6r\u00e4ldrar deltog i resan. ALLA presenterade sig p\u00e5 svenska. Bara detta var ett stort steg fram\u00e5t p\u00e5 integrationens m\u00f6dosamma v\u00e4g.<\/p>\n<p>Att Ramadan inf\u00f6ll under resan var ett problem f\u00f6r v\u00e5ra muslimska v\u00e4nner. Varken mat eller dryck f\u00e5r som bekant f\u00f6rt\u00e4ras s\u00e5 l\u00e4nge som solen \u00e4r uppe. P\u00e5 v\u00e5ra breddgrader \u00e4r solen fortfarande uppe n\u00e4stan 20 timmar.<\/p>\n<p>Alla tyckte att resan verkligen bidrog till att integrationen tog ett stort steg fram\u00e5t f\u00f6r v\u00e5ra utl\u00e4ndska v\u00e4nner.<br \/>\n<em>Harald\u00a0<\/em><\/p>\n<p><img loading=\"lazy\" decoding=\"async\" class=\"size-full wp-image-139 alignnone\" src=\"https:\/\/fn.se\/haparanda\/wp-content\/uploads\/sites\/17\/2016\/10\/Integrationsresan-6-7-augusti-2011-010.jpg\" alt=\"integrationsresan-6-7-augusti-2011-010\" width=\"470\" height=\"330\" srcset=\"https:\/\/fn.se\/haparanda\/wp-content\/uploads\/sites\/17\/2016\/10\/Integrationsresan-6-7-augusti-2011-010.jpg 470w, https:\/\/fn.se\/haparanda\/wp-content\/uploads\/sites\/17\/2016\/10\/Integrationsresan-6-7-augusti-2011-010-300x211.jpg 300w, https:\/\/fn.se\/haparanda\/wp-content\/uploads\/sites\/17\/2016\/10\/Integrationsresan-6-7-augusti-2011-010-450x316.jpg 450w\" sizes=\"auto, (max-width: 470px) 100vw, 470px\" \/><\/p>\n<h2>Schema f\u00f6r integrationsresan<\/h2>\n<p><strong>Den 6 augusti<\/strong><\/p>\n<p>kl 0800 Avresa fr\u00e5n torget Haparanda. Buss, Hannele Trafik<\/p>\n<p>Kl. 0830 Per Pesulas Lantbruk Kukkola. Per och Lars Suo ber\u00e4ttar<\/p>\n<p>Kl. 1000 Info om \u00d6-t\u00e5 kommun<\/p>\n<p>Kl. 1050 Avf\u00e4rd mot Polcirkeln, m.fl. sev\u00e4rdheter. Lennart Lindfors ber\u00e4ttar.<\/p>\n<p>Kl. 1220 Lunch, Smedjan Pajala. Bengt Niska info, om Pajala<\/p>\n<p>Kl. 1320 Avf\u00e4rd mot Kaunisvaara ,Kihlangi, Bengt Niska, fortsatt info. Kaunisvaaragruvan<\/p>\n<p>Kl. 1430 Kaffe i Kihlangi. Pissiniemi- Karnevaara-Kitki\u00f6j\u00e4rvi-Muonio. Skogen.<\/p>\n<p>Kl. 1630 Info om &#8221;\u00d6vrebygden&#8221; i Rajamaa. Lars Malmstr\u00f6m ber\u00e4ttar.<\/p>\n<p>Kl. 1730 Incheckning Harriniva Hotell \u2013Stugby.<\/p>\n<p>Kl. 1800 Info av samen Henrik Sev\u00e4, f.d. ordf. i Muonio Sameby, om samernas liv. Anf. p\u00e5 engelska.<\/p>\n<p>Kl. 1900 Middag p\u00e5 Harriniva Hotell.<\/p>\n<h3>Den 7 augusti<\/h3>\n<p>kl. 0800.frukost.<\/p>\n<p>Kl. 0900 avf\u00e4rd mot Karesuando Kyrka.<\/p>\n<p>Kl. 0915 Info om Laestadius. Ulla Hardelin ber\u00e4ttar. Kontaktar Kyrkoherden i Karesuando. Vi bevistar h\u00f6gm\u00e4ssan kl. 1100.<\/p>\n<p>Kl. 1200 Mot finska Pello<\/p>\n<p>Kl. 1340 Lunch i Finska Pello<\/p>\n<p>Kl. 1610. Aavasaksa. Lars Suo guide och ber\u00e4ttare<\/p>\n<p>Kl. 1730 Hemma<\/p>\n","protected":false},"excerpt":{"rendered":"<p>Lilla Haparanda har p\u00e5 kort tid mottagit 60-talet flyktingar, fr\u00e5n bl.a. Eritrea, Sudan och Afganistan. FN-F\u00f6reningen var tidigt engagerad i&hellip;<\/p>\n","protected":false},"author":17,"featured_media":0,"parent":0,"menu_order":0,"comment_status":"closed","ping_status":"closed","template":"templates\/template-sub.php","meta":{"_acf_changed":false,"footnotes":"","_links_to":"","_links_to_target":""},"class_list":["post-138","page","type-page","status-publish","hentry"],"acf":[],"_links":{"self":[{"href":"https:\/\/fn.se\/haparanda\/wp-json\/wp\/v2\/pages\/138","targetHints":{"allow":["GET"]}}],"collection":[{"href":"https:\/\/fn.se\/haparanda\/wp-json\/wp\/v2\/pages"}],"about":[{"href":"https:\/\/fn.se\/haparanda\/wp-json\/wp\/v2\/types\/page"}],"author":[{"embeddable":true,"href":"https:\/\/fn.se\/haparanda\/wp-json\/wp\/v2\/users\/17"}],"replies":[{"embeddable":true,"href":"https:\/\/fn.se\/haparanda\/wp-json\/wp\/v2\/comments?post=138"}],"version-history":[{"count":2,"href":"https:\/\/fn.se\/haparanda\/wp-json\/wp\/v2\/pages\/138\/revisions"}],"predecessor-version":[{"id":142,"href":"https:\/\/fn.se\/haparanda\/wp-json\/wp\/v2\/pages\/138\/revisions\/142"}],"wp:attachment":[{"href":"https:\/\/fn.se\/haparanda\/wp-json\/wp\/v2\/media?parent=138"}],"curies":[{"name":"wp","href":"https:\/\/api.w.org\/{rel}","templated":true}]}}