{"id":131,"date":"2016-10-07T13:10:41","date_gmt":"2016-10-07T13:10:41","guid":{"rendered":"http:\/\/fn.se\/haparanda\/?page_id=131"},"modified":"2016-10-07T13:10:41","modified_gmt":"2016-10-07T13:10:41","slug":"24-november-pakistan-och-fn-dag","status":"publish","type":"page","link":"https:\/\/fn.se\/haparanda\/24-november-pakistan-och-fn-dag\/","title":{"rendered":"24 november Pakistan och FN-dag"},"content":{"rendered":"<h1>Pakistan och FN-dag<\/h1>\n<p class=\"intro\">Den 24 november kombinerade Spr\u00e5kskolan en insamling f\u00f6r barnen i Pakistan med firandet av FN-dagen. Haparanda kyrka var fylld till sista plats av Spr\u00e5kskolans 330 elever och l\u00e4rare, d\u00e4r \u00e4ven Haparanda FN-f\u00f6rening medverkade.<\/p>\n<p>B\u00e5de elever och l\u00e4rare hade gjort ett enormt arbete med insamlingar till katastrofoffren i Pakistan.<img loading=\"lazy\" decoding=\"async\" class=\"alignright size-full wp-image-132\" src=\"https:\/\/fn.se\/haparanda\/wp-content\/uploads\/sites\/17\/2016\/10\/Pakistan-och-FN-dag-Sprakskolan.jpg\" alt=\"pakistan-och-fn-dag-sprakskolan\" width=\"235\" height=\"176\" \/><\/p>\n<p>P\u00e5 programmet stod flera mycket st\u00e4mningsfyllda s\u00e5ng- och musikstycken framf\u00f6rda av elever och l\u00e4rare. Rektor Hj\u00f6rdis Langerb\u00e4ck h\u00f6ll ett kort tal om vikten av att st\u00e4lla upp f\u00f6r andra i sv\u00e5ra situationer.<\/p>\n<p>L\u00e4rare Pirkko Ailovuo syftade till FN:s deklaration om m\u00e4nskliga r\u00e4ttigheter d\u00e5 hon talade om alla m\u00e4nniskors lika v\u00e4rde. Haparanda FN-f\u00f6renings ordf\u00f6rande Harald Dahlgren talade om FN:s stora hj\u00e4lpinsatser vid katastrofen i Pakistan. Han presenterade \u00e4ven lokalf\u00f6reningens nya ungdomsansvarige, Tina Mykk\u00e4nen, som g\u00e4rna kommer ut i skolorna och informerar om FN.<\/p>\n<p>P\u00e5 bilden ser ni ljust\u00e4ndning f\u00f6r FN och Pakistan, utf\u00f6rd av l\u00e4rare Pirkko Ailovuo och rektor Hj\u00f6rdis Langerb\u00e4ck.<\/p>\n","protected":false},"excerpt":{"rendered":"<p>Pakistan och FN-dag Den 24 november kombinerade Spr\u00e5kskolan en insamling f\u00f6r barnen i Pakistan med firandet av FN-dagen. Haparanda kyrka&hellip;<\/p>\n","protected":false},"author":17,"featured_media":0,"parent":0,"menu_order":0,"comment_status":"closed","ping_status":"closed","template":"templates\/template-sub.php","meta":{"_acf_changed":false,"footnotes":"","_links_to":"","_links_to_target":""},"class_list":["post-131","page","type-page","status-publish","hentry"],"acf":[],"_links":{"self":[{"href":"https:\/\/fn.se\/haparanda\/wp-json\/wp\/v2\/pages\/131","targetHints":{"allow":["GET"]}}],"collection":[{"href":"https:\/\/fn.se\/haparanda\/wp-json\/wp\/v2\/pages"}],"about":[{"href":"https:\/\/fn.se\/haparanda\/wp-json\/wp\/v2\/types\/page"}],"author":[{"embeddable":true,"href":"https:\/\/fn.se\/haparanda\/wp-json\/wp\/v2\/users\/17"}],"replies":[{"embeddable":true,"href":"https:\/\/fn.se\/haparanda\/wp-json\/wp\/v2\/comments?post=131"}],"version-history":[{"count":1,"href":"https:\/\/fn.se\/haparanda\/wp-json\/wp\/v2\/pages\/131\/revisions"}],"predecessor-version":[{"id":133,"href":"https:\/\/fn.se\/haparanda\/wp-json\/wp\/v2\/pages\/131\/revisions\/133"}],"wp:attachment":[{"href":"https:\/\/fn.se\/haparanda\/wp-json\/wp\/v2\/media?parent=131"}],"curies":[{"name":"wp","href":"https:\/\/api.w.org\/{rel}","templated":true}]}}