{"id":120,"date":"2016-10-07T13:03:28","date_gmt":"2016-10-07T13:03:28","guid":{"rendered":"http:\/\/fn.se\/haparanda\/?page_id=120"},"modified":"2016-10-07T13:03:28","modified_gmt":"2016-10-07T13:03:28","slug":"fn-dagen-2010","status":"publish","type":"page","link":"https:\/\/fn.se\/haparanda\/fn-dagen-2010\/","title":{"rendered":"FN-dagen 2010"},"content":{"rendered":"<h2>FN dagen firades traditionsenligt i Haparanda kyrka.<\/h2>\n<p class=\"intro\">Inf\u00f6r en n\u00e4stan fullsatt kyrka t\u00e5gade en internationell fanborg f\u00f6reg\u00e5ngen av orkestern Gr\u00e4nsl\u00f6sa Spelm\u00e4n in in i kyrkan.<\/p>\n<p>D\u00e4refter f\u00f6ljde en ljusceremoni f\u00f6r V\u00e4rldens Barn samt diktl\u00e4sning av v\u00e5r ceremonim\u00e4stare Rolf Pelli med fru Agneta.<\/p>\n<p>Harald Dahlgren h\u00f6ll ett kort v\u00e4lkomsttal och erinrade om FN:s historia. B\u00e5de framg\u00e5ngar och sv\u00e5righeter genom de hitills g\u00e5ngna 65 \u00e5ren.<\/p>\n<p>FN blir aldrig b\u00e4ttre \u00e4n vad de 193 medlemsstaterna g\u00f6r FN till. Det beror ytterst p\u00e5 dig och mig vad vi vill att att FN skall utr\u00e4tta.<\/p>\n<p>Tre olika k\u00f6rer, Kyrkok\u00f6ren, K\u00f6ren Gr\u00e4nsklang och Sjunga L\u00e4ttk\u00f6ren, medverkade under FN-dagen med mycket vackra och st\u00e4mningsfulla s\u00e5nger.<\/p>\n<p>H\u00f6gtidstalet h\u00f6lls av R\u00e4dda Barnens ordf\u00f6rande Ulla Hardelin. Hon erinrade bl.a. om m\u00e5nga barns sv\u00e5ra situation i v\u00e4rlden samt om verksamheten f\u00f6r att f\u00f6rb\u00e4ttra f\u00f6r barnen.<\/p>\n<p>R\u00f6da Korsets ordf\u00f6rande Lars Suo ber\u00e4ttade om j\u00e4ttenaturkatastrofen i Pakistan, samt om den viktiga efterf\u00f6ljande kollekten. Gr\u00e4nsbygdens Spelm\u00e4n musiserade mycket vackert vid h\u00e5vg\u00e5ngen.<\/p>\n<p>\u00c5rets Invandrarstipendium tilldelades v\u00e4lf\u00f6rtj\u00e4nta Marju Matsin fr\u00e5n Estland. Harald Dahlgren harangerade hennes stora meriter f\u00f6r stipendiet.<\/p>\n<p>Kort b\u00f6n av Kyrkoherde Kimmo Sulila varp\u00e5 hela menigheten , alla k\u00f6rer och orkestern unisont framf\u00f6rde &#8221; I Natt jag dr\u00f6mde&#8221;<\/p>\n<p>Fanborgen t\u00e5gade under ledning av ceremonim\u00e4staren Rolf Peli och f\u00f6reg\u00e5gna av Gr\u00e4nsl\u00f6sa Spelm\u00e4n ut ur kyrkan.<\/p>\n<div id=\"attachment_121\" style=\"width: 480px\" class=\"wp-caption alignnone\"><img loading=\"lazy\" decoding=\"async\" aria-describedby=\"caption-attachment-121\" class=\"size-full wp-image-121\" src=\"https:\/\/fn.se\/haparanda\/wp-content\/uploads\/sites\/17\/2016\/10\/Haparanda-FNdagen-2010-1.jpg\" alt=\"Fanvakten Rolf Pelli\" width=\"470\" height=\"353\" srcset=\"https:\/\/fn.se\/haparanda\/wp-content\/uploads\/sites\/17\/2016\/10\/Haparanda-FNdagen-2010-1.jpg 470w, https:\/\/fn.se\/haparanda\/wp-content\/uploads\/sites\/17\/2016\/10\/Haparanda-FNdagen-2010-1-300x225.jpg 300w, https:\/\/fn.se\/haparanda\/wp-content\/uploads\/sites\/17\/2016\/10\/Haparanda-FNdagen-2010-1-426x320.jpg 426w\" sizes=\"auto, (max-width: 470px) 100vw, 470px\" \/><p id=\"caption-attachment-121\" class=\"wp-caption-text\">Fanvakten Rolf Pelli<\/p><\/div>\n<div id=\"attachment_122\" style=\"width: 480px\" class=\"wp-caption alignnone\"><img loading=\"lazy\" decoding=\"async\" aria-describedby=\"caption-attachment-122\" class=\"size-full wp-image-122\" src=\"https:\/\/fn.se\/haparanda\/wp-content\/uploads\/sites\/17\/2016\/10\/Haparanda-FNdagen-2010-2.jpg\" alt=\"Lars Suo &quot;p\u00e5 tiggarstr\u00e5t&quot;\" width=\"470\" height=\"353\" srcset=\"https:\/\/fn.se\/haparanda\/wp-content\/uploads\/sites\/17\/2016\/10\/Haparanda-FNdagen-2010-2.jpg 470w, https:\/\/fn.se\/haparanda\/wp-content\/uploads\/sites\/17\/2016\/10\/Haparanda-FNdagen-2010-2-300x225.jpg 300w, https:\/\/fn.se\/haparanda\/wp-content\/uploads\/sites\/17\/2016\/10\/Haparanda-FNdagen-2010-2-426x320.jpg 426w\" sizes=\"auto, (max-width: 470px) 100vw, 470px\" \/><p id=\"caption-attachment-122\" class=\"wp-caption-text\">Lars Suo &#8221;p\u00e5 tiggarstr\u00e5t&#8221;<\/p><\/div>\n<div id=\"attachment_123\" style=\"width: 480px\" class=\"wp-caption alignnone\"><img loading=\"lazy\" decoding=\"async\" aria-describedby=\"caption-attachment-123\" class=\"size-full wp-image-123\" src=\"https:\/\/fn.se\/haparanda\/wp-content\/uploads\/sites\/17\/2016\/10\/Haparanda-FNdagen-2010-3.jpg\" alt=\"Agneta Pelli\" width=\"470\" height=\"627\" srcset=\"https:\/\/fn.se\/haparanda\/wp-content\/uploads\/sites\/17\/2016\/10\/Haparanda-FNdagen-2010-3.jpg 470w, https:\/\/fn.se\/haparanda\/wp-content\/uploads\/sites\/17\/2016\/10\/Haparanda-FNdagen-2010-3-225x300.jpg 225w, https:\/\/fn.se\/haparanda\/wp-content\/uploads\/sites\/17\/2016\/10\/Haparanda-FNdagen-2010-3-240x320.jpg 240w\" sizes=\"auto, (max-width: 470px) 100vw, 470px\" \/><p id=\"caption-attachment-123\" class=\"wp-caption-text\">Agneta Pelli<\/p><\/div>\n<div id=\"attachment_124\" style=\"width: 480px\" class=\"wp-caption alignnone\"><img loading=\"lazy\" decoding=\"async\" aria-describedby=\"caption-attachment-124\" class=\"size-full wp-image-124\" src=\"https:\/\/fn.se\/haparanda\/wp-content\/uploads\/sites\/17\/2016\/10\/Haparanda-FNdagen-2010-4.jpg\" alt=\"Ljusceremonialtaret\" width=\"470\" height=\"627\" srcset=\"https:\/\/fn.se\/haparanda\/wp-content\/uploads\/sites\/17\/2016\/10\/Haparanda-FNdagen-2010-4.jpg 470w, https:\/\/fn.se\/haparanda\/wp-content\/uploads\/sites\/17\/2016\/10\/Haparanda-FNdagen-2010-4-225x300.jpg 225w, https:\/\/fn.se\/haparanda\/wp-content\/uploads\/sites\/17\/2016\/10\/Haparanda-FNdagen-2010-4-240x320.jpg 240w\" sizes=\"auto, (max-width: 470px) 100vw, 470px\" \/><p id=\"caption-attachment-124\" class=\"wp-caption-text\">Ljusceremonialtaret<\/p><\/div>\n<p><img loading=\"lazy\" decoding=\"async\" class=\"size-full wp-image-125 alignnone\" src=\"https:\/\/fn.se\/haparanda\/wp-content\/uploads\/sites\/17\/2016\/10\/Haparanda-FNdagen-2010-5.jpg\" alt=\"haparanda-fndagen-2010-5\" width=\"470\" height=\"627\" srcset=\"https:\/\/fn.se\/haparanda\/wp-content\/uploads\/sites\/17\/2016\/10\/Haparanda-FNdagen-2010-5.jpg 470w, https:\/\/fn.se\/haparanda\/wp-content\/uploads\/sites\/17\/2016\/10\/Haparanda-FNdagen-2010-5-225x300.jpg 225w, https:\/\/fn.se\/haparanda\/wp-content\/uploads\/sites\/17\/2016\/10\/Haparanda-FNdagen-2010-5-240x320.jpg 240w\" sizes=\"auto, (max-width: 470px) 100vw, 470px\" \/><\/p>\n<div id=\"attachment_126\" style=\"width: 480px\" class=\"wp-caption alignnone\"><img loading=\"lazy\" decoding=\"async\" aria-describedby=\"caption-attachment-126\" class=\"size-full wp-image-126\" src=\"https:\/\/fn.se\/haparanda\/wp-content\/uploads\/sites\/17\/2016\/10\/Haparanda-FNdagen-2010-047.jpg\" alt=\"Gr\u00e4nsl\u00f6sa Spelm\u00e4n t\u00e5gar in\" width=\"470\" height=\"353\" srcset=\"https:\/\/fn.se\/haparanda\/wp-content\/uploads\/sites\/17\/2016\/10\/Haparanda-FNdagen-2010-047.jpg 470w, https:\/\/fn.se\/haparanda\/wp-content\/uploads\/sites\/17\/2016\/10\/Haparanda-FNdagen-2010-047-300x225.jpg 300w, https:\/\/fn.se\/haparanda\/wp-content\/uploads\/sites\/17\/2016\/10\/Haparanda-FNdagen-2010-047-426x320.jpg 426w\" sizes=\"auto, (max-width: 470px) 100vw, 470px\" \/><p id=\"caption-attachment-126\" class=\"wp-caption-text\">Gr\u00e4nsl\u00f6sa Spelm\u00e4n t\u00e5gar in<\/p><\/div>\n","protected":false},"excerpt":{"rendered":"<p>FN dagen firades traditionsenligt i Haparanda kyrka. Inf\u00f6r en n\u00e4stan fullsatt kyrka t\u00e5gade en internationell fanborg f\u00f6reg\u00e5ngen av orkestern Gr\u00e4nsl\u00f6sa&hellip;<\/p>\n","protected":false},"author":17,"featured_media":0,"parent":0,"menu_order":0,"comment_status":"closed","ping_status":"closed","template":"templates\/template-sub.php","meta":{"_acf_changed":false,"footnotes":"","_links_to":"","_links_to_target":""},"class_list":["post-120","page","type-page","status-publish","hentry"],"acf":[],"_links":{"self":[{"href":"https:\/\/fn.se\/haparanda\/wp-json\/wp\/v2\/pages\/120","targetHints":{"allow":["GET"]}}],"collection":[{"href":"https:\/\/fn.se\/haparanda\/wp-json\/wp\/v2\/pages"}],"about":[{"href":"https:\/\/fn.se\/haparanda\/wp-json\/wp\/v2\/types\/page"}],"author":[{"embeddable":true,"href":"https:\/\/fn.se\/haparanda\/wp-json\/wp\/v2\/users\/17"}],"replies":[{"embeddable":true,"href":"https:\/\/fn.se\/haparanda\/wp-json\/wp\/v2\/comments?post=120"}],"version-history":[{"count":1,"href":"https:\/\/fn.se\/haparanda\/wp-json\/wp\/v2\/pages\/120\/revisions"}],"predecessor-version":[{"id":127,"href":"https:\/\/fn.se\/haparanda\/wp-json\/wp\/v2\/pages\/120\/revisions\/127"}],"wp:attachment":[{"href":"https:\/\/fn.se\/haparanda\/wp-json\/wp\/v2\/media?parent=120"}],"curies":[{"name":"wp","href":"https:\/\/api.w.org\/{rel}","templated":true}]}}