{"id":113,"date":"2016-10-07T12:26:14","date_gmt":"2016-10-07T12:26:14","guid":{"rendered":"http:\/\/fn.se\/haparanda\/?page_id=113"},"modified":"2016-10-07T12:26:14","modified_gmt":"2016-10-07T12:26:14","slug":"3-oktober-alla-varldens-folk","status":"publish","type":"page","link":"https:\/\/fn.se\/haparanda\/3-oktober-alla-varldens-folk\/","title":{"rendered":"3 oktober: Alla V\u00e4rldens Folk"},"content":{"rendered":"<h1>Alla V\u00e4rldens Folk<\/h1>\n<p class=\"intro\">Haparanda FN-F\u00f6rening i samarbete med bl.a. R\u00f6da Korset, Kyrkan, R\u00e4dda Barnen,Vuxenskolan m.fl. anordnade s\u00f6ndagen den 3 oktober integrationsdag, som vi kallade ALLA V\u00c4RLDENS FOLK, f\u00f6r alla invandrare som bor i Haparanda.<\/p>\n<p>Ca 160 personer kom till Folkets Hus, d\u00e4r det bj\u00f6s p\u00e5 underh\u00e5llning, s\u00e5som k\u00f6rs\u00e5ng, dansuppvisning, musikupptr\u00e4dande av elever fr\u00e5n SWEFI. Ett utm\u00e4rkt f\u00f6redrag om M\u00e4nskliga R\u00e4ttigheter av Marco Helles fr\u00e5n R\u00f6da Korset ,Stockholm.<br \/>\nDagen avslutades med att de olika nationaliteterna bj\u00f6d p\u00e5 smakprov p\u00e5 mat fr\u00e5n resp. heml\u00e4nder. Buffen kom fr\u00e5n bl.a. Irak,Iran, Afganistan, Eritrea, Somalia, Sudan och Ryssland och var mycket v\u00e4lsmakande.<\/p>\n<p><em>Harald Dahlgren<\/em><\/p>\n<div id=\"attachment_115\" style=\"width: 480px\" class=\"wp-caption alignnone\"><img loading=\"lazy\" decoding=\"async\" aria-describedby=\"caption-attachment-115\" class=\"size-full wp-image-115\" src=\"https:\/\/fn.se\/haparanda\/wp-content\/uploads\/sites\/17\/2016\/10\/Integrationsdagen-den-3-oktober-2010-005.jpg\" alt=\"Mixad barngrupp som dansar\" width=\"470\" height=\"353\" srcset=\"https:\/\/fn.se\/haparanda\/wp-content\/uploads\/sites\/17\/2016\/10\/Integrationsdagen-den-3-oktober-2010-005.jpg 470w, https:\/\/fn.se\/haparanda\/wp-content\/uploads\/sites\/17\/2016\/10\/Integrationsdagen-den-3-oktober-2010-005-300x225.jpg 300w, https:\/\/fn.se\/haparanda\/wp-content\/uploads\/sites\/17\/2016\/10\/Integrationsdagen-den-3-oktober-2010-005-426x320.jpg 426w\" sizes=\"auto, (max-width: 470px) 100vw, 470px\" \/><p id=\"caption-attachment-115\" class=\"wp-caption-text\">Mixad barngrupp som dansar<\/p><\/div>\n<div id=\"attachment_116\" style=\"width: 480px\" class=\"wp-caption alignnone\"><img loading=\"lazy\" decoding=\"async\" aria-describedby=\"caption-attachment-116\" class=\"size-full wp-image-116\" src=\"https:\/\/fn.se\/haparanda\/wp-content\/uploads\/sites\/17\/2016\/10\/Integrationsdagen-den-3-oktober-2010-006.jpg\" alt=\"Rysk s\u00e5ngk\u00f6r\" width=\"470\" height=\"353\" srcset=\"https:\/\/fn.se\/haparanda\/wp-content\/uploads\/sites\/17\/2016\/10\/Integrationsdagen-den-3-oktober-2010-006.jpg 470w, https:\/\/fn.se\/haparanda\/wp-content\/uploads\/sites\/17\/2016\/10\/Integrationsdagen-den-3-oktober-2010-006-300x225.jpg 300w, https:\/\/fn.se\/haparanda\/wp-content\/uploads\/sites\/17\/2016\/10\/Integrationsdagen-den-3-oktober-2010-006-426x320.jpg 426w\" sizes=\"auto, (max-width: 470px) 100vw, 470px\" \/><p id=\"caption-attachment-116\" class=\"wp-caption-text\">Rysk s\u00e5ngk\u00f6r<\/p><\/div>\n<div id=\"attachment_114\" style=\"width: 480px\" class=\"wp-caption alignnone\"><img loading=\"lazy\" decoding=\"async\" aria-describedby=\"caption-attachment-114\" class=\"size-full wp-image-114\" src=\"https:\/\/fn.se\/haparanda\/wp-content\/uploads\/sites\/17\/2016\/10\/Integrationsdagen-den-3-oktober-2010-002_1.jpg\" alt=\"Kjell Morin, v\u00e5r utm\u00e4rkte konferencier \" width=\"470\" height=\"353\" srcset=\"https:\/\/fn.se\/haparanda\/wp-content\/uploads\/sites\/17\/2016\/10\/Integrationsdagen-den-3-oktober-2010-002_1.jpg 470w, https:\/\/fn.se\/haparanda\/wp-content\/uploads\/sites\/17\/2016\/10\/Integrationsdagen-den-3-oktober-2010-002_1-300x225.jpg 300w, https:\/\/fn.se\/haparanda\/wp-content\/uploads\/sites\/17\/2016\/10\/Integrationsdagen-den-3-oktober-2010-002_1-426x320.jpg 426w\" sizes=\"auto, (max-width: 470px) 100vw, 470px\" \/><p id=\"caption-attachment-114\" class=\"wp-caption-text\">Kjell Morin, v\u00e5r utm\u00e4rkte konferencier<\/p><\/div>\n","protected":false},"excerpt":{"rendered":"<p>Alla V\u00e4rldens Folk Haparanda FN-F\u00f6rening i samarbete med bl.a. R\u00f6da Korset, Kyrkan, R\u00e4dda Barnen,Vuxenskolan m.fl. anordnade s\u00f6ndagen den 3 oktober&hellip;<\/p>\n","protected":false},"author":17,"featured_media":0,"parent":0,"menu_order":0,"comment_status":"closed","ping_status":"closed","template":"templates\/template-sub.php","meta":{"_acf_changed":false,"footnotes":"","_links_to":"","_links_to_target":""},"class_list":["post-113","page","type-page","status-publish","hentry"],"acf":[],"_links":{"self":[{"href":"https:\/\/fn.se\/haparanda\/wp-json\/wp\/v2\/pages\/113","targetHints":{"allow":["GET"]}}],"collection":[{"href":"https:\/\/fn.se\/haparanda\/wp-json\/wp\/v2\/pages"}],"about":[{"href":"https:\/\/fn.se\/haparanda\/wp-json\/wp\/v2\/types\/page"}],"author":[{"embeddable":true,"href":"https:\/\/fn.se\/haparanda\/wp-json\/wp\/v2\/users\/17"}],"replies":[{"embeddable":true,"href":"https:\/\/fn.se\/haparanda\/wp-json\/wp\/v2\/comments?post=113"}],"version-history":[{"count":2,"href":"https:\/\/fn.se\/haparanda\/wp-json\/wp\/v2\/pages\/113\/revisions"}],"predecessor-version":[{"id":118,"href":"https:\/\/fn.se\/haparanda\/wp-json\/wp\/v2\/pages\/113\/revisions\/118"}],"wp:attachment":[{"href":"https:\/\/fn.se\/haparanda\/wp-json\/wp\/v2\/media?parent=113"}],"curies":[{"name":"wp","href":"https:\/\/api.w.org\/{rel}","templated":true}]}}