{"id":110,"date":"2016-10-07T12:21:18","date_gmt":"2016-10-07T12:21:18","guid":{"rendered":"http:\/\/fn.se\/haparanda\/?page_id=110"},"modified":"2016-10-07T12:21:18","modified_gmt":"2016-10-07T12:21:18","slug":"14-september-haparanda-fn-forenings-invandrarstipendiat-ar-2010","status":"publish","type":"page","link":"https:\/\/fn.se\/haparanda\/14-september-haparanda-fn-forenings-invandrarstipendiat-ar-2010\/","title":{"rendered":"14 september Haparanda FN-F\u00f6renings Invandrarstipendiat \u00e5r 2010"},"content":{"rendered":"<h2>Haparanda FN-F\u00f6renings Invandrarstipendiat \u00e5r 2010<\/h2>\n<p class=\"intro\">Marju Matsin har utsetts till \u00e5rets invandrarstipendiat. Marju kommer fr\u00e5n Tartu i Estland. (Universitetet i Tartu grundades p\u00e5 1600-talet av den svenske kungen Gustav den II Adolf. Estland tillh\u00f6rde Sverige i 125 \u00e5r)<\/p>\n<p>Efter gymnasium studerade Marju under 5 \u00e5r till agronom vid universitetet i Tartu. Efter Estlands frig\u00f6relse fr\u00e5n Sovjetunionen kom Marju \u00e5r 1993 till Haparanda, d\u00e4r hon under ett \u00e5r studerade bl.a. <img loading=\"lazy\" decoding=\"async\" class=\"alignright size-full wp-image-111\" src=\"https:\/\/fn.se\/haparanda\/wp-content\/uploads\/sites\/17\/2016\/10\/Marju-Matsin-003.jpg\" alt=\"marju-matsin-003\" width=\"235\" height=\"176\" \/>konst och svenska vid Sverigefinska Folkh\u00f6gskolan.<\/p>\n<p>Marju studerade senare, under tre \u00e5r, vid Yrkesh\u00f6gskolan i Torne\u00e5, Finland, linjen s\u00f6mnad och design.<\/p>\n<p>Marju hann ocks\u00e5 att med att skaffa sig man och tv\u00e5 barn, som nu \u00e4r 13 och 15 \u00e5r gamla.<\/p>\n<p>Genom sin gedigna jordbruksutbildning har Marju varit en omtyckt och uppskattad medhj\u00e4lpare p\u00e5 st\u00f6rre jordbruk b\u00e5de i svenska och finska Tornedalen.<\/p>\n<p>Intresset f\u00f6r konst, design och s\u00f6mnad har dock alltid funnits med i bilden vid Marjus agerande. D\u00e4rf\u00f6r startade hon f\u00f6r n\u00e5gra \u00e5r sedan<br \/>\nFirman Marjus Design, d\u00e4r hon designar och skapar kl\u00e4der p\u00e5 ett fantastiskt skickligt, fantasirikt och modemedvetet s\u00e4tt. Collektionen som i dag<br \/>\nh\u00e4nger i Marjus butik, skulle s\u00e4kert platsa \u00e4ven hos Dior och i Paris andra fina modehus.<\/p>\n<p>Marju \u00e4r ocks\u00e5 ordinarie ledamot i f\u00f6reningen Leader Tornedalen, vars ambitioner \u00e4r att utveckla n\u00e4ringslivet i Tornedalen.<\/p>\n<p>Marju \u00e4r mycket m\u00e5ngfacetterad och kreativ. Hon kan ha m\u00e5nga bollar i luften samtidigt. Hon tycker inte om att leva p\u00e5 bidrag fr\u00e5n samh\u00e4llet utan vill helt och h\u00e5llet st\u00e5 p\u00e5 egna ben.<\/p>\n<p>Marju vet idag inte om intresset f\u00f6r jordbruk eller designfirman -konsten, kommer att bli hennes huvudsp\u00e5r i livet.<\/p>\n<p>Vi \u00e4r dock glada \u00f6ver att hon kom till Sverige-Haparanda. Hon har tillf\u00f6rt v\u00e5rt samh\u00e4lle m\u00e5nga nya v\u00e4rdefulla ideer genom sin stora energi, flexibilitet och skaparkraft.<br \/>\nHaparanda och Sverige beh\u00f6ver m\u00e5nga invandrare av hennes kaliber.<\/p>\n<p>Marju \u00e4r en mycket v\u00e4rdig mottagare av FN-F\u00f6reningens invandrarstipendium \u00e5r 2010.<\/p>\n<p>Stipendiet kommer att \u00f6verl\u00e4mnas vid en enkel ceremoni, p\u00e5 FN-dagen den 24 oktober kl. 1800 i Haparanda Kyrka.<\/p>\n<p>Harald Dahlgren<br \/>\nOrdf. Haparanda FN-F\u00f6rening<\/p>\n","protected":false},"excerpt":{"rendered":"<p>Haparanda FN-F\u00f6renings Invandrarstipendiat \u00e5r 2010 Marju Matsin har utsetts till \u00e5rets invandrarstipendiat. Marju kommer fr\u00e5n Tartu i Estland. (Universitetet i&hellip;<\/p>\n","protected":false},"author":17,"featured_media":0,"parent":0,"menu_order":0,"comment_status":"closed","ping_status":"closed","template":"templates\/template-sub.php","meta":{"_acf_changed":false,"footnotes":"","_links_to":"","_links_to_target":""},"class_list":["post-110","page","type-page","status-publish","hentry"],"acf":[],"_links":{"self":[{"href":"https:\/\/fn.se\/haparanda\/wp-json\/wp\/v2\/pages\/110","targetHints":{"allow":["GET"]}}],"collection":[{"href":"https:\/\/fn.se\/haparanda\/wp-json\/wp\/v2\/pages"}],"about":[{"href":"https:\/\/fn.se\/haparanda\/wp-json\/wp\/v2\/types\/page"}],"author":[{"embeddable":true,"href":"https:\/\/fn.se\/haparanda\/wp-json\/wp\/v2\/users\/17"}],"replies":[{"embeddable":true,"href":"https:\/\/fn.se\/haparanda\/wp-json\/wp\/v2\/comments?post=110"}],"version-history":[{"count":1,"href":"https:\/\/fn.se\/haparanda\/wp-json\/wp\/v2\/pages\/110\/revisions"}],"predecessor-version":[{"id":112,"href":"https:\/\/fn.se\/haparanda\/wp-json\/wp\/v2\/pages\/110\/revisions\/112"}],"wp:attachment":[{"href":"https:\/\/fn.se\/haparanda\/wp-json\/wp\/v2\/media?parent=110"}],"curies":[{"name":"wp","href":"https:\/\/api.w.org\/{rel}","templated":true}]}}