{"id":105,"date":"2016-10-07T12:16:08","date_gmt":"2016-10-07T12:16:08","guid":{"rendered":"http:\/\/fn.se\/haparanda\/?page_id=105"},"modified":"2016-10-07T12:16:08","modified_gmt":"2016-10-07T12:16:08","slug":"29-april-fn-koren","status":"publish","type":"page","link":"https:\/\/fn.se\/haparanda\/29-april-fn-koren\/","title":{"rendered":"29 april FN-k\u00f6ren"},"content":{"rendered":"<h1>FN-K\u00f6ren<\/h1>\n<p class=\"intro\">Haparanda FN-F\u00f6rening har tagit initiativet till att bland v\u00e5ra 53 flyktingar fr\u00e5n sex nationer bilda en flyktingk\u00f6r som efter m\u00e5nga namnf\u00f6rslag fick namnet FN-k\u00f6ren.<\/p>\n<p>K\u00f6ren tr\u00e4nar tv\u00e5 g\u00e5nger i veckan under ledning av en skicklig s\u00e5ngpedagog fr\u00e5n Finland. Uppgiften \u00e4r inte helt l\u00e4tt f\u00f6r pedagogen d\u00e5 sex spr\u00e5k och kulturer skall synkroniseras och harmoniseras. Alla \u00e4r inte vana vid att bl.a. komma till \u00f6vningar p\u00e5 best\u00e4mda tider och inordna sig under en l\u00e4rare.<\/p>\n<p>Vi i FN-F\u00f6reningen anser dock att det \u00e4r mycket viktigt att integrationen i det svenska samh\u00e4llet sker p\u00e5 alla fronter och niv\u00e5er och att \u00f6vningarna \u00e4r roliga.<\/p>\n<p>Som delm\u00e5l har vi satt upp att FN-K\u00f6ren skall sjunga Du Gamla Du Fria p\u00e5 Nationaldagen den 6:e juni i Haparanda Kyrka.<\/p>\n<p>Senare kommer tr\u00e4ning p\u00e5 andra svenska s\u00e5nger men givetvis \u00e4ven p\u00e5 s\u00e5nger fr\u00e5n resp. hemland.<\/p>\n<p>H\u00e4lsningar fr\u00e5n Haparanda FN-F\u00f6rening<\/p>\n","protected":false},"excerpt":{"rendered":"<p>FN-K\u00f6ren Haparanda FN-F\u00f6rening har tagit initiativet till att bland v\u00e5ra 53 flyktingar fr\u00e5n sex nationer bilda en flyktingk\u00f6r som efter&hellip;<\/p>\n","protected":false},"author":17,"featured_media":0,"parent":0,"menu_order":0,"comment_status":"closed","ping_status":"closed","template":"templates\/template-sub.php","meta":{"_acf_changed":false,"footnotes":"","_links_to":"","_links_to_target":""},"class_list":["post-105","page","type-page","status-publish","hentry"],"acf":[],"_links":{"self":[{"href":"https:\/\/fn.se\/haparanda\/wp-json\/wp\/v2\/pages\/105","targetHints":{"allow":["GET"]}}],"collection":[{"href":"https:\/\/fn.se\/haparanda\/wp-json\/wp\/v2\/pages"}],"about":[{"href":"https:\/\/fn.se\/haparanda\/wp-json\/wp\/v2\/types\/page"}],"author":[{"embeddable":true,"href":"https:\/\/fn.se\/haparanda\/wp-json\/wp\/v2\/users\/17"}],"replies":[{"embeddable":true,"href":"https:\/\/fn.se\/haparanda\/wp-json\/wp\/v2\/comments?post=105"}],"version-history":[{"count":1,"href":"https:\/\/fn.se\/haparanda\/wp-json\/wp\/v2\/pages\/105\/revisions"}],"predecessor-version":[{"id":106,"href":"https:\/\/fn.se\/haparanda\/wp-json\/wp\/v2\/pages\/105\/revisions\/106"}],"wp:attachment":[{"href":"https:\/\/fn.se\/haparanda\/wp-json\/wp\/v2\/media?parent=105"}],"curies":[{"name":"wp","href":"https:\/\/api.w.org\/{rel}","templated":true}]}}