{"id":101,"date":"2016-10-07T12:08:46","date_gmt":"2016-10-07T12:08:46","guid":{"rendered":"http:\/\/fn.se\/haparanda\/?page_id=101"},"modified":"2016-10-07T12:08:46","modified_gmt":"2016-10-07T12:08:46","slug":"21-april-2010-nominering-till-nansen-refugee-award-prize-unhcr-geneva","status":"publish","type":"page","link":"https:\/\/fn.se\/haparanda\/21-april-2010-nominering-till-nansen-refugee-award-prize-unhcr-geneva\/","title":{"rendered":"21 april 2010 Nominering till Nansen Refugee Award Prize, UNHCR, Geneva"},"content":{"rendered":"<h1>Nominering till Nansen Refugee Award Prize, UNHCR, Geneva<\/h1>\n<p class=\"intro\">Haparanda FN-F\u00f6rening nominerar h\u00e4rmed enhetschefen f\u00f6r flyktingmottagningen Socionomen Lena Lahti till pristagare.<\/p>\n<div id=\"attachment_102\" style=\"width: 480px\" class=\"wp-caption alignnone\"><img loading=\"lazy\" decoding=\"async\" aria-describedby=\"caption-attachment-102\" class=\"size-full wp-image-102\" src=\"https:\/\/fn.se\/haparanda\/wp-content\/uploads\/sites\/17\/2016\/10\/Flyktingar-2010-007.jpg\" alt=\"Lena Lahti, l\u00e4ngst fram med blommor.\" width=\"470\" height=\"353\" srcset=\"https:\/\/fn.se\/haparanda\/wp-content\/uploads\/sites\/17\/2016\/10\/Flyktingar-2010-007.jpg 470w, https:\/\/fn.se\/haparanda\/wp-content\/uploads\/sites\/17\/2016\/10\/Flyktingar-2010-007-300x225.jpg 300w, https:\/\/fn.se\/haparanda\/wp-content\/uploads\/sites\/17\/2016\/10\/Flyktingar-2010-007-426x320.jpg 426w\" sizes=\"auto, (max-width: 470px) 100vw, 470px\" \/><p id=\"caption-attachment-102\" class=\"wp-caption-text\">Lena Lahti, l\u00e4ngst fram med blommor.<\/p><\/div>\n<p><strong>Motivering:<\/strong><\/p>\n<p>Lena Lahti har p\u00e5 ett alldeles utomordentligt, enast\u00e5ende s\u00e4tt<br \/>\norganiserat och planerat allt f\u00f6r flyktingarnas v\u00e4lbefinnande och integration i Haparanda. Lahti har l\u00e5ngt ut\u00f6ver det vanliga, \u00e4ven p\u00e5 sin fritid, kv\u00e4llar, n\u00e4tter och helger st\u00e4llt upp f\u00f6r att l\u00f6sa problem f\u00f6r flyktingarna. Snabb integration i det svenska samh\u00e4llet har varit hennes ledstj\u00e4rna. Lahti har engagerat m\u00e5nga andra institutioner och f\u00f6reningar i integrationsarbetet t.ex. Kyrkan, R\u00f6da Korset, Idrottsf\u00f6reningar, Skolor, V\u00e4rdfamiljer,Teaterf\u00f6reningen, FN-F\u00f6reningen, och Vuxenskolan.<br \/>\nFlyktingarnas integrerande och trivsel har blivit en angel\u00e4genhet f\u00f6r hela samh\u00e4llet. N\u00e5gra negativa attityder mot flyktingarna, fr\u00e5n vanliga samh\u00e4llmedborgare har inte alls f\u00f6rm\u00e4rkts. Detta mycket tack vare Lahtis mjuka, diplomatiska agerande i samh\u00e4llet och bland flyktingarna.<\/p>\n<p>Haparanda FN-F\u00f6rening anser att Lena Lahti \u00e4r en mycket v\u00e4rdig mottagare av Nansen Refugee Award Prize genom att hon har utr\u00e4ttat och organiserat s\u00e5 mycket praktiskt och med emotion f\u00f6r flyktingarna i Haparanda.<\/p>\n<p>Haparanda den 21 april 2010<\/p>\n<p><em>Harald Dahlgren<\/em><br \/>\n<em>Ordf\u00f6rande i Haparanda FN-F\u00f6rening<\/em><\/p>\n","protected":false},"excerpt":{"rendered":"<p>Nominering till Nansen Refugee Award Prize, UNHCR, Geneva Haparanda FN-F\u00f6rening nominerar h\u00e4rmed enhetschefen f\u00f6r flyktingmottagningen Socionomen Lena Lahti till pristagare.&hellip;<\/p>\n","protected":false},"author":17,"featured_media":0,"parent":0,"menu_order":0,"comment_status":"closed","ping_status":"closed","template":"templates\/template-sub.php","meta":{"_acf_changed":false,"footnotes":"","_links_to":"","_links_to_target":""},"class_list":["post-101","page","type-page","status-publish","hentry"],"acf":[],"_links":{"self":[{"href":"https:\/\/fn.se\/haparanda\/wp-json\/wp\/v2\/pages\/101","targetHints":{"allow":["GET"]}}],"collection":[{"href":"https:\/\/fn.se\/haparanda\/wp-json\/wp\/v2\/pages"}],"about":[{"href":"https:\/\/fn.se\/haparanda\/wp-json\/wp\/v2\/types\/page"}],"author":[{"embeddable":true,"href":"https:\/\/fn.se\/haparanda\/wp-json\/wp\/v2\/users\/17"}],"replies":[{"embeddable":true,"href":"https:\/\/fn.se\/haparanda\/wp-json\/wp\/v2\/comments?post=101"}],"version-history":[{"count":1,"href":"https:\/\/fn.se\/haparanda\/wp-json\/wp\/v2\/pages\/101\/revisions"}],"predecessor-version":[{"id":103,"href":"https:\/\/fn.se\/haparanda\/wp-json\/wp\/v2\/pages\/101\/revisions\/103"}],"wp:attachment":[{"href":"https:\/\/fn.se\/haparanda\/wp-json\/wp\/v2\/media?parent=101"}],"curies":[{"name":"wp","href":"https:\/\/api.w.org\/{rel}","templated":true}]}}