{"id":2,"date":"2016-02-17T11:52:10","date_gmt":"2016-02-17T11:52:10","guid":{"rendered":"http:\/\/fn.se\/halmstad\/?page_id=2"},"modified":"2016-10-06T14:57:28","modified_gmt":"2016-10-06T14:57:28","slug":"sample-page","status":"publish","type":"page","link":"https:\/\/fn.se\/halmstad\/","title":{"rendered":"Hem"},"content":{"rendered":"<h2>V\u00e4lkommen till Halmstads FN-f\u00f6rening!<img loading=\"lazy\" decoding=\"async\" class=\"size-full wp-image-7 alignright\" src=\"https:\/\/fn.se\/halmstad\/wp-content\/uploads\/sites\/16\/2016\/02\/SFN_F\u00d6RENING_Halmstads.jpg\" alt=\"sfn_logopayoff_pos_right\" width=\"117\" height=\"291\" \/><\/h2>\n<p class=\"intro\">Halmstads FN-f\u00f6rening \u00e4r en del av den svenska FN-r\u00f6relsen och knuten till Svenska FN-f\u00f6rbundet. F\u00f6reningen \u00e4r partipolitiskt och religi\u00f6st obunden. All verksamhet bygger p\u00e5 lokala och n\u00e4ra krafter, vi t\u00e4nker globalt men handlar n\u00e4ra och lokalt. I v\u00e5r r\u00f6relse levandeg\u00f6rs visioner. Id\u00e9er formas om hur internationellt samarbete kan fr\u00e4mjas. Det \u00e4r berikande p\u00e5 m\u00e5nga s\u00e4tt.<\/p>\n<p>H\u00e4r f\u00e5r du m\u00f6jlighet att m\u00f6ta nya m\u00e4nniskor, l\u00e4ra dig mer om FN och internationella fr\u00e5gor, arbeta med insamlingsprojekt, p\u00e5verka och framf\u00f6r allt bidra till det viktiga arbetet f\u00f6r en b\u00e4ttre v\u00e4rld.<\/p>\n<p>Vi beh\u00f6ver FN! FN beh\u00f6ver dig!\u00a0<a class=\"new-window\" title=\"V\u00e4lkommen som medlem i v\u00e5r f\u00f6rening!\" href=\"https:\/\/betalning.fn.se\/pfs\/memberregistration\/\" target=\"_blank\">V\u00e4lkommen som medlem i v\u00e5r f\u00f6rening!<\/a><\/p>\n<p>F\u00f6lj oss p\u00e5 Facebook: <a href=\"https:\/\/www.facebook.com\/HalmstadFnForening\/?fref=ts\">&#8221;Halmstad FN-f\u00f6rening&#8221;<\/a><\/p>\n","protected":false},"excerpt":{"rendered":"<p>V\u00e4lkommen till Halmstads FN-f\u00f6rening! Halmstads FN-f\u00f6rening \u00e4r en del av den svenska FN-r\u00f6relsen och knuten till Svenska FN-f\u00f6rbundet. F\u00f6reningen \u00e4r&hellip;<\/p>\n","protected":false},"author":1,"featured_media":13,"parent":0,"menu_order":0,"comment_status":"closed","ping_status":"open","template":"templates\/template-sub.php","meta":{"_acf_changed":false,"footnotes":"","_links_to":"","_links_to_target":""},"class_list":["post-2","page","type-page","status-publish","has-post-thumbnail","hentry"],"acf":[],"_links":{"self":[{"href":"https:\/\/fn.se\/halmstad\/wp-json\/wp\/v2\/pages\/2","targetHints":{"allow":["GET"]}}],"collection":[{"href":"https:\/\/fn.se\/halmstad\/wp-json\/wp\/v2\/pages"}],"about":[{"href":"https:\/\/fn.se\/halmstad\/wp-json\/wp\/v2\/types\/page"}],"author":[{"embeddable":true,"href":"https:\/\/fn.se\/halmstad\/wp-json\/wp\/v2\/users\/1"}],"replies":[{"embeddable":true,"href":"https:\/\/fn.se\/halmstad\/wp-json\/wp\/v2\/comments?post=2"}],"version-history":[{"count":6,"href":"https:\/\/fn.se\/halmstad\/wp-json\/wp\/v2\/pages\/2\/revisions"}],"predecessor-version":[{"id":14,"href":"https:\/\/fn.se\/halmstad\/wp-json\/wp\/v2\/pages\/2\/revisions\/14"}],"wp:featuredmedia":[{"embeddable":true,"href":"https:\/\/fn.se\/halmstad\/wp-json\/wp\/v2\/media\/13"}],"wp:attachment":[{"href":"https:\/\/fn.se\/halmstad\/wp-json\/wp\/v2\/media?parent=2"}],"curies":[{"name":"wp","href":"https:\/\/api.w.org\/{rel}","templated":true}]}}