{"id":18,"date":"2016-10-06T15:15:57","date_gmt":"2016-10-06T15:15:57","guid":{"rendered":"http:\/\/fn.se\/halmstad\/?page_id=18"},"modified":"2019-03-25T17:52:07","modified_gmt":"2019-03-25T17:52:07","slug":"kontakt","status":"publish","type":"page","link":"https:\/\/fn.se\/halmstad\/kontakt\/","title":{"rendered":"Kontakt oss"},"content":{"rendered":"<h2 class=\"intro\"><img loading=\"lazy\" decoding=\"async\" class=\" wp-image-70 alignright\" src=\"https:\/\/fn.se\/halmstad\/wp-content\/uploads\/sites\/16\/2019\/03\/Halmstads-FN-f\u00f6renings-logga-121x300.jpg\" alt=\"\" width=\"80\" height=\"198\" srcset=\"https:\/\/fn.se\/halmstad\/wp-content\/uploads\/sites\/16\/2019\/03\/Halmstads-FN-f\u00f6renings-logga-121x300.jpg 121w, https:\/\/fn.se\/halmstad\/wp-content\/uploads\/sites\/16\/2019\/03\/Halmstads-FN-f\u00f6renings-logga-413x1024.jpg 413w, https:\/\/fn.se\/halmstad\/wp-content\/uploads\/sites\/16\/2019\/03\/Halmstads-FN-f\u00f6renings-logga.jpg 489w\" sizes=\"auto, (max-width: 80px) 100vw, 80px\" \/><\/h2>\n<p><span style=\"color: #000000\">Denna<\/span> sida \u00e4r under uppdatering, under tiden kan ni n\u00e5 oss p\u00e5 f\u00f6ljande s\u00e4tt:<\/p>\n<p>Mejl: fnhalmstad@hotmail.com<\/p>\n<p>eller<\/p>\n<p>Telefon: 0708257521 (ordf\u00f6rande Vilma \u00c5berg)<\/p>\n<p>&nbsp;<\/p>\n<p class=\"intro\"><strong>Bes\u00f6k oss g\u00e4rna p\u00e5 n\u00e5gon av v\u00e5ra sociala medier<\/strong><\/p>\n<p class=\"intro\">Facebook: <a class=\"new-window\" href=\"https:\/\/www.facebook.com\/HalmstadFnForening?ref=bookmarks\" target=\"_blank\" rel=\"noopener\">Halmstads FN-f\u00f6rening<\/a><\/p>\n<p class=\"intro\">Instagram:\u00a0<a href=\"https:\/\/www.instagram.com\/halmstadfn\/\">halmstadfn<\/a><\/p>\n<h4><\/h4>\n","protected":false},"excerpt":{"rendered":"<p>Denna sida \u00e4r under uppdatering, under tiden kan ni n\u00e5 oss p\u00e5 f\u00f6ljande s\u00e4tt: Mejl: fnhalmstad@hotmail.com eller Telefon: 0708257521 (ordf\u00f6rande&hellip;<\/p>\n","protected":false},"author":1,"featured_media":0,"parent":0,"menu_order":0,"comment_status":"closed","ping_status":"closed","template":"templates\/template-sub.php","meta":{"_acf_changed":false,"footnotes":"","_links_to":"","_links_to_target":""},"class_list":["post-18","page","type-page","status-publish","hentry"],"acf":[],"_links":{"self":[{"href":"https:\/\/fn.se\/halmstad\/wp-json\/wp\/v2\/pages\/18","targetHints":{"allow":["GET"]}}],"collection":[{"href":"https:\/\/fn.se\/halmstad\/wp-json\/wp\/v2\/pages"}],"about":[{"href":"https:\/\/fn.se\/halmstad\/wp-json\/wp\/v2\/types\/page"}],"author":[{"embeddable":true,"href":"https:\/\/fn.se\/halmstad\/wp-json\/wp\/v2\/users\/1"}],"replies":[{"embeddable":true,"href":"https:\/\/fn.se\/halmstad\/wp-json\/wp\/v2\/comments?post=18"}],"version-history":[{"count":5,"href":"https:\/\/fn.se\/halmstad\/wp-json\/wp\/v2\/pages\/18\/revisions"}],"predecessor-version":[{"id":71,"href":"https:\/\/fn.se\/halmstad\/wp-json\/wp\/v2\/pages\/18\/revisions\/71"}],"wp:attachment":[{"href":"https:\/\/fn.se\/halmstad\/wp-json\/wp\/v2\/media?parent=18"}],"curies":[{"name":"wp","href":"https:\/\/api.w.org\/{rel}","templated":true}]}}