{"id":51,"date":"2022-04-08T09:10:32","date_gmt":"2022-04-08T09:10:32","guid":{"rendered":"https:\/\/fn.se\/goteborgs-och-bohus-fn-distrikt\/?page_id=51"},"modified":"2022-04-08T10:27:01","modified_gmt":"2022-04-08T10:27:01","slug":"kontakt","status":"publish","type":"page","link":"https:\/\/fn.se\/goteborgs-och-bohus-fn-distrikt\/kontakt\/","title":{"rendered":"Kontakt"},"content":{"rendered":"\n<p>G\u00f6teborgs och Bohusl\u00e4ns FN f\u00f6rening<\/p>\n\n\n\n<p>Mejl: <a href=\"mailto:info.goteborgsbohus.fndistrikt@gmail.com\">info.goteborgsbohus.fndistrikt@gmail.com<\/a><\/p>\n","protected":false},"excerpt":{"rendered":"<p>G\u00f6teborgs och Bohusl\u00e4ns FN f\u00f6rening Mejl: info.goteborgsbohus.fndistrikt@gmail.com<\/p>\n","protected":false},"author":245,"featured_media":0,"parent":0,"menu_order":0,"comment_status":"closed","ping_status":"closed","template":"","meta":{"_acf_changed":false,"footnotes":"","_links_to":"","_links_to_target":""},"class_list":["post-51","page","type-page","status-publish","hentry"],"acf":[],"_links":{"self":[{"href":"https:\/\/fn.se\/goteborgs-och-bohus-fn-distrikt\/wp-json\/wp\/v2\/pages\/51","targetHints":{"allow":["GET"]}}],"collection":[{"href":"https:\/\/fn.se\/goteborgs-och-bohus-fn-distrikt\/wp-json\/wp\/v2\/pages"}],"about":[{"href":"https:\/\/fn.se\/goteborgs-och-bohus-fn-distrikt\/wp-json\/wp\/v2\/types\/page"}],"author":[{"embeddable":true,"href":"https:\/\/fn.se\/goteborgs-och-bohus-fn-distrikt\/wp-json\/wp\/v2\/users\/245"}],"replies":[{"embeddable":true,"href":"https:\/\/fn.se\/goteborgs-och-bohus-fn-distrikt\/wp-json\/wp\/v2\/comments?post=51"}],"version-history":[{"count":4,"href":"https:\/\/fn.se\/goteborgs-och-bohus-fn-distrikt\/wp-json\/wp\/v2\/pages\/51\/revisions"}],"predecessor-version":[{"id":76,"href":"https:\/\/fn.se\/goteborgs-och-bohus-fn-distrikt\/wp-json\/wp\/v2\/pages\/51\/revisions\/76"}],"wp:attachment":[{"href":"https:\/\/fn.se\/goteborgs-och-bohus-fn-distrikt\/wp-json\/wp\/v2\/media?parent=51"}],"curies":[{"name":"wp","href":"https:\/\/api.w.org\/{rel}","templated":true}]}}